{"id":13,"date":"2012-11-18T15:03:37","date_gmt":"2012-11-18T14:03:37","guid":{"rendered":"http:\/\/www.vrtec-litija.si\/medvedek\/?page_id=9"},"modified":"2021-02-07T15:59:52","modified_gmt":"2021-02-07T14:59:52","slug":"sodelovanja","status":"publish","type":"page","link":"https:\/\/vrtec-litija.si\/tacek\/sodelovanja\/","title":{"rendered":"Sodelovanja"},"content":{"rendered":"\t\t<div data-elementor-type=\"wp-page\" data-elementor-id=\"13\" class=\"elementor elementor-13\">\n\t\t\t\t\t\t<div class=\"elementor-inner\">\n\t\t\t\t<div class=\"elementor-section-wrap\">\n\t\t\t\t\t\t\t\t\t<section class=\"elementor-section elementor-top-section elementor-element elementor-element-c18fda7 elementor-reverse-mobile elementor-section-boxed elementor-section-height-default elementor-section-height-default\" data-id=\"c18fda7\" data-element_type=\"section\">\n\t\t\t\t\t\t<div class=\"elementor-container elementor-column-gap-default\">\n\t\t\t\t\t\t\t<div class=\"elementor-row\">\n\t\t\t\t\t<div class=\"elementor-column elementor-col-50 elementor-top-column elementor-element elementor-element-86ba501\" data-id=\"86ba501\" data-element_type=\"column\">\n\t\t\t<div class=\"elementor-column-wrap elementor-element-populated\">\n\t\t\t\t\t\t\t<div class=\"elementor-widget-wrap\">\n\t\t\t\t\t\t<div class=\"elementor-element elementor-element-951a79a elementor-widget__width-auto elementor-widget elementor-widget-image\" data-id=\"951a79a\" data-element_type=\"widget\" data-widget_type=\"image.default\">\n\t\t\t\t<div class=\"elementor-widget-container\">\n\t\t\t\t\t\t\t\t<div class=\"elementor-image\">\n\t\t\t\t\t\t\t\t\t\t\t\t<img decoding=\"async\" width=\"78\" height=\"80\" src=\"https:\/\/vrtec-litija.si\/tacek\/wp-content\/uploads\/sites\/6\/2021\/01\/vrtec-litija-enote__tacek.png\" class=\"attachment-full size-full wp-image-4333\" alt=\"\" loading=\"lazy\" \/>\t\t\t\t\t\t\t\t\t\t\t\t\t\t<\/div>\n\t\t\t\t\t\t<\/div>\n\t\t\t\t<\/div>\n\t\t\t\t<section class=\"elementor-section elementor-inner-section elementor-element elementor-element-1327b8e elementor-section-full_width elementor-section-content-middle elementor-section-height-default elementor-section-height-default\" data-id=\"1327b8e\" data-element_type=\"section\" data-settings=\"{&quot;background_background&quot;:&quot;classic&quot;}\">\n\t\t\t\t\t\t<div class=\"elementor-container elementor-column-gap-no\">\n\t\t\t\t\t\t\t<div class=\"elementor-row\">\n\t\t\t\t\t<div class=\"elementor-column elementor-col-100 elementor-inner-column elementor-element elementor-element-54f0f5c\" data-id=\"54f0f5c\" data-element_type=\"column\">\n\t\t\t<div class=\"elementor-column-wrap elementor-element-populated\">\n\t\t\t\t\t\t\t<div class=\"elementor-widget-wrap\">\n\t\t\t\t\t\t<div class=\"elementor-element elementor-element-a7aa1bc elementor-widget elementor-widget-heading\" data-id=\"a7aa1bc\" data-element_type=\"widget\" data-widget_type=\"heading.default\">\n\t\t\t\t<div class=\"elementor-widget-container\">\n\t\t\t<p class=\"elementor-heading-title elementor-size-default\">Enota Ta\u010dek<\/p>\t\t<\/div>\n\t\t\t\t<\/div>\n\t\t\t\t<div class=\"elementor-element elementor-element-af9586b hover-link-orange  elementor-widget elementor-widget-text-editor\" data-id=\"af9586b\" data-element_type=\"widget\" data-widget_type=\"text-editor.default\">\n\t\t\t\t<div class=\"elementor-widget-container\">\n\t\t\t\t\t\t\t\t<div class=\"elementor-text-editor elementor-clearfix\">\n\t\t\t\t<p><a href=\"https:\/\/goo.gl\/maps\/Kau2shtmpGiyqHFi7\" target=\"_blank\" rel=\"noopener\"><span style=\"color: #333333;\">Spodnji Hoti\u010d 26 <br \/>1270 Litija<br \/><\/span><\/a>Telefon: <span style=\"text-decoration: underline;\"><a href=\"tel:0038618989052\">01 898 90 52<\/a><\/span><span style=\"text-decoration: underline;\"><br \/><\/span>E-po\u0161ta: <span style=\"text-decoration: underline;\"><a href=\"http:\/\/www.vrtec-litija.si\/tacek\/mailtotacek@vrtec-litija.si\">tacek@vrtec-litija.si<\/a><\/span><\/p>\t\t\t\t\t<\/div>\n\t\t\t\t\t\t<\/div>\n\t\t\t\t<\/div>\n\t\t\t\t<div class=\"elementor-element elementor-element-7fbddee hover-link-orange  elementor-widget elementor-widget-text-editor\" data-id=\"7fbddee\" data-element_type=\"widget\" data-widget_type=\"text-editor.default\">\n\t\t\t\t<div class=\"elementor-widget-container\">\n\t\t\t\t\t\t\t\t<div class=\"elementor-text-editor elementor-clearfix\">\n\t\t\t\t<p>Vodja enote: <br \/><strong>Mojca Gro\u0161elj Radulovi\u010d<\/strong><\/p>\t\t\t\t\t<\/div>\n\t\t\t\t\t\t<\/div>\n\t\t\t\t<\/div>\n\t\t\t\t\t\t<\/div>\n\t\t\t\t\t<\/div>\n\t\t<\/div>\n\t\t\t\t\t\t\t\t<\/div>\n\t\t\t\t\t<\/div>\n\t\t<\/section>\n\t\t\t\t<section class=\"elementor-section elementor-inner-section elementor-element elementor-element-a283652 elementor-section-full_width elementor-hidden-tablet elementor-hidden-phone elementor-section-height-default elementor-section-height-default\" data-id=\"a283652\" data-element_type=\"section\" data-settings=\"{&quot;background_background&quot;:&quot;classic&quot;}\">\n\t\t\t\t\t\t<div class=\"elementor-container elementor-column-gap-no\">\n\t\t\t\t\t\t\t<div class=\"elementor-row\">\n\t\t\t\t\t<div class=\"elementor-column elementor-col-100 elementor-inner-column elementor-element elementor-element-805b597\" data-id=\"805b597\" data-element_type=\"column\">\n\t\t\t<div class=\"elementor-column-wrap\">\n\t\t\t\t\t\t\t<div class=\"elementor-widget-wrap\">\n\t\t\t\t\t\t\t\t<\/div>\n\t\t\t\t\t<\/div>\n\t\t<\/div>\n\t\t\t\t\t\t\t\t<\/div>\n\t\t\t\t\t<\/div>\n\t\t<\/section>\n\t\t\t\t\t\t<\/div>\n\t\t\t\t\t<\/div>\n\t\t<\/div>\n\t\t\t\t<div class=\"elementor-column elementor-col-50 elementor-top-column elementor-element elementor-element-6acb009\" data-id=\"6acb009\" data-element_type=\"column\">\n\t\t\t<div class=\"elementor-column-wrap elementor-element-populated\">\n\t\t\t\t\t\t\t<div class=\"elementor-widget-wrap\">\n\t\t\t\t\t\t<div class=\"elementor-element elementor-element-d67e827 elementor-nav-menu--dropdown-none nav-meni-tab-style elementor-widget__width-auto elementor-hidden-phone elementor-widget elementor-widget-nav-menu\" data-id=\"d67e827\" data-element_type=\"widget\" data-settings=\"{&quot;layout&quot;:&quot;horizontal&quot;,&quot;submenu_icon&quot;:{&quot;value&quot;:&quot;&lt;i class=\\&quot;fas fa-caret-down\\&quot;&gt;&lt;\\\/i&gt;&quot;,&quot;library&quot;:&quot;fa-solid&quot;}}\" data-widget_type=\"nav-menu.default\">\n\t\t\t\t<div class=\"elementor-widget-container\">\n\t\t\t\t\t\t<nav migration_allowed=\"1\" migrated=\"0\" class=\"elementor-nav-menu--main elementor-nav-menu__container elementor-nav-menu--layout-horizontal e--pointer-background e--animation-none\">\n\t\t\t\t<ul id=\"menu-1-d67e827\" class=\"elementor-nav-menu\"><li class=\"menu-item menu-item-type-post_type menu-item-object-page current_page_parent menu-item-3825\"><a href=\"https:\/\/vrtec-litija.si\/tacek\/novice\/\" class=\"elementor-item\">Novice<\/a><\/li>\n<li class=\"menu-item menu-item-type-post_type menu-item-object-page menu-item-home menu-item-3826\"><a href=\"https:\/\/vrtec-litija.si\/tacek\/\" class=\"elementor-item\">Predstavitev<\/a><\/li>\n<li class=\"menu-item menu-item-type-post_type menu-item-object-page menu-item-3827\"><a href=\"https:\/\/vrtec-litija.si\/tacek\/zaposleni\/\" class=\"elementor-item\">Zaposleni<\/a><\/li>\n<li class=\"menu-item menu-item-type-post_type menu-item-object-page menu-item-3829\"><a href=\"https:\/\/vrtec-litija.si\/tacek\/fotogalerija\/\" class=\"elementor-item\">Fotogalerija<\/a><\/li>\n<li class=\"menu-item menu-item-type-post_type menu-item-object-page menu-item-3828\"><a href=\"https:\/\/vrtec-litija.si\/tacek\/sodelovanja\/\" class=\"elementor-item\">Sodelovanja<\/a><\/li>\n<\/ul>\t\t\t<\/nav>\n\t\t\t\t\t\t<nav class=\"elementor-nav-menu--dropdown elementor-nav-menu__container\" aria-hidden=\"true\">\n\t\t\t\t<ul id=\"menu-2-d67e827\" class=\"elementor-nav-menu\"><li class=\"menu-item menu-item-type-post_type menu-item-object-page current_page_parent menu-item-3825\"><a href=\"https:\/\/vrtec-litija.si\/tacek\/novice\/\" class=\"elementor-item\" tabindex=\"-1\">Novice<\/a><\/li>\n<li class=\"menu-item menu-item-type-post_type menu-item-object-page menu-item-home menu-item-3826\"><a href=\"https:\/\/vrtec-litija.si\/tacek\/\" class=\"elementor-item\" tabindex=\"-1\">Predstavitev<\/a><\/li>\n<li class=\"menu-item menu-item-type-post_type menu-item-object-page menu-item-3827\"><a href=\"https:\/\/vrtec-litija.si\/tacek\/zaposleni\/\" class=\"elementor-item\" tabindex=\"-1\">Zaposleni<\/a><\/li>\n<li class=\"menu-item menu-item-type-post_type menu-item-object-page menu-item-3829\"><a href=\"https:\/\/vrtec-litija.si\/tacek\/fotogalerija\/\" class=\"elementor-item\" tabindex=\"-1\">Fotogalerija<\/a><\/li>\n<li class=\"menu-item menu-item-type-post_type menu-item-object-page menu-item-3828\"><a href=\"https:\/\/vrtec-litija.si\/tacek\/sodelovanja\/\" class=\"elementor-item\" tabindex=\"-1\">Sodelovanja<\/a><\/li>\n<\/ul>\t\t\t<\/nav>\n\t\t\t\t<\/div>\n\t\t\t\t<\/div>\n\t\t\t\t<div class=\"elementor-element elementor-element-af0773a elementor-widget elementor-widget-text-editor\" data-id=\"af0773a\" data-element_type=\"widget\" data-widget_type=\"text-editor.default\">\n\t\t\t\t<div class=\"elementor-widget-container\">\n\t\t\t\t\t\t\t\t<div class=\"elementor-text-editor elementor-clearfix\">\n\t\t\t\t<p><strong>Sodelovanje s star\u0161i<\/strong><\/p><ul><li>Kostanjev piknik<\/li><li>Ta\u010dkovi izleti<\/li><li>Novoletna \u010dajanka<\/li><li>Pustni \u017eiv-\u017eav<\/li><\/ul>\t\t\t\t\t<\/div>\n\t\t\t\t\t\t<\/div>\n\t\t\t\t<\/div>\n\t\t\t\t<div class=\"elementor-element elementor-element-eb4f85e elementor-widget elementor-widget-text-editor\" data-id=\"eb4f85e\" data-element_type=\"widget\" data-widget_type=\"text-editor.default\">\n\t\t\t\t<div class=\"elementor-widget-container\">\n\t\t\t\t\t\t\t\t<div class=\"elementor-text-editor elementor-clearfix\">\n\t\t\t\t<p><strong>Sodelovanje z okoljem<\/strong><\/p><ul><li>Gasilci: vaja evakuacije,\u00a0predstavitev gasilskih vozil in opreme, spremljanje pri prehodu \u010dez cesto, sodelovanje pri organizaciji prireditev, dejavnosti z vodo<\/li><li>ZD Litija: obisk medicinske sestre<\/li><li>PO\u0160 Hoti\u010d in KS Hoti\u010d: nastop ob novem letu in materinskem dnevu<\/li><li>Knji\u017enica Litija: ura pravljic, obisk knji\u017enice<\/li><\/ul>\t\t\t\t\t<\/div>\n\t\t\t\t\t\t<\/div>\n\t\t\t\t<\/div>\n\t\t\t\t<div class=\"elementor-element elementor-element-ef2d493 elementor-widget elementor-widget-text-editor\" data-id=\"ef2d493\" data-element_type=\"widget\" data-widget_type=\"text-editor.default\">\n\t\t\t\t<div class=\"elementor-widget-container\">\n\t\t\t\t\t\t\t\t<div class=\"elementor-text-editor elementor-clearfix\">\n\t\t\t\t<p><strong>Obogatitveni program<\/strong><\/p><ul><li>Lutkovne in igrane igre v izvedbi vzgojnega osebja<\/li><li>Nastop otrok v Gasilskem domu ob novem letu in materinskem dnevu<\/li><li>Ogled jesenskih opravil, obisk tetke Jeseni<\/li><li>Obisk knji\u017enice<\/li><\/ul>\t\t\t\t\t<\/div>\n\t\t\t\t\t\t<\/div>\n\t\t\t\t<\/div>\n\t\t\t\t<div class=\"elementor-element elementor-element-52400aa elementor-nav-menu--dropdown-none nav-meni-tab-style__mobile elementor-widget__width-auto elementor-widget-mobile__width-inherit elementor-hidden-desktop elementor-hidden-tablet elementor-widget elementor-widget-nav-menu\" data-id=\"52400aa\" data-element_type=\"widget\" data-settings=\"{&quot;layout&quot;:&quot;vertical&quot;,&quot;submenu_icon&quot;:{&quot;value&quot;:&quot;&lt;i class=\\&quot;fas fa-caret-down\\&quot;&gt;&lt;\\\/i&gt;&quot;,&quot;library&quot;:&quot;fa-solid&quot;}}\" data-widget_type=\"nav-menu.default\">\n\t\t\t\t<div class=\"elementor-widget-container\">\n\t\t\t\t\t\t<nav migration_allowed=\"1\" migrated=\"0\" class=\"elementor-nav-menu--main elementor-nav-menu__container elementor-nav-menu--layout-vertical e--pointer-background e--animation-none\">\n\t\t\t\t<ul id=\"menu-1-52400aa\" class=\"elementor-nav-menu sm-vertical\"><li class=\"menu-item menu-item-type-post_type menu-item-object-page current_page_parent menu-item-3825\"><a href=\"https:\/\/vrtec-litija.si\/tacek\/novice\/\" class=\"elementor-item\">Novice<\/a><\/li>\n<li class=\"menu-item menu-item-type-post_type menu-item-object-page menu-item-home menu-item-3826\"><a href=\"https:\/\/vrtec-litija.si\/tacek\/\" class=\"elementor-item\">Predstavitev<\/a><\/li>\n<li class=\"menu-item menu-item-type-post_type menu-item-object-page menu-item-3827\"><a href=\"https:\/\/vrtec-litija.si\/tacek\/zaposleni\/\" class=\"elementor-item\">Zaposleni<\/a><\/li>\n<li class=\"menu-item menu-item-type-post_type menu-item-object-page menu-item-3829\"><a href=\"https:\/\/vrtec-litija.si\/tacek\/fotogalerija\/\" class=\"elementor-item\">Fotogalerija<\/a><\/li>\n<li class=\"menu-item menu-item-type-post_type menu-item-object-page menu-item-3828\"><a href=\"https:\/\/vrtec-litija.si\/tacek\/sodelovanja\/\" class=\"elementor-item\">Sodelovanja<\/a><\/li>\n<\/ul>\t\t\t<\/nav>\n\t\t\t\t\t\t<nav class=\"elementor-nav-menu--dropdown elementor-nav-menu__container\" aria-hidden=\"true\">\n\t\t\t\t<ul id=\"menu-2-52400aa\" class=\"elementor-nav-menu sm-vertical\"><li class=\"menu-item menu-item-type-post_type menu-item-object-page current_page_parent menu-item-3825\"><a href=\"https:\/\/vrtec-litija.si\/tacek\/novice\/\" class=\"elementor-item\" tabindex=\"-1\">Novice<\/a><\/li>\n<li class=\"menu-item menu-item-type-post_type menu-item-object-page menu-item-home menu-item-3826\"><a href=\"https:\/\/vrtec-litija.si\/tacek\/\" class=\"elementor-item\" tabindex=\"-1\">Predstavitev<\/a><\/li>\n<li class=\"menu-item menu-item-type-post_type menu-item-object-page menu-item-3827\"><a href=\"https:\/\/vrtec-litija.si\/tacek\/zaposleni\/\" class=\"elementor-item\" tabindex=\"-1\">Zaposleni<\/a><\/li>\n<li class=\"menu-item menu-item-type-post_type menu-item-object-page menu-item-3829\"><a href=\"https:\/\/vrtec-litija.si\/tacek\/fotogalerija\/\" class=\"elementor-item\" tabindex=\"-1\">Fotogalerija<\/a><\/li>\n<li class=\"menu-item menu-item-type-post_type menu-item-object-page menu-item-3828\"><a href=\"https:\/\/vrtec-litija.si\/tacek\/sodelovanja\/\" class=\"elementor-item\" tabindex=\"-1\">Sodelovanja<\/a><\/li>\n<\/ul>\t\t\t<\/nav>\n\t\t\t\t<\/div>\n\t\t\t\t<\/div>\n\t\t\t\t\t\t<\/div>\n\t\t\t\t\t<\/div>\n\t\t<\/div>\n\t\t\t\t\t\t\t\t<\/div>\n\t\t\t\t\t<\/div>\n\t\t<\/section>\n\t\t\t\t\t\t\t\t\t<\/div>\n\t\t\t<\/div>\n\t\t\t\t\t<\/div>\n\t\t","protected":false},"excerpt":{"rendered":"Enota Ta\u010dek Spodnji Hoti\u010d 26 1270 LitijaTelefon: 01 898 90 52E-po\u0161ta: tacek@vrtec-litija.si Vodja enote: Mojca Gro\u0161elj Radulovi\u010d Sodelovanje s star\u0161i Kostanjev piknik Ta\u010dkovi izleti Novoletna \u010dajanka Pustni \u017eiv-\u017eav Sodelovanje z okoljem Gasilci: vaja evakuacije,\u00a0predstavitev gasilskih vozil in opreme, spremljanje pri prehodu \u010dez cesto, sodelovanje pri organizaciji prireditev, dejavnosti z vodo ZD Litija: obisk medicinske sestre &#8230;","protected":false},"author":1,"featured_media":0,"parent":0,"menu_order":4,"comment_status":"closed","ping_status":"closed","template":"","meta":[],"yoast_head":"<!-- This site is optimized with the Yoast SEO plugin v20.6 - https:\/\/yoast.com\/wordpress\/plugins\/seo\/ -->\n<title>Sodelovanja - Enota Tacek<\/title>\n<meta name=\"robots\" content=\"index, follow, max-snippet:-1, max-image-preview:large, max-video-preview:-1\" \/>\n<link rel=\"canonical\" href=\"https:\/\/vrtec-litija.si\/tacek\/sodelovanja\/\" \/>\n<meta property=\"og:locale\" content=\"sl_SI\" \/>\n<meta property=\"og:type\" content=\"article\" \/>\n<meta property=\"og:title\" content=\"Sodelovanja - Enota Tacek\" \/>\n<meta property=\"og:description\" content=\"Enota Ta\u010dek Spodnji Hoti\u010d 26 1270 LitijaTelefon: 01 898 90 52E-po\u0161ta: tacek@vrtec-litija.si Vodja enote: Mojca Gro\u0161elj Radulovi\u010d Sodelovanje s star\u0161i Kostanjev piknik Ta\u010dkovi izleti Novoletna \u010dajanka Pustni \u017eiv-\u017eav Sodelovanje z okoljem Gasilci: vaja evakuacije,\u00a0predstavitev gasilskih vozil in opreme, spremljanje pri prehodu \u010dez cesto, sodelovanje pri organizaciji prireditev, dejavnosti z vodo ZD Litija: obisk medicinske sestre ...\" \/>\n<meta property=\"og:url\" content=\"https:\/\/vrtec-litija.si\/tacek\/sodelovanja\/\" \/>\n<meta property=\"og:site_name\" content=\"Enota Tacek\" \/>\n<meta property=\"article:modified_time\" content=\"2021-02-07T14:59:52+00:00\" \/>\n<meta property=\"og:image\" content=\"https:\/\/vrtec-litija.si\/tacek\/wp-content\/uploads\/sites\/6\/2021\/01\/vrtec-litija-enote__tacek.png\" \/>\n<meta name=\"twitter:card\" content=\"summary_large_image\" \/>\n<meta name=\"twitter:label1\" content=\"Est. reading time\" \/>\n\t<meta name=\"twitter:data1\" content=\"1 minuta\" \/>\n<script type=\"application\/ld+json\" class=\"yoast-schema-graph\">{\"@context\":\"https:\/\/schema.org\",\"@graph\":[{\"@type\":\"WebPage\",\"@id\":\"https:\/\/vrtec-litija.si\/tacek\/sodelovanja\/\",\"url\":\"https:\/\/vrtec-litija.si\/tacek\/sodelovanja\/\",\"name\":\"Sodelovanja - Enota Tacek\",\"isPartOf\":{\"@id\":\"https:\/\/vrtec-litija.si\/tacek\/#website\"},\"datePublished\":\"2012-11-18T14:03:37+00:00\",\"dateModified\":\"2021-02-07T14:59:52+00:00\",\"inLanguage\":\"sl-SI\",\"potentialAction\":[{\"@type\":\"ReadAction\",\"target\":[\"https:\/\/vrtec-litija.si\/tacek\/sodelovanja\/\"]}]},{\"@type\":\"WebSite\",\"@id\":\"https:\/\/vrtec-litija.si\/tacek\/#website\",\"url\":\"https:\/\/vrtec-litija.si\/tacek\/\",\"name\":\"Enota Tacek\",\"description\":\"Vrtec Litija Tacek\",\"publisher\":{\"@id\":\"https:\/\/vrtec-litija.si\/tacek\/#organization\"},\"potentialAction\":[{\"@type\":\"SearchAction\",\"target\":{\"@type\":\"EntryPoint\",\"urlTemplate\":\"https:\/\/vrtec-litija.si\/tacek\/?s={search_term_string}\"},\"query-input\":\"required name=search_term_string\"}],\"inLanguage\":\"sl-SI\"},{\"@type\":\"Organization\",\"@id\":\"https:\/\/vrtec-litija.si\/tacek\/#organization\",\"name\":\"Vrtec Litija - Enota Ta\u010dek\",\"url\":\"https:\/\/vrtec-litija.si\/tacek\/\",\"logo\":{\"@type\":\"ImageObject\",\"inLanguage\":\"sl-SI\",\"@id\":\"https:\/\/vrtec-litija.si\/tacek\/#\/schema\/logo\/image\/\",\"url\":\"https:\/\/vrtec-litija.si\/tacek\/wp-content\/uploads\/sites\/6\/2021\/01\/vrtec-litija-logo.png\",\"contentUrl\":\"https:\/\/vrtec-litija.si\/tacek\/wp-content\/uploads\/sites\/6\/2021\/01\/vrtec-litija-logo.png\",\"width\":300,\"height\":298,\"caption\":\"Vrtec Litija - Enota Ta\u010dek\"},\"image\":{\"@id\":\"https:\/\/vrtec-litija.si\/tacek\/#\/schema\/logo\/image\/\"}}]}<\/script>\n<!-- \/ Yoast SEO plugin. -->","yoast_head_json":{"title":"Sodelovanja - Enota Tacek","robots":{"index":"index","follow":"follow","max-snippet":"max-snippet:-1","max-image-preview":"max-image-preview:large","max-video-preview":"max-video-preview:-1"},"canonical":"https:\/\/vrtec-litija.si\/tacek\/sodelovanja\/","og_locale":"sl_SI","og_type":"article","og_title":"Sodelovanja - Enota Tacek","og_description":"Enota Ta\u010dek Spodnji Hoti\u010d 26 1270 LitijaTelefon: 01 898 90 52E-po\u0161ta: tacek@vrtec-litija.si Vodja enote: Mojca Gro\u0161elj Radulovi\u010d Sodelovanje s star\u0161i Kostanjev piknik Ta\u010dkovi izleti Novoletna \u010dajanka Pustni \u017eiv-\u017eav Sodelovanje z okoljem Gasilci: vaja evakuacije,\u00a0predstavitev gasilskih vozil in opreme, spremljanje pri prehodu \u010dez cesto, sodelovanje pri organizaciji prireditev, dejavnosti z vodo ZD Litija: obisk medicinske sestre ...","og_url":"https:\/\/vrtec-litija.si\/tacek\/sodelovanja\/","og_site_name":"Enota Tacek","article_modified_time":"2021-02-07T14:59:52+00:00","og_image":[{"url":"https:\/\/vrtec-litija.si\/tacek\/wp-content\/uploads\/sites\/6\/2021\/01\/vrtec-litija-enote__tacek.png"}],"twitter_card":"summary_large_image","twitter_misc":{"Est. reading time":"1 minuta"},"schema":{"@context":"https:\/\/schema.org","@graph":[{"@type":"WebPage","@id":"https:\/\/vrtec-litija.si\/tacek\/sodelovanja\/","url":"https:\/\/vrtec-litija.si\/tacek\/sodelovanja\/","name":"Sodelovanja - Enota Tacek","isPartOf":{"@id":"https:\/\/vrtec-litija.si\/tacek\/#website"},"datePublished":"2012-11-18T14:03:37+00:00","dateModified":"2021-02-07T14:59:52+00:00","inLanguage":"sl-SI","potentialAction":[{"@type":"ReadAction","target":["https:\/\/vrtec-litija.si\/tacek\/sodelovanja\/"]}]},{"@type":"WebSite","@id":"https:\/\/vrtec-litija.si\/tacek\/#website","url":"https:\/\/vrtec-litija.si\/tacek\/","name":"Enota Tacek","description":"Vrtec Litija Tacek","publisher":{"@id":"https:\/\/vrtec-litija.si\/tacek\/#organization"},"potentialAction":[{"@type":"SearchAction","target":{"@type":"EntryPoint","urlTemplate":"https:\/\/vrtec-litija.si\/tacek\/?s={search_term_string}"},"query-input":"required name=search_term_string"}],"inLanguage":"sl-SI"},{"@type":"Organization","@id":"https:\/\/vrtec-litija.si\/tacek\/#organization","name":"Vrtec Litija - Enota Ta\u010dek","url":"https:\/\/vrtec-litija.si\/tacek\/","logo":{"@type":"ImageObject","inLanguage":"sl-SI","@id":"https:\/\/vrtec-litija.si\/tacek\/#\/schema\/logo\/image\/","url":"https:\/\/vrtec-litija.si\/tacek\/wp-content\/uploads\/sites\/6\/2021\/01\/vrtec-litija-logo.png","contentUrl":"https:\/\/vrtec-litija.si\/tacek\/wp-content\/uploads\/sites\/6\/2021\/01\/vrtec-litija-logo.png","width":300,"height":298,"caption":"Vrtec Litija - Enota Ta\u010dek"},"image":{"@id":"https:\/\/vrtec-litija.si\/tacek\/#\/schema\/logo\/image\/"}}]}},"_links":{"self":[{"href":"https:\/\/vrtec-litija.si\/tacek\/wp-json\/wp\/v2\/pages\/13"}],"collection":[{"href":"https:\/\/vrtec-litija.si\/tacek\/wp-json\/wp\/v2\/pages"}],"about":[{"href":"https:\/\/vrtec-litija.si\/tacek\/wp-json\/wp\/v2\/types\/page"}],"author":[{"embeddable":true,"href":"https:\/\/vrtec-litija.si\/tacek\/wp-json\/wp\/v2\/users\/1"}],"replies":[{"embeddable":true,"href":"https:\/\/vrtec-litija.si\/tacek\/wp-json\/wp\/v2\/comments?post=13"}],"version-history":[{"count":6,"href":"https:\/\/vrtec-litija.si\/tacek\/wp-json\/wp\/v2\/pages\/13\/revisions"}],"predecessor-version":[{"id":4430,"href":"https:\/\/vrtec-litija.si\/tacek\/wp-json\/wp\/v2\/pages\/13\/revisions\/4430"}],"wp:attachment":[{"href":"https:\/\/vrtec-litija.si\/tacek\/wp-json\/wp\/v2\/media?parent=13"}],"curies":[{"name":"wp","href":"https:\/\/api.w.org\/{rel}","templated":true}]}}