{"id":11,"date":"2012-11-18T15:02:05","date_gmt":"2012-11-18T14:02:05","guid":{"rendered":"http:\/\/www.vrtec-litija.si\/medvedek\/?page_id=5"},"modified":"2024-10-20T20:21:45","modified_gmt":"2024-10-20T19:21:45","slug":"predstavitev","status":"publish","type":"page","link":"https:\/\/vrtec-litija.si\/soncek\/","title":{"rendered":"Predstavitev"},"content":{"rendered":"\t\t<div data-elementor-type=\"wp-page\" data-elementor-id=\"11\" class=\"elementor elementor-11\">\n\t\t\t\t\t\t<div class=\"elementor-inner\">\n\t\t\t\t<div class=\"elementor-section-wrap\">\n\t\t\t\t\t\t\t\t\t<section class=\"elementor-section elementor-top-section elementor-element elementor-element-b80981a elementor-reverse-mobile elementor-section-boxed elementor-section-height-default elementor-section-height-default\" data-id=\"b80981a\" data-element_type=\"section\">\n\t\t\t\t\t\t<div class=\"elementor-container elementor-column-gap-default\">\n\t\t\t\t\t\t\t<div class=\"elementor-row\">\n\t\t\t\t\t<div class=\"elementor-column elementor-col-50 elementor-top-column elementor-element elementor-element-84d799a\" data-id=\"84d799a\" data-element_type=\"column\">\n\t\t\t<div class=\"elementor-column-wrap elementor-element-populated\">\n\t\t\t\t\t\t\t<div class=\"elementor-widget-wrap\">\n\t\t\t\t\t\t<div class=\"elementor-element elementor-element-04b25e7 elementor-widget__width-auto elementor-widget elementor-widget-image\" data-id=\"04b25e7\" data-element_type=\"widget\" data-widget_type=\"image.default\">\n\t\t\t\t<div class=\"elementor-widget-container\">\n\t\t\t\t\t\t\t\t<div class=\"elementor-image\">\n\t\t\t\t\t\t\t\t\t\t\t\t<img decoding=\"async\" width=\"87\" height=\"86\" src=\"https:\/\/vrtec-litija.si\/soncek\/wp-content\/uploads\/sites\/7\/2021\/01\/vrtec-litija-enote__soncek.png\" class=\"attachment-full size-full wp-image-4219\" alt=\"\" loading=\"lazy\" \/>\t\t\t\t\t\t\t\t\t\t\t\t\t\t<\/div>\n\t\t\t\t\t\t<\/div>\n\t\t\t\t<\/div>\n\t\t\t\t<section class=\"elementor-section elementor-inner-section elementor-element elementor-element-c7bbc81 elementor-section-full_width elementor-section-content-middle elementor-section-height-default elementor-section-height-default\" data-id=\"c7bbc81\" data-element_type=\"section\" data-settings=\"{&quot;background_background&quot;:&quot;classic&quot;}\">\n\t\t\t\t\t\t<div class=\"elementor-container elementor-column-gap-no\">\n\t\t\t\t\t\t\t<div class=\"elementor-row\">\n\t\t\t\t\t<div class=\"elementor-column elementor-col-100 elementor-inner-column elementor-element elementor-element-011b3e3\" data-id=\"011b3e3\" data-element_type=\"column\">\n\t\t\t<div class=\"elementor-column-wrap elementor-element-populated\">\n\t\t\t\t\t\t\t<div class=\"elementor-widget-wrap\">\n\t\t\t\t\t\t<div class=\"elementor-element elementor-element-cf041e1 elementor-widget elementor-widget-heading\" data-id=\"cf041e1\" data-element_type=\"widget\" data-widget_type=\"heading.default\">\n\t\t\t\t<div class=\"elementor-widget-container\">\n\t\t\t<p class=\"elementor-heading-title elementor-size-default\">Enota Son\u010dek<\/p>\t\t<\/div>\n\t\t\t\t<\/div>\n\t\t\t\t<div class=\"elementor-element elementor-element-904beab hover-link-orange  elementor-widget elementor-widget-text-editor\" data-id=\"904beab\" data-element_type=\"widget\" data-widget_type=\"text-editor.default\">\n\t\t\t\t<div class=\"elementor-widget-container\">\n\t\t\t\t\t\t\t\t<div class=\"elementor-text-editor elementor-clearfix\">\n\t\t\t\t<p><a href=\"https:\/\/goo.gl\/maps\/PeWKbAGrvohUwcSK9\" target=\"_blank\" rel=\"noopener\"><span style=\"color: #333333;\">Va\u010de 28a <br \/>1252 Va\u010de<br \/><\/span><\/a>Telefon: <span style=\"text-decoration: underline;\"><a href=\"tel:01 897 61 35\">01 897 61 35<\/a><\/span><br \/>E-po\u0161ta: <span style=\"text-decoration: underline;\"><a href=\"mailto:soncek@vrtec-litija.si\">soncek@vrtec-litija.si<\/a><\/span><\/p>\t\t\t\t\t<\/div>\n\t\t\t\t\t\t<\/div>\n\t\t\t\t<\/div>\n\t\t\t\t<div class=\"elementor-element elementor-element-80a54bb hover-link-orange  elementor-widget elementor-widget-text-editor\" data-id=\"80a54bb\" data-element_type=\"widget\" data-widget_type=\"text-editor.default\">\n\t\t\t\t<div class=\"elementor-widget-container\">\n\t\t\t\t\t\t\t\t<div class=\"elementor-text-editor elementor-clearfix\">\n\t\t\t\t<p>Vodja enote: <br \/><strong>Klara Udovi\u010d<\/strong><\/p>\t\t\t\t\t<\/div>\n\t\t\t\t\t\t<\/div>\n\t\t\t\t<\/div>\n\t\t\t\t\t\t<\/div>\n\t\t\t\t\t<\/div>\n\t\t<\/div>\n\t\t\t\t\t\t\t\t<\/div>\n\t\t\t\t\t<\/div>\n\t\t<\/section>\n\t\t\t\t<section class=\"elementor-section elementor-inner-section elementor-element elementor-element-e9c174a elementor-section-full_width elementor-hidden-tablet elementor-hidden-phone elementor-section-height-default elementor-section-height-default\" data-id=\"e9c174a\" data-element_type=\"section\" data-settings=\"{&quot;background_background&quot;:&quot;classic&quot;}\">\n\t\t\t\t\t\t<div class=\"elementor-container elementor-column-gap-no\">\n\t\t\t\t\t\t\t<div class=\"elementor-row\">\n\t\t\t\t\t<div class=\"elementor-column elementor-col-100 elementor-inner-column elementor-element elementor-element-744d76c\" data-id=\"744d76c\" data-element_type=\"column\">\n\t\t\t<div class=\"elementor-column-wrap\">\n\t\t\t\t\t\t\t<div class=\"elementor-widget-wrap\">\n\t\t\t\t\t\t\t\t<\/div>\n\t\t\t\t\t<\/div>\n\t\t<\/div>\n\t\t\t\t\t\t\t\t<\/div>\n\t\t\t\t\t<\/div>\n\t\t<\/section>\n\t\t\t\t\t\t<\/div>\n\t\t\t\t\t<\/div>\n\t\t<\/div>\n\t\t\t\t<div class=\"elementor-column elementor-col-50 elementor-top-column elementor-element elementor-element-ec3d38e\" data-id=\"ec3d38e\" data-element_type=\"column\">\n\t\t\t<div class=\"elementor-column-wrap elementor-element-populated\">\n\t\t\t\t\t\t\t<div class=\"elementor-widget-wrap\">\n\t\t\t\t\t\t<div class=\"elementor-element elementor-element-3ed8bf4 elementor-nav-menu--dropdown-none nav-meni-tab-style elementor-widget__width-auto elementor-hidden-phone elementor-widget elementor-widget-nav-menu\" data-id=\"3ed8bf4\" data-element_type=\"widget\" data-settings=\"{&quot;layout&quot;:&quot;horizontal&quot;,&quot;submenu_icon&quot;:{&quot;value&quot;:&quot;&lt;i class=\\&quot;fas fa-caret-down\\&quot;&gt;&lt;\\\/i&gt;&quot;,&quot;library&quot;:&quot;fa-solid&quot;}}\" data-widget_type=\"nav-menu.default\">\n\t\t\t\t<div class=\"elementor-widget-container\">\n\t\t\t\t\t\t<nav migration_allowed=\"1\" migrated=\"0\" class=\"elementor-nav-menu--main elementor-nav-menu__container elementor-nav-menu--layout-horizontal e--pointer-background e--animation-none\">\n\t\t\t\t<ul id=\"menu-1-3ed8bf4\" class=\"elementor-nav-menu\"><li class=\"menu-item menu-item-type-post_type menu-item-object-page current_page_parent menu-item-3825\"><a href=\"https:\/\/vrtec-litija.si\/soncek\/novice\/\" class=\"elementor-item\">Novice<\/a><\/li>\n<li class=\"menu-item menu-item-type-post_type menu-item-object-page menu-item-home menu-item-3826\"><a href=\"https:\/\/vrtec-litija.si\/soncek\/\" class=\"elementor-item\">Predstavitev<\/a><\/li>\n<li class=\"menu-item menu-item-type-post_type menu-item-object-page menu-item-3827\"><a href=\"https:\/\/vrtec-litija.si\/soncek\/zaposleni\/\" class=\"elementor-item\">Zaposleni<\/a><\/li>\n<li class=\"menu-item menu-item-type-post_type menu-item-object-page menu-item-3829\"><a href=\"https:\/\/vrtec-litija.si\/soncek\/fotogalerija\/\" class=\"elementor-item\">Fotogalerija<\/a><\/li>\n<li class=\"menu-item menu-item-type-post_type menu-item-object-page menu-item-3828\"><a href=\"https:\/\/vrtec-litija.si\/soncek\/sodelovanja\/\" class=\"elementor-item\">Sodelovanja<\/a><\/li>\n<\/ul>\t\t\t<\/nav>\n\t\t\t\t\t\t<nav class=\"elementor-nav-menu--dropdown elementor-nav-menu__container\" aria-hidden=\"true\">\n\t\t\t\t<ul id=\"menu-2-3ed8bf4\" class=\"elementor-nav-menu\"><li class=\"menu-item menu-item-type-post_type menu-item-object-page current_page_parent menu-item-3825\"><a href=\"https:\/\/vrtec-litija.si\/soncek\/novice\/\" class=\"elementor-item\" tabindex=\"-1\">Novice<\/a><\/li>\n<li class=\"menu-item menu-item-type-post_type menu-item-object-page menu-item-home menu-item-3826\"><a href=\"https:\/\/vrtec-litija.si\/soncek\/\" class=\"elementor-item\" tabindex=\"-1\">Predstavitev<\/a><\/li>\n<li class=\"menu-item menu-item-type-post_type menu-item-object-page menu-item-3827\"><a href=\"https:\/\/vrtec-litija.si\/soncek\/zaposleni\/\" class=\"elementor-item\" tabindex=\"-1\">Zaposleni<\/a><\/li>\n<li class=\"menu-item menu-item-type-post_type menu-item-object-page menu-item-3829\"><a href=\"https:\/\/vrtec-litija.si\/soncek\/fotogalerija\/\" class=\"elementor-item\" tabindex=\"-1\">Fotogalerija<\/a><\/li>\n<li class=\"menu-item menu-item-type-post_type menu-item-object-page menu-item-3828\"><a href=\"https:\/\/vrtec-litija.si\/soncek\/sodelovanja\/\" class=\"elementor-item\" tabindex=\"-1\">Sodelovanja<\/a><\/li>\n<\/ul>\t\t\t<\/nav>\n\t\t\t\t<\/div>\n\t\t\t\t<\/div>\n\t\t\t\t<div class=\"elementor-element elementor-element-5088970 elementor-widget elementor-widget-text-editor\" data-id=\"5088970\" data-element_type=\"widget\" data-widget_type=\"text-editor.default\">\n\t\t\t\t<div class=\"elementor-widget-container\">\n\t\t\t\t\t\t\t\t<div class=\"elementor-text-editor elementor-clearfix\">\n\t\t\t\t<p>V sredi\u0161\u010du Va\u010d, na nadmorski vi\u0161ini 520 metrov, se odmaknjena od mestnega hrupa in vrve\u017ea, nahaja enota Son\u010dek. V prostorih obnovljene osnovne \u0161ole je vrtec z dvema novima igralnicama, pokrito teraso za najmlaj\u0161e in otro\u0161kim igri\u0161\u010dem. Vrtec obiskujejo otroci v starosti od enega do \u0161est let, otroci so razporejeni v dva kombinirana oddelka.<\/p><p>S sodelovanjem z okoljem spoznavajo obi\u010daje, ki se prena\u0161ajo iz roda v rod in se u\u010dijo \u0161tevilnih pesmi, rim, iz\u0161tevank, ugank, \u0161aljivk, iger in plesov, ki so pre\u017eivele kot skupna dedi\u0161\u010dina skozi generacije. S prevozi v dolino se zagotovi povezanost tudi z ostalimi enotami Vrtca Litija, s katerimi sodelujejo na razli\u010dnih dejavnostih in prireditvah.<\/p><p>Va\u0161ko okolje, ki omogo\u010da, da otroci z raziskovanjem spoznavajo bli\u017enjo okolico ter se vklju\u010dujejo v vsakdanje \u017eivljenje krajevne skupnosti, predstavlja neprecenljivo bogastvo.<\/p>\t\t\t\t\t<\/div>\n\t\t\t\t\t\t<\/div>\n\t\t\t\t<\/div>\n\t\t\t\t<div class=\"elementor-element elementor-element-2f5cf82 elementor-nav-menu--dropdown-none nav-meni-tab-style__mobile elementor-widget__width-auto elementor-widget-mobile__width-inherit elementor-hidden-desktop elementor-hidden-tablet elementor-widget elementor-widget-nav-menu\" data-id=\"2f5cf82\" data-element_type=\"widget\" data-settings=\"{&quot;layout&quot;:&quot;vertical&quot;,&quot;submenu_icon&quot;:{&quot;value&quot;:&quot;&lt;i class=\\&quot;fas fa-caret-down\\&quot;&gt;&lt;\\\/i&gt;&quot;,&quot;library&quot;:&quot;fa-solid&quot;}}\" data-widget_type=\"nav-menu.default\">\n\t\t\t\t<div class=\"elementor-widget-container\">\n\t\t\t\t\t\t<nav migration_allowed=\"1\" migrated=\"0\" class=\"elementor-nav-menu--main elementor-nav-menu__container elementor-nav-menu--layout-vertical e--pointer-background e--animation-none\">\n\t\t\t\t<ul id=\"menu-1-2f5cf82\" class=\"elementor-nav-menu sm-vertical\"><li class=\"menu-item menu-item-type-post_type menu-item-object-page current_page_parent menu-item-3825\"><a href=\"https:\/\/vrtec-litija.si\/soncek\/novice\/\" class=\"elementor-item\">Novice<\/a><\/li>\n<li class=\"menu-item menu-item-type-post_type menu-item-object-page menu-item-home menu-item-3826\"><a href=\"https:\/\/vrtec-litija.si\/soncek\/\" class=\"elementor-item\">Predstavitev<\/a><\/li>\n<li class=\"menu-item menu-item-type-post_type menu-item-object-page menu-item-3827\"><a href=\"https:\/\/vrtec-litija.si\/soncek\/zaposleni\/\" class=\"elementor-item\">Zaposleni<\/a><\/li>\n<li class=\"menu-item menu-item-type-post_type menu-item-object-page menu-item-3829\"><a href=\"https:\/\/vrtec-litija.si\/soncek\/fotogalerija\/\" class=\"elementor-item\">Fotogalerija<\/a><\/li>\n<li class=\"menu-item menu-item-type-post_type menu-item-object-page menu-item-3828\"><a href=\"https:\/\/vrtec-litija.si\/soncek\/sodelovanja\/\" class=\"elementor-item\">Sodelovanja<\/a><\/li>\n<\/ul>\t\t\t<\/nav>\n\t\t\t\t\t\t<nav class=\"elementor-nav-menu--dropdown elementor-nav-menu__container\" aria-hidden=\"true\">\n\t\t\t\t<ul id=\"menu-2-2f5cf82\" class=\"elementor-nav-menu sm-vertical\"><li class=\"menu-item menu-item-type-post_type menu-item-object-page current_page_parent menu-item-3825\"><a href=\"https:\/\/vrtec-litija.si\/soncek\/novice\/\" class=\"elementor-item\" tabindex=\"-1\">Novice<\/a><\/li>\n<li class=\"menu-item menu-item-type-post_type menu-item-object-page menu-item-home menu-item-3826\"><a href=\"https:\/\/vrtec-litija.si\/soncek\/\" class=\"elementor-item\" tabindex=\"-1\">Predstavitev<\/a><\/li>\n<li class=\"menu-item menu-item-type-post_type menu-item-object-page menu-item-3827\"><a href=\"https:\/\/vrtec-litija.si\/soncek\/zaposleni\/\" class=\"elementor-item\" tabindex=\"-1\">Zaposleni<\/a><\/li>\n<li class=\"menu-item menu-item-type-post_type menu-item-object-page menu-item-3829\"><a href=\"https:\/\/vrtec-litija.si\/soncek\/fotogalerija\/\" class=\"elementor-item\" tabindex=\"-1\">Fotogalerija<\/a><\/li>\n<li class=\"menu-item menu-item-type-post_type menu-item-object-page menu-item-3828\"><a href=\"https:\/\/vrtec-litija.si\/soncek\/sodelovanja\/\" class=\"elementor-item\" tabindex=\"-1\">Sodelovanja<\/a><\/li>\n<\/ul>\t\t\t<\/nav>\n\t\t\t\t<\/div>\n\t\t\t\t<\/div>\n\t\t\t\t\t\t<\/div>\n\t\t\t\t\t<\/div>\n\t\t<\/div>\n\t\t\t\t\t\t\t\t<\/div>\n\t\t\t\t\t<\/div>\n\t\t<\/section>\n\t\t\t\t\t\t\t\t\t<\/div>\n\t\t\t<\/div>\n\t\t\t\t\t<\/div>\n\t\t","protected":false},"excerpt":{"rendered":"Enota Son\u010dek Va\u010de 28a 1252 Va\u010deTelefon: 01 897 61 35E-po\u0161ta: soncek@vrtec-litija.si Vodja enote: Klara Udovi\u010d V sredi\u0161\u010du Va\u010d, na nadmorski vi\u0161ini 520 metrov, se odmaknjena od mestnega hrupa in vrve\u017ea, nahaja enota Son\u010dek. V prostorih obnovljene osnovne \u0161ole je vrtec z dvema novima igralnicama, pokrito teraso za najmlaj\u0161e in otro\u0161kim igri\u0161\u010dem. Vrtec obiskujejo otroci v &#8230;","protected":false},"author":1,"featured_media":0,"parent":0,"menu_order":1,"comment_status":"closed","ping_status":"closed","template":"","meta":[],"yoast_head":"<!-- This site is optimized with the Yoast SEO plugin v20.6 - https:\/\/yoast.com\/wordpress\/plugins\/seo\/ -->\n<title>Predstavitev - Enota Soncek<\/title>\n<meta name=\"robots\" content=\"index, follow, max-snippet:-1, max-image-preview:large, max-video-preview:-1\" \/>\n<link rel=\"canonical\" href=\"https:\/\/vrtec-litija.si\/soncek\/\" \/>\n<meta property=\"og:locale\" content=\"sl_SI\" \/>\n<meta property=\"og:type\" content=\"article\" \/>\n<meta property=\"og:title\" content=\"Predstavitev - Enota Soncek\" \/>\n<meta property=\"og:description\" content=\"Enota Son\u010dek Va\u010de 28a 1252 Va\u010deTelefon: 01 897 61 35E-po\u0161ta: soncek@vrtec-litija.si Vodja enote: Klara Udovi\u010d V sredi\u0161\u010du Va\u010d, na nadmorski vi\u0161ini 520 metrov, se odmaknjena od mestnega hrupa in vrve\u017ea, nahaja enota Son\u010dek. V prostorih obnovljene osnovne \u0161ole je vrtec z dvema novima igralnicama, pokrito teraso za najmlaj\u0161e in otro\u0161kim igri\u0161\u010dem. Vrtec obiskujejo otroci v ...\" \/>\n<meta property=\"og:url\" content=\"https:\/\/vrtec-litija.si\/soncek\/\" \/>\n<meta property=\"og:site_name\" content=\"Enota Soncek\" \/>\n<meta property=\"article:modified_time\" content=\"2024-10-20T19:21:45+00:00\" \/>\n<meta property=\"og:image\" content=\"https:\/\/vrtec-litija.si\/soncek\/wp-content\/uploads\/sites\/7\/2021\/01\/vrtec-litija-enote__soncek.png\" \/>\n<meta name=\"twitter:card\" content=\"summary_large_image\" \/>\n<meta name=\"twitter:label1\" content=\"Est. reading time\" \/>\n\t<meta name=\"twitter:data1\" content=\"2 minuti\" \/>\n<script type=\"application\/ld+json\" class=\"yoast-schema-graph\">{\"@context\":\"https:\/\/schema.org\",\"@graph\":[{\"@type\":\"WebPage\",\"@id\":\"https:\/\/vrtec-litija.si\/soncek\/\",\"url\":\"https:\/\/vrtec-litija.si\/soncek\/\",\"name\":\"Predstavitev - Enota Soncek\",\"isPartOf\":{\"@id\":\"https:\/\/vrtec-litija.si\/soncek\/#website\"},\"datePublished\":\"2012-11-18T14:02:05+00:00\",\"dateModified\":\"2024-10-20T19:21:45+00:00\",\"inLanguage\":\"sl-SI\",\"potentialAction\":[{\"@type\":\"ReadAction\",\"target\":[\"https:\/\/vrtec-litija.si\/soncek\/\"]}]},{\"@type\":\"WebSite\",\"@id\":\"https:\/\/vrtec-litija.si\/soncek\/#website\",\"url\":\"https:\/\/vrtec-litija.si\/soncek\/\",\"name\":\"Enota Soncek\",\"description\":\"Vrtec Litija Soncek\",\"publisher\":{\"@id\":\"https:\/\/vrtec-litija.si\/soncek\/#organization\"},\"potentialAction\":[{\"@type\":\"SearchAction\",\"target\":{\"@type\":\"EntryPoint\",\"urlTemplate\":\"https:\/\/vrtec-litija.si\/soncek\/?s={search_term_string}\"},\"query-input\":\"required name=search_term_string\"}],\"inLanguage\":\"sl-SI\"},{\"@type\":\"Organization\",\"@id\":\"https:\/\/vrtec-litija.si\/soncek\/#organization\",\"name\":\"Vrtec Litija - Enota Son\u0107ek\",\"url\":\"https:\/\/vrtec-litija.si\/soncek\/\",\"logo\":{\"@type\":\"ImageObject\",\"inLanguage\":\"sl-SI\",\"@id\":\"https:\/\/vrtec-litija.si\/soncek\/#\/schema\/logo\/image\/\",\"url\":\"https:\/\/vrtec-litija.si\/soncek\/wp-content\/uploads\/sites\/7\/2021\/01\/vrtec-litija-logo.png\",\"contentUrl\":\"https:\/\/vrtec-litija.si\/soncek\/wp-content\/uploads\/sites\/7\/2021\/01\/vrtec-litija-logo.png\",\"width\":300,\"height\":298,\"caption\":\"Vrtec Litija - Enota Son\u0107ek\"},\"image\":{\"@id\":\"https:\/\/vrtec-litija.si\/soncek\/#\/schema\/logo\/image\/\"}}]}<\/script>\n<!-- \/ Yoast SEO plugin. -->","yoast_head_json":{"title":"Predstavitev - Enota Soncek","robots":{"index":"index","follow":"follow","max-snippet":"max-snippet:-1","max-image-preview":"max-image-preview:large","max-video-preview":"max-video-preview:-1"},"canonical":"https:\/\/vrtec-litija.si\/soncek\/","og_locale":"sl_SI","og_type":"article","og_title":"Predstavitev - Enota Soncek","og_description":"Enota Son\u010dek Va\u010de 28a 1252 Va\u010deTelefon: 01 897 61 35E-po\u0161ta: soncek@vrtec-litija.si Vodja enote: Klara Udovi\u010d V sredi\u0161\u010du Va\u010d, na nadmorski vi\u0161ini 520 metrov, se odmaknjena od mestnega hrupa in vrve\u017ea, nahaja enota Son\u010dek. V prostorih obnovljene osnovne \u0161ole je vrtec z dvema novima igralnicama, pokrito teraso za najmlaj\u0161e in otro\u0161kim igri\u0161\u010dem. Vrtec obiskujejo otroci v ...","og_url":"https:\/\/vrtec-litija.si\/soncek\/","og_site_name":"Enota Soncek","article_modified_time":"2024-10-20T19:21:45+00:00","og_image":[{"url":"https:\/\/vrtec-litija.si\/soncek\/wp-content\/uploads\/sites\/7\/2021\/01\/vrtec-litija-enote__soncek.png"}],"twitter_card":"summary_large_image","twitter_misc":{"Est. reading time":"2 minuti"},"schema":{"@context":"https:\/\/schema.org","@graph":[{"@type":"WebPage","@id":"https:\/\/vrtec-litija.si\/soncek\/","url":"https:\/\/vrtec-litija.si\/soncek\/","name":"Predstavitev - Enota Soncek","isPartOf":{"@id":"https:\/\/vrtec-litija.si\/soncek\/#website"},"datePublished":"2012-11-18T14:02:05+00:00","dateModified":"2024-10-20T19:21:45+00:00","inLanguage":"sl-SI","potentialAction":[{"@type":"ReadAction","target":["https:\/\/vrtec-litija.si\/soncek\/"]}]},{"@type":"WebSite","@id":"https:\/\/vrtec-litija.si\/soncek\/#website","url":"https:\/\/vrtec-litija.si\/soncek\/","name":"Enota Soncek","description":"Vrtec Litija Soncek","publisher":{"@id":"https:\/\/vrtec-litija.si\/soncek\/#organization"},"potentialAction":[{"@type":"SearchAction","target":{"@type":"EntryPoint","urlTemplate":"https:\/\/vrtec-litija.si\/soncek\/?s={search_term_string}"},"query-input":"required name=search_term_string"}],"inLanguage":"sl-SI"},{"@type":"Organization","@id":"https:\/\/vrtec-litija.si\/soncek\/#organization","name":"Vrtec Litija - Enota Son\u0107ek","url":"https:\/\/vrtec-litija.si\/soncek\/","logo":{"@type":"ImageObject","inLanguage":"sl-SI","@id":"https:\/\/vrtec-litija.si\/soncek\/#\/schema\/logo\/image\/","url":"https:\/\/vrtec-litija.si\/soncek\/wp-content\/uploads\/sites\/7\/2021\/01\/vrtec-litija-logo.png","contentUrl":"https:\/\/vrtec-litija.si\/soncek\/wp-content\/uploads\/sites\/7\/2021\/01\/vrtec-litija-logo.png","width":300,"height":298,"caption":"Vrtec Litija - Enota Son\u0107ek"},"image":{"@id":"https:\/\/vrtec-litija.si\/soncek\/#\/schema\/logo\/image\/"}}]}},"_links":{"self":[{"href":"https:\/\/vrtec-litija.si\/soncek\/wp-json\/wp\/v2\/pages\/11"}],"collection":[{"href":"https:\/\/vrtec-litija.si\/soncek\/wp-json\/wp\/v2\/pages"}],"about":[{"href":"https:\/\/vrtec-litija.si\/soncek\/wp-json\/wp\/v2\/types\/page"}],"author":[{"embeddable":true,"href":"https:\/\/vrtec-litija.si\/soncek\/wp-json\/wp\/v2\/users\/1"}],"replies":[{"embeddable":true,"href":"https:\/\/vrtec-litija.si\/soncek\/wp-json\/wp\/v2\/comments?post=11"}],"version-history":[{"count":3,"href":"https:\/\/vrtec-litija.si\/soncek\/wp-json\/wp\/v2\/pages\/11\/revisions"}],"predecessor-version":[{"id":4610,"href":"https:\/\/vrtec-litija.si\/soncek\/wp-json\/wp\/v2\/pages\/11\/revisions\/4610"}],"wp:attachment":[{"href":"https:\/\/vrtec-litija.si\/soncek\/wp-json\/wp\/v2\/media?parent=11"}],"curies":[{"name":"wp","href":"https:\/\/api.w.org\/{rel}","templated":true}]}}