{"id":782,"date":"2012-11-18T15:02:05","date_gmt":"2012-11-18T14:02:05","guid":{"rendered":"http:\/\/www.vrtec-litija.si\/medvedek\/?page_id=5"},"modified":"2025-11-26T14:08:31","modified_gmt":"2025-11-26T13:08:31","slug":"predstavitev","status":"publish","type":"page","link":"https:\/\/vrtec-litija.si\/ribica\/","title":{"rendered":"Predstavitev"},"content":{"rendered":"\t\t<div data-elementor-type=\"wp-page\" data-elementor-id=\"782\" class=\"elementor elementor-782\">\n\t\t\t\t\t\t<div class=\"elementor-inner\">\n\t\t\t\t<div class=\"elementor-section-wrap\">\n\t\t\t\t\t\t\t\t\t<section class=\"elementor-section elementor-top-section elementor-element elementor-element-b80981a elementor-reverse-mobile elementor-section-boxed elementor-section-height-default elementor-section-height-default\" data-id=\"b80981a\" data-element_type=\"section\">\n\t\t\t\t\t\t<div class=\"elementor-container elementor-column-gap-default\">\n\t\t\t\t\t\t\t<div class=\"elementor-row\">\n\t\t\t\t\t<div class=\"elementor-column elementor-col-50 elementor-top-column elementor-element elementor-element-84d799a\" data-id=\"84d799a\" data-element_type=\"column\">\n\t\t\t<div class=\"elementor-column-wrap elementor-element-populated\">\n\t\t\t\t\t\t\t<div class=\"elementor-widget-wrap\">\n\t\t\t\t\t\t<div class=\"elementor-element elementor-element-04b25e7 elementor-widget__width-auto elementor-widget elementor-widget-image\" data-id=\"04b25e7\" data-element_type=\"widget\" data-widget_type=\"image.default\">\n\t\t\t\t<div class=\"elementor-widget-container\">\n\t\t\t\t\t\t\t\t<div class=\"elementor-image\">\n\t\t\t\t\t\t\t\t\t\t\t\t<img decoding=\"async\" width=\"90\" height=\"59\" src=\"https:\/\/vrtec-litija.si\/ribica\/wp-content\/uploads\/sites\/9\/2021\/01\/icon-ribica.png\" class=\"attachment-full size-full wp-image-3995\" alt=\"\" loading=\"lazy\" \/>\t\t\t\t\t\t\t\t\t\t\t\t\t\t<\/div>\n\t\t\t\t\t\t<\/div>\n\t\t\t\t<\/div>\n\t\t\t\t<section class=\"elementor-section elementor-inner-section elementor-element elementor-element-87cd274 elementor-section-full_width elementor-section-content-middle elementor-section-height-default elementor-section-height-default\" data-id=\"87cd274\" data-element_type=\"section\" data-settings=\"{&quot;background_background&quot;:&quot;classic&quot;}\">\n\t\t\t\t\t\t<div class=\"elementor-container elementor-column-gap-no\">\n\t\t\t\t\t\t\t<div class=\"elementor-row\">\n\t\t\t\t\t<div class=\"elementor-column elementor-col-100 elementor-inner-column elementor-element elementor-element-3e36ee2\" data-id=\"3e36ee2\" data-element_type=\"column\">\n\t\t\t<div class=\"elementor-column-wrap elementor-element-populated\">\n\t\t\t\t\t\t\t<div class=\"elementor-widget-wrap\">\n\t\t\t\t\t\t<div class=\"elementor-element elementor-element-9de3964 elementor-widget elementor-widget-heading\" data-id=\"9de3964\" data-element_type=\"widget\" data-widget_type=\"heading.default\">\n\t\t\t\t<div class=\"elementor-widget-container\">\n\t\t\t<p class=\"elementor-heading-title elementor-size-default\">Enota Ribica<\/p>\t\t<\/div>\n\t\t\t\t<\/div>\n\t\t\t\t<div class=\"elementor-element elementor-element-f77b22a hover-link-orange  elementor-widget elementor-widget-text-editor\" data-id=\"f77b22a\" data-element_type=\"widget\" data-widget_type=\"text-editor.default\">\n\t\t\t\t<div class=\"elementor-widget-container\">\n\t\t\t\t\t\t\t\t<div class=\"elementor-text-editor elementor-clearfix\">\n\t\t\t\t<p><a href=\"https:\/\/goo.gl\/maps\/dNKXHi9dCrGtEJjS7\" target=\"_blank\" rel=\"noopener\"><span style=\"color: #333333;\">Ljubljanska cesta 3, <br \/>1270 Litija<br \/><\/span><\/a>Telefon: <span style=\"text-decoration: underline;\"><a href=\"tel:059334942\">05 933 49 43<\/a><br \/><\/span>E-po\u0161ta: <span style=\"text-decoration: underline;\"><a href=\"mailto:ribica@vrtec-litija.si\">ribica@vrtec-litija.si<\/a><\/span><\/p>\t\t\t\t\t<\/div>\n\t\t\t\t\t\t<\/div>\n\t\t\t\t<\/div>\n\t\t\t\t<div class=\"elementor-element elementor-element-fa39492 hover-link-orange  elementor-widget elementor-widget-text-editor\" data-id=\"fa39492\" data-element_type=\"widget\" data-widget_type=\"text-editor.default\">\n\t\t\t\t<div class=\"elementor-widget-container\">\n\t\t\t\t\t\t\t\t<div class=\"elementor-text-editor elementor-clearfix\">\n\t\t\t\t<p>Vodja enote:<br \/><strong>Tina Sirk<\/strong><\/p>\t\t\t\t\t<\/div>\n\t\t\t\t\t\t<\/div>\n\t\t\t\t<\/div>\n\t\t\t\t\t\t<\/div>\n\t\t\t\t\t<\/div>\n\t\t<\/div>\n\t\t\t\t\t\t\t\t<\/div>\n\t\t\t\t\t<\/div>\n\t\t<\/section>\n\t\t\t\t<section class=\"elementor-section elementor-inner-section elementor-element elementor-element-e9c174a elementor-section-full_width elementor-hidden-tablet elementor-hidden-phone elementor-section-height-default elementor-section-height-default\" data-id=\"e9c174a\" data-element_type=\"section\" data-settings=\"{&quot;background_background&quot;:&quot;classic&quot;}\">\n\t\t\t\t\t\t<div class=\"elementor-container elementor-column-gap-no\">\n\t\t\t\t\t\t\t<div class=\"elementor-row\">\n\t\t\t\t\t<div class=\"elementor-column elementor-col-100 elementor-inner-column elementor-element elementor-element-744d76c\" data-id=\"744d76c\" data-element_type=\"column\">\n\t\t\t<div class=\"elementor-column-wrap\">\n\t\t\t\t\t\t\t<div class=\"elementor-widget-wrap\">\n\t\t\t\t\t\t\t\t<\/div>\n\t\t\t\t\t<\/div>\n\t\t<\/div>\n\t\t\t\t\t\t\t\t<\/div>\n\t\t\t\t\t<\/div>\n\t\t<\/section>\n\t\t\t\t\t\t<\/div>\n\t\t\t\t\t<\/div>\n\t\t<\/div>\n\t\t\t\t<div class=\"elementor-column elementor-col-50 elementor-top-column elementor-element elementor-element-ec3d38e\" data-id=\"ec3d38e\" data-element_type=\"column\">\n\t\t\t<div class=\"elementor-column-wrap elementor-element-populated\">\n\t\t\t\t\t\t\t<div class=\"elementor-widget-wrap\">\n\t\t\t\t\t\t<div class=\"elementor-element elementor-element-3ed8bf4 elementor-nav-menu--dropdown-none nav-meni-tab-style elementor-widget__width-auto elementor-hidden-phone elementor-widget elementor-widget-nav-menu\" data-id=\"3ed8bf4\" data-element_type=\"widget\" data-settings=\"{&quot;layout&quot;:&quot;horizontal&quot;,&quot;submenu_icon&quot;:{&quot;value&quot;:&quot;&lt;i class=\\&quot;fas fa-caret-down\\&quot;&gt;&lt;\\\/i&gt;&quot;,&quot;library&quot;:&quot;fa-solid&quot;}}\" data-widget_type=\"nav-menu.default\">\n\t\t\t\t<div class=\"elementor-widget-container\">\n\t\t\t\t\t\t<nav migration_allowed=\"1\" migrated=\"0\" class=\"elementor-nav-menu--main elementor-nav-menu__container elementor-nav-menu--layout-horizontal e--pointer-background e--animation-none\">\n\t\t\t\t<ul id=\"menu-1-3ed8bf4\" class=\"elementor-nav-menu\"><li class=\"menu-item menu-item-type-post_type menu-item-object-page current_page_parent menu-item-3825\"><a href=\"https:\/\/vrtec-litija.si\/ribica\/novice\/\" class=\"elementor-item\">Novice<\/a><\/li>\n<li class=\"menu-item menu-item-type-post_type menu-item-object-page menu-item-home menu-item-3826\"><a href=\"https:\/\/vrtec-litija.si\/ribica\/\" class=\"elementor-item\">Predstavitev<\/a><\/li>\n<li class=\"menu-item menu-item-type-post_type menu-item-object-page menu-item-3827\"><a href=\"https:\/\/vrtec-litija.si\/ribica\/zaposleni\/\" class=\"elementor-item\">Zaposleni<\/a><\/li>\n<li class=\"menu-item menu-item-type-post_type menu-item-object-page menu-item-3829\"><a href=\"https:\/\/vrtec-litija.si\/ribica\/fotogalerija\/\" class=\"elementor-item\">Fotogalerija<\/a><\/li>\n<li class=\"menu-item menu-item-type-post_type menu-item-object-page menu-item-3828\"><a href=\"https:\/\/vrtec-litija.si\/ribica\/sodelovanja\/\" class=\"elementor-item\">Sodelovanja<\/a><\/li>\n<\/ul>\t\t\t<\/nav>\n\t\t\t\t\t\t<nav class=\"elementor-nav-menu--dropdown elementor-nav-menu__container\" aria-hidden=\"true\">\n\t\t\t\t<ul id=\"menu-2-3ed8bf4\" class=\"elementor-nav-menu\"><li class=\"menu-item menu-item-type-post_type menu-item-object-page current_page_parent menu-item-3825\"><a href=\"https:\/\/vrtec-litija.si\/ribica\/novice\/\" class=\"elementor-item\" tabindex=\"-1\">Novice<\/a><\/li>\n<li class=\"menu-item menu-item-type-post_type menu-item-object-page menu-item-home menu-item-3826\"><a href=\"https:\/\/vrtec-litija.si\/ribica\/\" class=\"elementor-item\" tabindex=\"-1\">Predstavitev<\/a><\/li>\n<li class=\"menu-item menu-item-type-post_type menu-item-object-page menu-item-3827\"><a href=\"https:\/\/vrtec-litija.si\/ribica\/zaposleni\/\" class=\"elementor-item\" tabindex=\"-1\">Zaposleni<\/a><\/li>\n<li class=\"menu-item menu-item-type-post_type menu-item-object-page menu-item-3829\"><a href=\"https:\/\/vrtec-litija.si\/ribica\/fotogalerija\/\" class=\"elementor-item\" tabindex=\"-1\">Fotogalerija<\/a><\/li>\n<li class=\"menu-item menu-item-type-post_type menu-item-object-page menu-item-3828\"><a href=\"https:\/\/vrtec-litija.si\/ribica\/sodelovanja\/\" class=\"elementor-item\" tabindex=\"-1\">Sodelovanja<\/a><\/li>\n<\/ul>\t\t\t<\/nav>\n\t\t\t\t<\/div>\n\t\t\t\t<\/div>\n\t\t\t\t<div class=\"elementor-element elementor-element-5088970 elementor-widget elementor-widget-text-editor\" data-id=\"5088970\" data-element_type=\"widget\" data-widget_type=\"text-editor.default\">\n\t\t\t\t<div class=\"elementor-widget-container\">\n\t\t\t\t\t\t\t\t<div class=\"elementor-text-editor elementor-clearfix\">\n\t\t\t\t<p>Enota Ribica se nahaja v medgeneracijskem centru \u0160melc, tik ob reki Savi in je najmlaj\u0161a izmed enot Vrtca Litija.<\/p><p>V enoti so tri prostorne in svetle igralnice, ve\u010dji skupni prostor za dru\u017eenje in gibanje, manj\u0161o gibalnico ter podolgovato igri\u0161\u010de s travnikom, kar spodbuja igrivo vrt\u010devsko \u017eivljenje. Vsaka izmed igralnic ima tudi izhod na pokrito teraso.<\/p><p>Zaposleni v tej enoti tekom leta spo\u0161tljivo sodelujemo z Domom Tisje, ob praznikih in posebnih dogodkih pa se skupaj z otroki povezujemo tudi s starej\u0161imi oskrbovanci, ki so otro\u0161ke iskrenosti in razigranosti vedno veseli. Likovne umetnine, ki nastanejo tekom bivanja v vrtcu razstavimo na bli\u017enji banki in \u017eelezni\u0161ki postaji. K spodbudnemu u\u010dnemu okolju sodi tudi redno obiskovanje okoli\u0161kih gozdov in vrhov (Sitarjevec, Svibno). Zaposleni z vso strokovnostjo in odgovornostjo skrbimo za zdrav in uspe\u0161en razvoj otrok.<\/p>\t\t\t\t\t<\/div>\n\t\t\t\t\t\t<\/div>\n\t\t\t\t<\/div>\n\t\t\t\t<div class=\"elementor-element elementor-element-2f5cf82 elementor-nav-menu--dropdown-none nav-meni-tab-style__mobile elementor-widget__width-auto elementor-widget-mobile__width-inherit elementor-hidden-desktop elementor-hidden-tablet elementor-widget elementor-widget-nav-menu\" data-id=\"2f5cf82\" data-element_type=\"widget\" data-settings=\"{&quot;layout&quot;:&quot;vertical&quot;,&quot;submenu_icon&quot;:{&quot;value&quot;:&quot;&lt;i class=\\&quot;fas fa-caret-down\\&quot;&gt;&lt;\\\/i&gt;&quot;,&quot;library&quot;:&quot;fa-solid&quot;}}\" data-widget_type=\"nav-menu.default\">\n\t\t\t\t<div class=\"elementor-widget-container\">\n\t\t\t\t\t\t<nav migration_allowed=\"1\" migrated=\"0\" class=\"elementor-nav-menu--main elementor-nav-menu__container elementor-nav-menu--layout-vertical e--pointer-background e--animation-none\">\n\t\t\t\t<ul id=\"menu-1-2f5cf82\" class=\"elementor-nav-menu sm-vertical\"><li class=\"menu-item menu-item-type-post_type menu-item-object-page current_page_parent menu-item-3825\"><a href=\"https:\/\/vrtec-litija.si\/ribica\/novice\/\" class=\"elementor-item\">Novice<\/a><\/li>\n<li class=\"menu-item menu-item-type-post_type menu-item-object-page menu-item-home menu-item-3826\"><a href=\"https:\/\/vrtec-litija.si\/ribica\/\" class=\"elementor-item\">Predstavitev<\/a><\/li>\n<li class=\"menu-item menu-item-type-post_type menu-item-object-page menu-item-3827\"><a href=\"https:\/\/vrtec-litija.si\/ribica\/zaposleni\/\" class=\"elementor-item\">Zaposleni<\/a><\/li>\n<li class=\"menu-item menu-item-type-post_type menu-item-object-page menu-item-3829\"><a href=\"https:\/\/vrtec-litija.si\/ribica\/fotogalerija\/\" class=\"elementor-item\">Fotogalerija<\/a><\/li>\n<li class=\"menu-item menu-item-type-post_type menu-item-object-page menu-item-3828\"><a href=\"https:\/\/vrtec-litija.si\/ribica\/sodelovanja\/\" class=\"elementor-item\">Sodelovanja<\/a><\/li>\n<\/ul>\t\t\t<\/nav>\n\t\t\t\t\t\t<nav class=\"elementor-nav-menu--dropdown elementor-nav-menu__container\" aria-hidden=\"true\">\n\t\t\t\t<ul id=\"menu-2-2f5cf82\" class=\"elementor-nav-menu sm-vertical\"><li class=\"menu-item menu-item-type-post_type menu-item-object-page current_page_parent menu-item-3825\"><a href=\"https:\/\/vrtec-litija.si\/ribica\/novice\/\" class=\"elementor-item\" tabindex=\"-1\">Novice<\/a><\/li>\n<li class=\"menu-item menu-item-type-post_type menu-item-object-page menu-item-home menu-item-3826\"><a href=\"https:\/\/vrtec-litija.si\/ribica\/\" class=\"elementor-item\" tabindex=\"-1\">Predstavitev<\/a><\/li>\n<li class=\"menu-item menu-item-type-post_type menu-item-object-page menu-item-3827\"><a href=\"https:\/\/vrtec-litija.si\/ribica\/zaposleni\/\" class=\"elementor-item\" tabindex=\"-1\">Zaposleni<\/a><\/li>\n<li class=\"menu-item menu-item-type-post_type menu-item-object-page menu-item-3829\"><a href=\"https:\/\/vrtec-litija.si\/ribica\/fotogalerija\/\" class=\"elementor-item\" tabindex=\"-1\">Fotogalerija<\/a><\/li>\n<li class=\"menu-item menu-item-type-post_type menu-item-object-page menu-item-3828\"><a href=\"https:\/\/vrtec-litija.si\/ribica\/sodelovanja\/\" class=\"elementor-item\" tabindex=\"-1\">Sodelovanja<\/a><\/li>\n<\/ul>\t\t\t<\/nav>\n\t\t\t\t<\/div>\n\t\t\t\t<\/div>\n\t\t\t\t\t\t<\/div>\n\t\t\t\t\t<\/div>\n\t\t<\/div>\n\t\t\t\t\t\t\t\t<\/div>\n\t\t\t\t\t<\/div>\n\t\t<\/section>\n\t\t\t\t\t\t\t\t\t<\/div>\n\t\t\t<\/div>\n\t\t\t\t\t<\/div>\n\t\t","protected":false},"excerpt":{"rendered":"Enota Ribica Ljubljanska cesta 3, 1270 LitijaTelefon: 05 933 49 43E-po\u0161ta: ribica@vrtec-litija.si Vodja enote:Tina Sirk Enota Ribica se nahaja v medgeneracijskem centru \u0160melc, tik ob reki Savi in je najmlaj\u0161a izmed enot Vrtca Litija. V enoti so tri prostorne in svetle igralnice, ve\u010dji skupni prostor za dru\u017eenje in gibanje, manj\u0161o gibalnico ter podolgovato igri\u0161\u010de s &#8230;","protected":false},"author":1,"featured_media":0,"parent":0,"menu_order":1,"comment_status":"closed","ping_status":"closed","template":"","meta":[],"yoast_head":"<!-- This site is optimized with the Yoast SEO plugin v20.6 - https:\/\/yoast.com\/wordpress\/plugins\/seo\/ -->\n<title>Predstavitev - Enota Ribica<\/title>\n<meta name=\"robots\" content=\"index, follow, max-snippet:-1, max-image-preview:large, max-video-preview:-1\" \/>\n<link rel=\"canonical\" href=\"https:\/\/vrtec-litija.si\/ribica\/\" \/>\n<meta property=\"og:locale\" content=\"sl_SI\" \/>\n<meta property=\"og:type\" content=\"article\" \/>\n<meta property=\"og:title\" content=\"Predstavitev - Enota Ribica\" \/>\n<meta property=\"og:description\" content=\"Enota Ribica Ljubljanska cesta 3, 1270 LitijaTelefon: 05 933 49 43E-po\u0161ta: ribica@vrtec-litija.si Vodja enote:Tina Sirk Enota Ribica se nahaja v medgeneracijskem centru \u0160melc, tik ob reki Savi in je najmlaj\u0161a izmed enot Vrtca Litija. V enoti so tri prostorne in svetle igralnice, ve\u010dji skupni prostor za dru\u017eenje in gibanje, manj\u0161o gibalnico ter podolgovato igri\u0161\u010de s ...\" \/>\n<meta property=\"og:url\" content=\"https:\/\/vrtec-litija.si\/ribica\/\" \/>\n<meta property=\"og:site_name\" content=\"Enota Ribica\" \/>\n<meta property=\"article:modified_time\" content=\"2025-11-26T13:08:31+00:00\" \/>\n<meta property=\"og:image\" content=\"https:\/\/vrtec-litija.si\/ribica\/wp-content\/uploads\/sites\/9\/2021\/01\/icon-ribica.png\" \/>\n<meta name=\"twitter:card\" content=\"summary_large_image\" \/>\n<meta name=\"twitter:label1\" content=\"Est. reading time\" \/>\n\t<meta name=\"twitter:data1\" content=\"2 minuti\" \/>\n<script type=\"application\/ld+json\" class=\"yoast-schema-graph\">{\"@context\":\"https:\/\/schema.org\",\"@graph\":[{\"@type\":\"WebPage\",\"@id\":\"https:\/\/vrtec-litija.si\/ribica\/\",\"url\":\"https:\/\/vrtec-litija.si\/ribica\/\",\"name\":\"Predstavitev - Enota Ribica\",\"isPartOf\":{\"@id\":\"https:\/\/vrtec-litija.si\/ribica\/#website\"},\"datePublished\":\"2012-11-18T14:02:05+00:00\",\"dateModified\":\"2025-11-26T13:08:31+00:00\",\"inLanguage\":\"sl-SI\",\"potentialAction\":[{\"@type\":\"ReadAction\",\"target\":[\"https:\/\/vrtec-litija.si\/ribica\/\"]}]},{\"@type\":\"WebSite\",\"@id\":\"https:\/\/vrtec-litija.si\/ribica\/#website\",\"url\":\"https:\/\/vrtec-litija.si\/ribica\/\",\"name\":\"Enota Ribica\",\"description\":\"Vrtec Litija Ribica\",\"publisher\":{\"@id\":\"https:\/\/vrtec-litija.si\/ribica\/#organization\"},\"potentialAction\":[{\"@type\":\"SearchAction\",\"target\":{\"@type\":\"EntryPoint\",\"urlTemplate\":\"https:\/\/vrtec-litija.si\/ribica\/?s={search_term_string}\"},\"query-input\":\"required name=search_term_string\"}],\"inLanguage\":\"sl-SI\"},{\"@type\":\"Organization\",\"@id\":\"https:\/\/vrtec-litija.si\/ribica\/#organization\",\"name\":\"Vrtec Litija - Enota Ribica\",\"url\":\"https:\/\/vrtec-litija.si\/ribica\/\",\"logo\":{\"@type\":\"ImageObject\",\"inLanguage\":\"sl-SI\",\"@id\":\"https:\/\/vrtec-litija.si\/ribica\/#\/schema\/logo\/image\/\",\"url\":\"https:\/\/vrtec-litija.si\/ribica\/wp-content\/uploads\/sites\/9\/2021\/01\/vrtec-litija-logo.png\",\"contentUrl\":\"https:\/\/vrtec-litija.si\/ribica\/wp-content\/uploads\/sites\/9\/2021\/01\/vrtec-litija-logo.png\",\"width\":300,\"height\":298,\"caption\":\"Vrtec Litija - Enota Ribica\"},\"image\":{\"@id\":\"https:\/\/vrtec-litija.si\/ribica\/#\/schema\/logo\/image\/\"}}]}<\/script>\n<!-- \/ Yoast SEO plugin. -->","yoast_head_json":{"title":"Predstavitev - Enota Ribica","robots":{"index":"index","follow":"follow","max-snippet":"max-snippet:-1","max-image-preview":"max-image-preview:large","max-video-preview":"max-video-preview:-1"},"canonical":"https:\/\/vrtec-litija.si\/ribica\/","og_locale":"sl_SI","og_type":"article","og_title":"Predstavitev - Enota Ribica","og_description":"Enota Ribica Ljubljanska cesta 3, 1270 LitijaTelefon: 05 933 49 43E-po\u0161ta: ribica@vrtec-litija.si Vodja enote:Tina Sirk Enota Ribica se nahaja v medgeneracijskem centru \u0160melc, tik ob reki Savi in je najmlaj\u0161a izmed enot Vrtca Litija. V enoti so tri prostorne in svetle igralnice, ve\u010dji skupni prostor za dru\u017eenje in gibanje, manj\u0161o gibalnico ter podolgovato igri\u0161\u010de s ...","og_url":"https:\/\/vrtec-litija.si\/ribica\/","og_site_name":"Enota Ribica","article_modified_time":"2025-11-26T13:08:31+00:00","og_image":[{"url":"https:\/\/vrtec-litija.si\/ribica\/wp-content\/uploads\/sites\/9\/2021\/01\/icon-ribica.png"}],"twitter_card":"summary_large_image","twitter_misc":{"Est. reading time":"2 minuti"},"schema":{"@context":"https:\/\/schema.org","@graph":[{"@type":"WebPage","@id":"https:\/\/vrtec-litija.si\/ribica\/","url":"https:\/\/vrtec-litija.si\/ribica\/","name":"Predstavitev - Enota Ribica","isPartOf":{"@id":"https:\/\/vrtec-litija.si\/ribica\/#website"},"datePublished":"2012-11-18T14:02:05+00:00","dateModified":"2025-11-26T13:08:31+00:00","inLanguage":"sl-SI","potentialAction":[{"@type":"ReadAction","target":["https:\/\/vrtec-litija.si\/ribica\/"]}]},{"@type":"WebSite","@id":"https:\/\/vrtec-litija.si\/ribica\/#website","url":"https:\/\/vrtec-litija.si\/ribica\/","name":"Enota Ribica","description":"Vrtec Litija Ribica","publisher":{"@id":"https:\/\/vrtec-litija.si\/ribica\/#organization"},"potentialAction":[{"@type":"SearchAction","target":{"@type":"EntryPoint","urlTemplate":"https:\/\/vrtec-litija.si\/ribica\/?s={search_term_string}"},"query-input":"required name=search_term_string"}],"inLanguage":"sl-SI"},{"@type":"Organization","@id":"https:\/\/vrtec-litija.si\/ribica\/#organization","name":"Vrtec Litija - Enota Ribica","url":"https:\/\/vrtec-litija.si\/ribica\/","logo":{"@type":"ImageObject","inLanguage":"sl-SI","@id":"https:\/\/vrtec-litija.si\/ribica\/#\/schema\/logo\/image\/","url":"https:\/\/vrtec-litija.si\/ribica\/wp-content\/uploads\/sites\/9\/2021\/01\/vrtec-litija-logo.png","contentUrl":"https:\/\/vrtec-litija.si\/ribica\/wp-content\/uploads\/sites\/9\/2021\/01\/vrtec-litija-logo.png","width":300,"height":298,"caption":"Vrtec Litija - Enota Ribica"},"image":{"@id":"https:\/\/vrtec-litija.si\/ribica\/#\/schema\/logo\/image\/"}}]}},"_links":{"self":[{"href":"https:\/\/vrtec-litija.si\/ribica\/wp-json\/wp\/v2\/pages\/782"}],"collection":[{"href":"https:\/\/vrtec-litija.si\/ribica\/wp-json\/wp\/v2\/pages"}],"about":[{"href":"https:\/\/vrtec-litija.si\/ribica\/wp-json\/wp\/v2\/types\/page"}],"author":[{"embeddable":true,"href":"https:\/\/vrtec-litija.si\/ribica\/wp-json\/wp\/v2\/users\/1"}],"replies":[{"embeddable":true,"href":"https:\/\/vrtec-litija.si\/ribica\/wp-json\/wp\/v2\/comments?post=782"}],"version-history":[{"count":33,"href":"https:\/\/vrtec-litija.si\/ribica\/wp-json\/wp\/v2\/pages\/782\/revisions"}],"predecessor-version":[{"id":4925,"href":"https:\/\/vrtec-litija.si\/ribica\/wp-json\/wp\/v2\/pages\/782\/revisions\/4925"}],"wp:attachment":[{"href":"https:\/\/vrtec-litija.si\/ribica\/wp-json\/wp\/v2\/media?parent=782"}],"curies":[{"name":"wp","href":"https:\/\/api.w.org\/{rel}","templated":true}]}}