{"id":1624,"date":"2012-11-18T15:02:05","date_gmt":"2012-11-18T14:02:05","guid":{"rendered":"http:\/\/www.vrtec-litija.si\/medvedek\/?page_id=5"},"modified":"2025-02-20T15:38:44","modified_gmt":"2025-02-20T14:38:44","slug":"predstavitev","status":"publish","type":"page","link":"https:\/\/vrtec-litija.si\/najdihojca\/","title":{"rendered":"Predstavitev"},"content":{"rendered":"\t\t<div data-elementor-type=\"wp-page\" data-elementor-id=\"1624\" class=\"elementor elementor-1624\">\n\t\t\t\t\t\t<div class=\"elementor-inner\">\n\t\t\t\t<div class=\"elementor-section-wrap\">\n\t\t\t\t\t\t\t\t\t<section class=\"elementor-section elementor-top-section elementor-element elementor-element-b80981a elementor-reverse-mobile elementor-section-boxed elementor-section-height-default elementor-section-height-default\" data-id=\"b80981a\" data-element_type=\"section\">\n\t\t\t\t\t\t<div class=\"elementor-container elementor-column-gap-default\">\n\t\t\t\t\t\t\t<div class=\"elementor-row\">\n\t\t\t\t\t<div class=\"elementor-column elementor-col-50 elementor-top-column elementor-element elementor-element-84d799a\" data-id=\"84d799a\" data-element_type=\"column\">\n\t\t\t<div class=\"elementor-column-wrap elementor-element-populated\">\n\t\t\t\t\t\t\t<div class=\"elementor-widget-wrap\">\n\t\t\t\t\t\t<div class=\"elementor-element elementor-element-04b25e7 elementor-widget__width-auto elementor-widget elementor-widget-image\" data-id=\"04b25e7\" data-element_type=\"widget\" data-widget_type=\"image.default\">\n\t\t\t\t<div class=\"elementor-widget-container\">\n\t\t\t\t\t\t\t\t<div class=\"elementor-image\">\n\t\t\t\t\t\t\t\t\t\t\t\t<img decoding=\"async\" width=\"92\" height=\"129\" src=\"https:\/\/vrtec-litija.si\/najdihojca\/wp-content\/uploads\/sites\/3\/2021\/01\/vrtec-litija-enote__najdihojca.png\" class=\"attachment-full size-full wp-image-4744\" alt=\"\" loading=\"lazy\" \/>\t\t\t\t\t\t\t\t\t\t\t\t\t\t<\/div>\n\t\t\t\t\t\t<\/div>\n\t\t\t\t<\/div>\n\t\t\t\t<section class=\"elementor-section elementor-inner-section elementor-element elementor-element-60bea1a elementor-section-full_width elementor-section-content-middle elementor-section-height-default elementor-section-height-default\" data-id=\"60bea1a\" data-element_type=\"section\" data-settings=\"{&quot;background_background&quot;:&quot;classic&quot;}\">\n\t\t\t\t\t\t<div class=\"elementor-container elementor-column-gap-no\">\n\t\t\t\t\t\t\t<div class=\"elementor-row\">\n\t\t\t\t\t<div class=\"elementor-column elementor-col-100 elementor-inner-column elementor-element elementor-element-34871bc\" data-id=\"34871bc\" data-element_type=\"column\">\n\t\t\t<div class=\"elementor-column-wrap elementor-element-populated\">\n\t\t\t\t\t\t\t<div class=\"elementor-widget-wrap\">\n\t\t\t\t\t\t<div class=\"elementor-element elementor-element-7069e24 elementor-widget elementor-widget-heading\" data-id=\"7069e24\" data-element_type=\"widget\" data-widget_type=\"heading.default\">\n\t\t\t\t<div class=\"elementor-widget-container\">\n\t\t\t<p class=\"elementor-heading-title elementor-size-default\">Enota Najdihojca<\/p>\t\t<\/div>\n\t\t\t\t<\/div>\n\t\t\t\t<div class=\"elementor-element elementor-element-19bd10b hover-link-orange  elementor-widget elementor-widget-text-editor\" data-id=\"19bd10b\" data-element_type=\"widget\" data-widget_type=\"text-editor.default\">\n\t\t\t\t<div class=\"elementor-widget-container\">\n\t\t\t\t\t\t\t\t<div class=\"elementor-text-editor elementor-clearfix\">\n\t\t\t\t<p><a href=\"https:\/\/goo.gl\/maps\/o76w49mHsoAsntCZ9\" target=\"_blank\" rel=\"noopener\"><span style=\"color: #333333;\">Cesta kom. Staneta 8<br \/>1270 Litija<br \/><\/span><\/a>Telefon:<span style=\"text-decoration: underline;\"> <a href=\"tel:0038618962541\">01 896 25 41<\/a><\/span><br \/>E-naslov:<br \/><span style=\"text-decoration: underline;\"><a href=\"mailto:najdihojca@vrtec-litija.si\">najdihojca@vrtec-litija.si<\/a><\/span><\/p>\t\t\t\t\t<\/div>\n\t\t\t\t\t\t<\/div>\n\t\t\t\t<\/div>\n\t\t\t\t<div class=\"elementor-element elementor-element-1ac0dae hover-link-orange  elementor-widget elementor-widget-text-editor\" data-id=\"1ac0dae\" data-element_type=\"widget\" data-widget_type=\"text-editor.default\">\n\t\t\t\t<div class=\"elementor-widget-container\">\n\t\t\t\t\t\t\t\t<div class=\"elementor-text-editor elementor-clearfix\">\n\t\t\t\t<p>Vodja enote: <br \/><strong>Ema Kne\u017eevi\u0107<\/strong><\/p>\t\t\t\t\t<\/div>\n\t\t\t\t\t\t<\/div>\n\t\t\t\t<\/div>\n\t\t\t\t\t\t<\/div>\n\t\t\t\t\t<\/div>\n\t\t<\/div>\n\t\t\t\t\t\t\t\t<\/div>\n\t\t\t\t\t<\/div>\n\t\t<\/section>\n\t\t\t\t<section class=\"elementor-section elementor-inner-section elementor-element elementor-element-e9c174a elementor-section-full_width elementor-hidden-tablet elementor-hidden-phone elementor-section-height-default elementor-section-height-default\" data-id=\"e9c174a\" data-element_type=\"section\" data-settings=\"{&quot;background_background&quot;:&quot;classic&quot;}\">\n\t\t\t\t\t\t<div class=\"elementor-container elementor-column-gap-no\">\n\t\t\t\t\t\t\t<div class=\"elementor-row\">\n\t\t\t\t\t<div class=\"elementor-column elementor-col-100 elementor-inner-column elementor-element elementor-element-744d76c\" data-id=\"744d76c\" data-element_type=\"column\">\n\t\t\t<div class=\"elementor-column-wrap\">\n\t\t\t\t\t\t\t<div class=\"elementor-widget-wrap\">\n\t\t\t\t\t\t\t\t<\/div>\n\t\t\t\t\t<\/div>\n\t\t<\/div>\n\t\t\t\t\t\t\t\t<\/div>\n\t\t\t\t\t<\/div>\n\t\t<\/section>\n\t\t\t\t\t\t<\/div>\n\t\t\t\t\t<\/div>\n\t\t<\/div>\n\t\t\t\t<div class=\"elementor-column elementor-col-50 elementor-top-column elementor-element elementor-element-ec3d38e\" data-id=\"ec3d38e\" data-element_type=\"column\">\n\t\t\t<div class=\"elementor-column-wrap elementor-element-populated\">\n\t\t\t\t\t\t\t<div class=\"elementor-widget-wrap\">\n\t\t\t\t\t\t<div class=\"elementor-element elementor-element-3ed8bf4 elementor-nav-menu--dropdown-none nav-meni-tab-style elementor-widget__width-auto elementor-hidden-phone elementor-widget elementor-widget-nav-menu\" data-id=\"3ed8bf4\" data-element_type=\"widget\" data-settings=\"{&quot;layout&quot;:&quot;horizontal&quot;,&quot;submenu_icon&quot;:{&quot;value&quot;:&quot;&lt;i class=\\&quot;fas fa-caret-down\\&quot;&gt;&lt;\\\/i&gt;&quot;,&quot;library&quot;:&quot;fa-solid&quot;}}\" data-widget_type=\"nav-menu.default\">\n\t\t\t\t<div class=\"elementor-widget-container\">\n\t\t\t\t\t\t<nav migration_allowed=\"1\" migrated=\"0\" class=\"elementor-nav-menu--main elementor-nav-menu__container elementor-nav-menu--layout-horizontal e--pointer-background e--animation-none\">\n\t\t\t\t<ul id=\"menu-1-3ed8bf4\" class=\"elementor-nav-menu\"><li class=\"menu-item menu-item-type-post_type menu-item-object-page current_page_parent menu-item-3921\"><a href=\"https:\/\/vrtec-litija.si\/najdihojca\/novice\/\" class=\"elementor-item\">Novice<\/a><\/li>\n<li class=\"menu-item menu-item-type-post_type menu-item-object-page menu-item-home menu-item-3922\"><a href=\"https:\/\/vrtec-litija.si\/najdihojca\/\" class=\"elementor-item\">Predstavitev<\/a><\/li>\n<li class=\"menu-item menu-item-type-post_type menu-item-object-page menu-item-3923\"><a href=\"https:\/\/vrtec-litija.si\/najdihojca\/zaposleni\/\" class=\"elementor-item\">Zaposleni<\/a><\/li>\n<li class=\"menu-item menu-item-type-post_type menu-item-object-page menu-item-3925\"><a href=\"https:\/\/vrtec-litija.si\/najdihojca\/fotogalerija\/\" class=\"elementor-item\">Fotogalerija<\/a><\/li>\n<li class=\"menu-item menu-item-type-post_type menu-item-object-page menu-item-3924\"><a href=\"https:\/\/vrtec-litija.si\/najdihojca\/sodelovanja\/\" class=\"elementor-item\">Sodelovanja<\/a><\/li>\n<\/ul>\t\t\t<\/nav>\n\t\t\t\t\t\t<nav class=\"elementor-nav-menu--dropdown elementor-nav-menu__container\" aria-hidden=\"true\">\n\t\t\t\t<ul id=\"menu-2-3ed8bf4\" class=\"elementor-nav-menu\"><li class=\"menu-item menu-item-type-post_type menu-item-object-page current_page_parent menu-item-3921\"><a href=\"https:\/\/vrtec-litija.si\/najdihojca\/novice\/\" class=\"elementor-item\" tabindex=\"-1\">Novice<\/a><\/li>\n<li class=\"menu-item menu-item-type-post_type menu-item-object-page menu-item-home menu-item-3922\"><a href=\"https:\/\/vrtec-litija.si\/najdihojca\/\" class=\"elementor-item\" tabindex=\"-1\">Predstavitev<\/a><\/li>\n<li class=\"menu-item menu-item-type-post_type menu-item-object-page menu-item-3923\"><a href=\"https:\/\/vrtec-litija.si\/najdihojca\/zaposleni\/\" class=\"elementor-item\" tabindex=\"-1\">Zaposleni<\/a><\/li>\n<li class=\"menu-item menu-item-type-post_type menu-item-object-page menu-item-3925\"><a href=\"https:\/\/vrtec-litija.si\/najdihojca\/fotogalerija\/\" class=\"elementor-item\" tabindex=\"-1\">Fotogalerija<\/a><\/li>\n<li class=\"menu-item menu-item-type-post_type menu-item-object-page menu-item-3924\"><a href=\"https:\/\/vrtec-litija.si\/najdihojca\/sodelovanja\/\" class=\"elementor-item\" tabindex=\"-1\">Sodelovanja<\/a><\/li>\n<\/ul>\t\t\t<\/nav>\n\t\t\t\t<\/div>\n\t\t\t\t<\/div>\n\t\t\t\t<div class=\"elementor-element elementor-element-5088970 elementor-widget elementor-widget-text-editor\" data-id=\"5088970\" data-element_type=\"widget\" data-widget_type=\"text-editor.default\">\n\t\t\t\t<div class=\"elementor-widget-container\">\n\t\t\t\t\t\t\t\t<div class=\"elementor-text-editor elementor-clearfix\">\n\t\t\t\t<p>Enota Najdihojca v Litiji je svoja vrata odprla \u017ee leta 1971.<\/p><p>Dobrih 50 let kasneje je zaradi dotrajanosti stare stavbe, v neposredni bli\u017eini, zrasel te\u017eko pri\u010dakovani novi vrtec, grajen z okolju prijaznimi materiali in v skladu s principi trajnostne gradnje.<\/p><p>\u00a0Na veliko veselje otrok, star\u0161ev in zaposlenih, ga je v septembru 2022, prvi\u010d napolnil otro\u0161ki \u017eiv-\u017eav.<\/p><p>Osem sodobnih igralnic, od katerih so \u0161tiri neposredno povezane z zunanjo teraso in igri\u0161\u010dem, se razprostira v dveh eta\u017eah. Dodano vrednost predstavljata ve\u010dnamenska prostora, plezalni steni in prostorno igri\u0161\u010de z raznolikimi igrali.<\/p><p>\u00a0Enota Najdihojca se nahaja v centru mesta, v neposredni bli\u017eini Osnovne \u0161ole Litija. Prednost enote predstavlja tudi bli\u017eina \u0161portne dvorane, knji\u017enice, Mestnega muzeja in drugih institucij, kar omogo\u010da uspe\u0161no sodelovanje in povezovanje vrtca s \u0161ir\u0161im dru\u017ebenim okoljem. Kljub urbanemu okolju, sredi katerega se vrtec nahaja, le ta zagotavlja dovolj mo\u017enosti tudi za kakovostno in vsebinsko bogato izvajanje \u0161portno\/gibalnih in raziskovalnih dejavnosti ter vsakodneven stik z naravo.<\/p><p>Strokovni delavci odgovorno in strokovno na\u010drtujemo in vodimo vzgojno-izobra\u017eevalni proces, ki temelji na medsebojnem spo\u0161tovanju, aktivnem vklju\u010devanju in u\u010denju otrok. Z zagotavljanjem varnega in spodbudnega okolja omogo\u010damo otrokom potrebna spoznanja in izku\u0161nje za samostojno in igrivo \u017eivljenje.<\/p>\t\t\t\t\t<\/div>\n\t\t\t\t\t\t<\/div>\n\t\t\t\t<\/div>\n\t\t\t\t<div class=\"elementor-element elementor-element-2f5cf82 elementor-nav-menu--dropdown-none nav-meni-tab-style__mobile elementor-widget__width-auto elementor-widget-mobile__width-inherit elementor-hidden-desktop elementor-hidden-tablet elementor-widget elementor-widget-nav-menu\" data-id=\"2f5cf82\" data-element_type=\"widget\" data-settings=\"{&quot;layout&quot;:&quot;vertical&quot;,&quot;submenu_icon&quot;:{&quot;value&quot;:&quot;&lt;i class=\\&quot;fas fa-caret-down\\&quot;&gt;&lt;\\\/i&gt;&quot;,&quot;library&quot;:&quot;fa-solid&quot;}}\" data-widget_type=\"nav-menu.default\">\n\t\t\t\t<div class=\"elementor-widget-container\">\n\t\t\t\t\t\t<nav migration_allowed=\"1\" migrated=\"0\" class=\"elementor-nav-menu--main elementor-nav-menu__container elementor-nav-menu--layout-vertical e--pointer-background e--animation-none\">\n\t\t\t\t<ul id=\"menu-1-2f5cf82\" class=\"elementor-nav-menu sm-vertical\"><li class=\"menu-item menu-item-type-post_type menu-item-object-page current_page_parent menu-item-3921\"><a href=\"https:\/\/vrtec-litija.si\/najdihojca\/novice\/\" class=\"elementor-item\">Novice<\/a><\/li>\n<li class=\"menu-item menu-item-type-post_type menu-item-object-page menu-item-home menu-item-3922\"><a href=\"https:\/\/vrtec-litija.si\/najdihojca\/\" class=\"elementor-item\">Predstavitev<\/a><\/li>\n<li class=\"menu-item menu-item-type-post_type menu-item-object-page menu-item-3923\"><a href=\"https:\/\/vrtec-litija.si\/najdihojca\/zaposleni\/\" class=\"elementor-item\">Zaposleni<\/a><\/li>\n<li class=\"menu-item menu-item-type-post_type menu-item-object-page menu-item-3925\"><a href=\"https:\/\/vrtec-litija.si\/najdihojca\/fotogalerija\/\" class=\"elementor-item\">Fotogalerija<\/a><\/li>\n<li class=\"menu-item menu-item-type-post_type menu-item-object-page menu-item-3924\"><a href=\"https:\/\/vrtec-litija.si\/najdihojca\/sodelovanja\/\" class=\"elementor-item\">Sodelovanja<\/a><\/li>\n<\/ul>\t\t\t<\/nav>\n\t\t\t\t\t\t<nav class=\"elementor-nav-menu--dropdown elementor-nav-menu__container\" aria-hidden=\"true\">\n\t\t\t\t<ul id=\"menu-2-2f5cf82\" class=\"elementor-nav-menu sm-vertical\"><li class=\"menu-item menu-item-type-post_type menu-item-object-page current_page_parent menu-item-3921\"><a href=\"https:\/\/vrtec-litija.si\/najdihojca\/novice\/\" class=\"elementor-item\" tabindex=\"-1\">Novice<\/a><\/li>\n<li class=\"menu-item menu-item-type-post_type menu-item-object-page menu-item-home menu-item-3922\"><a href=\"https:\/\/vrtec-litija.si\/najdihojca\/\" class=\"elementor-item\" tabindex=\"-1\">Predstavitev<\/a><\/li>\n<li class=\"menu-item menu-item-type-post_type menu-item-object-page menu-item-3923\"><a href=\"https:\/\/vrtec-litija.si\/najdihojca\/zaposleni\/\" class=\"elementor-item\" tabindex=\"-1\">Zaposleni<\/a><\/li>\n<li class=\"menu-item menu-item-type-post_type menu-item-object-page menu-item-3925\"><a href=\"https:\/\/vrtec-litija.si\/najdihojca\/fotogalerija\/\" class=\"elementor-item\" tabindex=\"-1\">Fotogalerija<\/a><\/li>\n<li class=\"menu-item menu-item-type-post_type menu-item-object-page menu-item-3924\"><a href=\"https:\/\/vrtec-litija.si\/najdihojca\/sodelovanja\/\" class=\"elementor-item\" tabindex=\"-1\">Sodelovanja<\/a><\/li>\n<\/ul>\t\t\t<\/nav>\n\t\t\t\t<\/div>\n\t\t\t\t<\/div>\n\t\t\t\t\t\t<\/div>\n\t\t\t\t\t<\/div>\n\t\t<\/div>\n\t\t\t\t\t\t\t\t<\/div>\n\t\t\t\t\t<\/div>\n\t\t<\/section>\n\t\t\t\t\t\t\t\t\t<\/div>\n\t\t\t<\/div>\n\t\t\t\t\t<\/div>\n\t\t","protected":false},"excerpt":{"rendered":"Enota Najdihojca Cesta kom. Staneta 81270 LitijaTelefon: 01 896 25 41E-naslov:najdihojca@vrtec-litija.si Vodja enote: Ema Kne\u017eevi\u0107 Enota Najdihojca v Litiji je svoja vrata odprla \u017ee leta 1971. Dobrih 50 let kasneje je zaradi dotrajanosti stare stavbe, v neposredni bli\u017eini, zrasel te\u017eko pri\u010dakovani novi vrtec, grajen z okolju prijaznimi materiali in v skladu s principi trajnostne gradnje. &#8230;","protected":false},"author":1,"featured_media":0,"parent":0,"menu_order":1,"comment_status":"closed","ping_status":"closed","template":"","meta":[],"yoast_head":"<!-- This site is optimized with the Yoast SEO plugin v20.6 - https:\/\/yoast.com\/wordpress\/plugins\/seo\/ -->\n<title>Predstavitev - Enota Najdihojca<\/title>\n<meta name=\"robots\" content=\"index, follow, max-snippet:-1, max-image-preview:large, max-video-preview:-1\" \/>\n<link rel=\"canonical\" href=\"https:\/\/vrtec-litija.si\/najdihojca\/\" \/>\n<meta property=\"og:locale\" content=\"sl_SI\" \/>\n<meta property=\"og:type\" content=\"article\" \/>\n<meta property=\"og:title\" content=\"Predstavitev - Enota Najdihojca\" \/>\n<meta property=\"og:description\" content=\"Enota Najdihojca Cesta kom. Staneta 81270 LitijaTelefon: 01 896 25 41E-naslov:najdihojca@vrtec-litija.si Vodja enote: Ema Kne\u017eevi\u0107 Enota Najdihojca v Litiji je svoja vrata odprla \u017ee leta 1971. Dobrih 50 let kasneje je zaradi dotrajanosti stare stavbe, v neposredni bli\u017eini, zrasel te\u017eko pri\u010dakovani novi vrtec, grajen z okolju prijaznimi materiali in v skladu s principi trajnostne gradnje. ...\" \/>\n<meta property=\"og:url\" content=\"https:\/\/vrtec-litija.si\/najdihojca\/\" \/>\n<meta property=\"og:site_name\" content=\"Enota Najdihojca\" \/>\n<meta property=\"article:modified_time\" content=\"2025-02-20T14:38:44+00:00\" \/>\n<meta property=\"og:image\" content=\"https:\/\/vrtec-litija.si\/najdihojca\/wp-content\/uploads\/sites\/3\/2021\/01\/vrtec-litija-enote__najdihojca.png\" \/>\n<meta name=\"twitter:card\" content=\"summary_large_image\" \/>\n<meta name=\"twitter:label1\" content=\"Est. reading time\" \/>\n\t<meta name=\"twitter:data1\" content=\"2 minuti\" \/>\n<script type=\"application\/ld+json\" class=\"yoast-schema-graph\">{\"@context\":\"https:\/\/schema.org\",\"@graph\":[{\"@type\":\"WebPage\",\"@id\":\"https:\/\/vrtec-litija.si\/najdihojca\/\",\"url\":\"https:\/\/vrtec-litija.si\/najdihojca\/\",\"name\":\"Predstavitev - Enota Najdihojca\",\"isPartOf\":{\"@id\":\"https:\/\/vrtec-litija.si\/najdihojca\/#website\"},\"datePublished\":\"2012-11-18T14:02:05+00:00\",\"dateModified\":\"2025-02-20T14:38:44+00:00\",\"inLanguage\":\"sl-SI\",\"potentialAction\":[{\"@type\":\"ReadAction\",\"target\":[\"https:\/\/vrtec-litija.si\/najdihojca\/\"]}]},{\"@type\":\"WebSite\",\"@id\":\"https:\/\/vrtec-litija.si\/najdihojca\/#website\",\"url\":\"https:\/\/vrtec-litija.si\/najdihojca\/\",\"name\":\"Enota Najdihojca\",\"description\":\"Vrtec Litija\",\"publisher\":{\"@id\":\"https:\/\/vrtec-litija.si\/najdihojca\/#organization\"},\"potentialAction\":[{\"@type\":\"SearchAction\",\"target\":{\"@type\":\"EntryPoint\",\"urlTemplate\":\"https:\/\/vrtec-litija.si\/najdihojca\/?s={search_term_string}\"},\"query-input\":\"required name=search_term_string\"}],\"inLanguage\":\"sl-SI\"},{\"@type\":\"Organization\",\"@id\":\"https:\/\/vrtec-litija.si\/najdihojca\/#organization\",\"name\":\"Vrtec Litija - Enota Najdihojca\",\"url\":\"https:\/\/vrtec-litija.si\/najdihojca\/\",\"logo\":{\"@type\":\"ImageObject\",\"inLanguage\":\"sl-SI\",\"@id\":\"https:\/\/vrtec-litija.si\/najdihojca\/#\/schema\/logo\/image\/\",\"url\":\"https:\/\/vrtec-litija.si\/najdihojca\/wp-content\/uploads\/sites\/3\/2021\/01\/vrtec-litija-logo.png\",\"contentUrl\":\"https:\/\/vrtec-litija.si\/najdihojca\/wp-content\/uploads\/sites\/3\/2021\/01\/vrtec-litija-logo.png\",\"width\":300,\"height\":298,\"caption\":\"Vrtec Litija - Enota Najdihojca\"},\"image\":{\"@id\":\"https:\/\/vrtec-litija.si\/najdihojca\/#\/schema\/logo\/image\/\"}}]}<\/script>\n<!-- \/ Yoast SEO plugin. -->","yoast_head_json":{"title":"Predstavitev - Enota Najdihojca","robots":{"index":"index","follow":"follow","max-snippet":"max-snippet:-1","max-image-preview":"max-image-preview:large","max-video-preview":"max-video-preview:-1"},"canonical":"https:\/\/vrtec-litija.si\/najdihojca\/","og_locale":"sl_SI","og_type":"article","og_title":"Predstavitev - Enota Najdihojca","og_description":"Enota Najdihojca Cesta kom. Staneta 81270 LitijaTelefon: 01 896 25 41E-naslov:najdihojca@vrtec-litija.si Vodja enote: Ema Kne\u017eevi\u0107 Enota Najdihojca v Litiji je svoja vrata odprla \u017ee leta 1971. Dobrih 50 let kasneje je zaradi dotrajanosti stare stavbe, v neposredni bli\u017eini, zrasel te\u017eko pri\u010dakovani novi vrtec, grajen z okolju prijaznimi materiali in v skladu s principi trajnostne gradnje. ...","og_url":"https:\/\/vrtec-litija.si\/najdihojca\/","og_site_name":"Enota Najdihojca","article_modified_time":"2025-02-20T14:38:44+00:00","og_image":[{"url":"https:\/\/vrtec-litija.si\/najdihojca\/wp-content\/uploads\/sites\/3\/2021\/01\/vrtec-litija-enote__najdihojca.png"}],"twitter_card":"summary_large_image","twitter_misc":{"Est. reading time":"2 minuti"},"schema":{"@context":"https:\/\/schema.org","@graph":[{"@type":"WebPage","@id":"https:\/\/vrtec-litija.si\/najdihojca\/","url":"https:\/\/vrtec-litija.si\/najdihojca\/","name":"Predstavitev - Enota Najdihojca","isPartOf":{"@id":"https:\/\/vrtec-litija.si\/najdihojca\/#website"},"datePublished":"2012-11-18T14:02:05+00:00","dateModified":"2025-02-20T14:38:44+00:00","inLanguage":"sl-SI","potentialAction":[{"@type":"ReadAction","target":["https:\/\/vrtec-litija.si\/najdihojca\/"]}]},{"@type":"WebSite","@id":"https:\/\/vrtec-litija.si\/najdihojca\/#website","url":"https:\/\/vrtec-litija.si\/najdihojca\/","name":"Enota Najdihojca","description":"Vrtec Litija","publisher":{"@id":"https:\/\/vrtec-litija.si\/najdihojca\/#organization"},"potentialAction":[{"@type":"SearchAction","target":{"@type":"EntryPoint","urlTemplate":"https:\/\/vrtec-litija.si\/najdihojca\/?s={search_term_string}"},"query-input":"required name=search_term_string"}],"inLanguage":"sl-SI"},{"@type":"Organization","@id":"https:\/\/vrtec-litija.si\/najdihojca\/#organization","name":"Vrtec Litija - Enota Najdihojca","url":"https:\/\/vrtec-litija.si\/najdihojca\/","logo":{"@type":"ImageObject","inLanguage":"sl-SI","@id":"https:\/\/vrtec-litija.si\/najdihojca\/#\/schema\/logo\/image\/","url":"https:\/\/vrtec-litija.si\/najdihojca\/wp-content\/uploads\/sites\/3\/2021\/01\/vrtec-litija-logo.png","contentUrl":"https:\/\/vrtec-litija.si\/najdihojca\/wp-content\/uploads\/sites\/3\/2021\/01\/vrtec-litija-logo.png","width":300,"height":298,"caption":"Vrtec Litija - Enota Najdihojca"},"image":{"@id":"https:\/\/vrtec-litija.si\/najdihojca\/#\/schema\/logo\/image\/"}}]}},"_links":{"self":[{"href":"https:\/\/vrtec-litija.si\/najdihojca\/wp-json\/wp\/v2\/pages\/1624"}],"collection":[{"href":"https:\/\/vrtec-litija.si\/najdihojca\/wp-json\/wp\/v2\/pages"}],"about":[{"href":"https:\/\/vrtec-litija.si\/najdihojca\/wp-json\/wp\/v2\/types\/page"}],"author":[{"embeddable":true,"href":"https:\/\/vrtec-litija.si\/najdihojca\/wp-json\/wp\/v2\/users\/1"}],"replies":[{"embeddable":true,"href":"https:\/\/vrtec-litija.si\/najdihojca\/wp-json\/wp\/v2\/comments?post=1624"}],"version-history":[{"count":29,"href":"https:\/\/vrtec-litija.si\/najdihojca\/wp-json\/wp\/v2\/pages\/1624\/revisions"}],"predecessor-version":[{"id":5528,"href":"https:\/\/vrtec-litija.si\/najdihojca\/wp-json\/wp\/v2\/pages\/1624\/revisions\/5528"}],"wp:attachment":[{"href":"https:\/\/vrtec-litija.si\/najdihojca\/wp-json\/wp\/v2\/media?parent=1624"}],"curies":[{"name":"wp","href":"https:\/\/api.w.org\/{rel}","templated":true}]}}