{"id":11,"date":"2025-02-18T15:02:05","date_gmt":"2025-02-18T14:02:05","guid":{"rendered":"http:\/\/www.vrtec-litija.si\/medvedek\/?page_id=5"},"modified":"2025-02-20T13:01:00","modified_gmt":"2025-02-20T12:01:00","slug":"predstavitev","status":"publish","type":"page","link":"https:\/\/vrtec-litija.si\/medvedek\/","title":{"rendered":"Predstavitev"},"content":{"rendered":"\t\t<div data-elementor-type=\"wp-page\" data-elementor-id=\"11\" class=\"elementor elementor-11\">\n\t\t\t\t\t\t<div class=\"elementor-inner\">\n\t\t\t\t<div class=\"elementor-section-wrap\">\n\t\t\t\t\t\t\t\t\t<section class=\"elementor-section elementor-top-section elementor-element elementor-element-b80981a elementor-reverse-mobile elementor-section-boxed elementor-section-height-default elementor-section-height-default\" data-id=\"b80981a\" data-element_type=\"section\">\n\t\t\t\t\t\t<div class=\"elementor-container elementor-column-gap-default\">\n\t\t\t\t\t\t\t<div class=\"elementor-row\">\n\t\t\t\t\t<div class=\"elementor-column elementor-col-50 elementor-top-column elementor-element elementor-element-84d799a\" data-id=\"84d799a\" data-element_type=\"column\">\n\t\t\t<div class=\"elementor-column-wrap elementor-element-populated\">\n\t\t\t\t\t\t\t<div class=\"elementor-widget-wrap\">\n\t\t\t\t\t\t<div class=\"elementor-element elementor-element-04b25e7 elementor-widget__width-auto elementor-widget elementor-widget-image\" data-id=\"04b25e7\" data-element_type=\"widget\" data-widget_type=\"image.default\">\n\t\t\t\t<div class=\"elementor-widget-container\">\n\t\t\t\t\t\t\t\t<div class=\"elementor-image\">\n\t\t\t\t\t\t\t\t\t\t\t\t<img decoding=\"async\" width=\"64\" height=\"107\" src=\"https:\/\/vrtec-litija.si\/medvedek\/wp-content\/uploads\/sites\/2\/2021\/01\/vrtec-litija-enote__medvedek.png\" class=\"attachment-full size-full wp-image-6081\" alt=\"\" loading=\"lazy\" \/>\t\t\t\t\t\t\t\t\t\t\t\t\t\t<\/div>\n\t\t\t\t\t\t<\/div>\n\t\t\t\t<\/div>\n\t\t\t\t<section class=\"elementor-section elementor-inner-section elementor-element elementor-element-f04ebee elementor-section-full_width elementor-section-content-middle elementor-section-height-default elementor-section-height-default\" data-id=\"f04ebee\" data-element_type=\"section\" data-settings=\"{&quot;background_background&quot;:&quot;classic&quot;}\">\n\t\t\t\t\t\t<div class=\"elementor-container elementor-column-gap-no\">\n\t\t\t\t\t\t\t<div class=\"elementor-row\">\n\t\t\t\t\t<div class=\"elementor-column elementor-col-100 elementor-inner-column elementor-element elementor-element-b339188\" data-id=\"b339188\" data-element_type=\"column\">\n\t\t\t<div class=\"elementor-column-wrap elementor-element-populated\">\n\t\t\t\t\t\t\t<div class=\"elementor-widget-wrap\">\n\t\t\t\t\t\t<div class=\"elementor-element elementor-element-0773f02 elementor-widget elementor-widget-heading\" data-id=\"0773f02\" data-element_type=\"widget\" data-widget_type=\"heading.default\">\n\t\t\t\t<div class=\"elementor-widget-container\">\n\t\t\t<p class=\"elementor-heading-title elementor-size-default\">Enota Medvedek<\/p>\t\t<\/div>\n\t\t\t\t<\/div>\n\t\t\t\t<div class=\"elementor-element elementor-element-d409d54 hover-link-orange  elementor-widget elementor-widget-text-editor\" data-id=\"d409d54\" data-element_type=\"widget\" data-widget_type=\"text-editor.default\">\n\t\t\t\t<div class=\"elementor-widget-container\">\n\t\t\t\t\t\t\t\t<div class=\"elementor-text-editor elementor-clearfix\">\n\t\t\t\t<p><span style=\"color: #333333;\"><a style=\"color: #333333;\" href=\"https:\/\/goo.gl\/maps\/UGFyybbTVoidzhTaA\" target=\"_blank\" rel=\"noopener\">Bevkova 1<br \/>1270 Litija<\/a><br \/><\/span>Telefon: <span style=\"text-decoration: underline;\"><a href=\"tel:+38618962537\">+386 1 896 25 37<\/a><br \/><\/span>E-po\u0161ta: <span style=\"text-decoration: underline;\"><a href=\"mailto:medvedek@vrtec-litija.si\">medvedek@vrtec-litija.si<\/a><\/span><\/p>\t\t\t\t\t<\/div>\n\t\t\t\t\t\t<\/div>\n\t\t\t\t<\/div>\n\t\t\t\t<div class=\"elementor-element elementor-element-fa12d75 hover-link-orange  elementor-widget elementor-widget-text-editor\" data-id=\"fa12d75\" data-element_type=\"widget\" data-widget_type=\"text-editor.default\">\n\t\t\t\t<div class=\"elementor-widget-container\">\n\t\t\t\t\t\t\t\t<div class=\"elementor-text-editor elementor-clearfix\">\n\t\t\t\t\t\t\t\t\t<\/div>\n\t\t\t\t\t\t<\/div>\n\t\t\t\t<\/div>\n\t\t\t\t<div class=\"elementor-element elementor-element-98ea07c elementor-widget elementor-widget-heading\" data-id=\"98ea07c\" data-element_type=\"widget\" data-widget_type=\"heading.default\">\n\t\t\t\t<div class=\"elementor-widget-container\">\n\t\t\t<p class=\"elementor-heading-title elementor-size-default\">Oddelek s prilagojenim programom<\/p>\t\t<\/div>\n\t\t\t\t<\/div>\n\t\t\t\t<div class=\"elementor-element elementor-element-4216144 hover-link-orange  elementor-widget elementor-widget-text-editor\" data-id=\"4216144\" data-element_type=\"widget\" data-widget_type=\"text-editor.default\">\n\t\t\t\t<div class=\"elementor-widget-container\">\n\t\t\t\t\t\t\t\t<div class=\"elementor-text-editor elementor-clearfix\">\n\t\t\t\t<p><span style=\"color: #333333;\"><a style=\"color: #333333;\" href=\"https:\/\/goo.gl\/maps\/UGFyybbTVoidzhTaA\" target=\"_blank\" rel=\"noopener\">Bevkova 1<br \/>1270 Litija<\/a><br \/><\/span>Telefon: <span style=\"text-decoration: underline;\"><a href=\"tel:+38618962540\">+386 1 896 25 40<\/a><\/span><\/p>\t\t\t\t\t<\/div>\n\t\t\t\t\t\t<\/div>\n\t\t\t\t<\/div>\n\t\t\t\t<div class=\"elementor-element elementor-element-fc3bee4 hover-link-orange  elementor-widget elementor-widget-text-editor\" data-id=\"fc3bee4\" data-element_type=\"widget\" data-widget_type=\"text-editor.default\">\n\t\t\t\t<div class=\"elementor-widget-container\">\n\t\t\t\t\t\t\t\t<div class=\"elementor-text-editor elementor-clearfix\">\n\t\t\t\t<p>Vodja enote: <br \/><b>Manca \u010cerni<\/b><\/p>\t\t\t\t\t<\/div>\n\t\t\t\t\t\t<\/div>\n\t\t\t\t<\/div>\n\t\t\t\t\t\t<\/div>\n\t\t\t\t\t<\/div>\n\t\t<\/div>\n\t\t\t\t\t\t\t\t<\/div>\n\t\t\t\t\t<\/div>\n\t\t<\/section>\n\t\t\t\t<section class=\"elementor-section elementor-inner-section elementor-element elementor-element-e9c174a elementor-section-full_width elementor-hidden-tablet elementor-hidden-phone elementor-section-height-default elementor-section-height-default\" data-id=\"e9c174a\" data-element_type=\"section\" data-settings=\"{&quot;background_background&quot;:&quot;classic&quot;}\">\n\t\t\t\t\t\t<div class=\"elementor-container elementor-column-gap-no\">\n\t\t\t\t\t\t\t<div class=\"elementor-row\">\n\t\t\t\t\t<div class=\"elementor-column elementor-col-100 elementor-inner-column elementor-element elementor-element-744d76c\" data-id=\"744d76c\" data-element_type=\"column\">\n\t\t\t<div class=\"elementor-column-wrap\">\n\t\t\t\t\t\t\t<div class=\"elementor-widget-wrap\">\n\t\t\t\t\t\t\t\t<\/div>\n\t\t\t\t\t<\/div>\n\t\t<\/div>\n\t\t\t\t\t\t\t\t<\/div>\n\t\t\t\t\t<\/div>\n\t\t<\/section>\n\t\t\t\t\t\t<\/div>\n\t\t\t\t\t<\/div>\n\t\t<\/div>\n\t\t\t\t<div class=\"elementor-column elementor-col-50 elementor-top-column elementor-element elementor-element-ec3d38e\" data-id=\"ec3d38e\" data-element_type=\"column\">\n\t\t\t<div class=\"elementor-column-wrap elementor-element-populated\">\n\t\t\t\t\t\t\t<div class=\"elementor-widget-wrap\">\n\t\t\t\t\t\t<div class=\"elementor-element elementor-element-3ed8bf4 elementor-nav-menu--dropdown-none nav-meni-tab-style elementor-widget__width-auto elementor-hidden-phone elementor-widget elementor-widget-nav-menu\" data-id=\"3ed8bf4\" data-element_type=\"widget\" data-settings=\"{&quot;layout&quot;:&quot;horizontal&quot;,&quot;submenu_icon&quot;:{&quot;value&quot;:&quot;&lt;i class=\\&quot;fas fa-caret-down\\&quot;&gt;&lt;\\\/i&gt;&quot;,&quot;library&quot;:&quot;fa-solid&quot;}}\" data-widget_type=\"nav-menu.default\">\n\t\t\t\t<div class=\"elementor-widget-container\">\n\t\t\t\t\t\t<nav migration_allowed=\"1\" migrated=\"0\" class=\"elementor-nav-menu--main elementor-nav-menu__container elementor-nav-menu--layout-horizontal e--pointer-background e--animation-none\">\n\t\t\t\t<ul id=\"menu-1-3ed8bf4\" class=\"elementor-nav-menu\"><li class=\"menu-item menu-item-type-post_type menu-item-object-page current_page_parent menu-item-6115\"><a href=\"https:\/\/vrtec-litija.si\/medvedek\/novice\/\" class=\"elementor-item\">Novice<\/a><\/li>\n<li class=\"menu-item menu-item-type-post_type menu-item-object-page menu-item-home menu-item-3833\"><a href=\"https:\/\/vrtec-litija.si\/medvedek\/\" class=\"elementor-item\">Predstavitev<\/a><\/li>\n<li class=\"menu-item menu-item-type-post_type menu-item-object-page menu-item-3834\"><a href=\"https:\/\/vrtec-litija.si\/medvedek\/zaposleni\/\" class=\"elementor-item\">Zaposleni<\/a><\/li>\n<li class=\"menu-item menu-item-type-post_type menu-item-object-page menu-item-3836\"><a href=\"https:\/\/vrtec-litija.si\/medvedek\/fotogalerija\/\" class=\"elementor-item\">Fotogalerija<\/a><\/li>\n<li class=\"menu-item menu-item-type-post_type menu-item-object-page menu-item-3835\"><a href=\"https:\/\/vrtec-litija.si\/medvedek\/sodelovanja\/\" class=\"elementor-item\">Sodelovanja<\/a><\/li>\n<\/ul>\t\t\t<\/nav>\n\t\t\t\t\t\t<nav class=\"elementor-nav-menu--dropdown elementor-nav-menu__container\" aria-hidden=\"true\">\n\t\t\t\t<ul id=\"menu-2-3ed8bf4\" class=\"elementor-nav-menu\"><li class=\"menu-item menu-item-type-post_type menu-item-object-page current_page_parent menu-item-6115\"><a href=\"https:\/\/vrtec-litija.si\/medvedek\/novice\/\" class=\"elementor-item\" tabindex=\"-1\">Novice<\/a><\/li>\n<li class=\"menu-item menu-item-type-post_type menu-item-object-page menu-item-home menu-item-3833\"><a href=\"https:\/\/vrtec-litija.si\/medvedek\/\" class=\"elementor-item\" tabindex=\"-1\">Predstavitev<\/a><\/li>\n<li class=\"menu-item menu-item-type-post_type menu-item-object-page menu-item-3834\"><a href=\"https:\/\/vrtec-litija.si\/medvedek\/zaposleni\/\" class=\"elementor-item\" tabindex=\"-1\">Zaposleni<\/a><\/li>\n<li class=\"menu-item menu-item-type-post_type menu-item-object-page menu-item-3836\"><a href=\"https:\/\/vrtec-litija.si\/medvedek\/fotogalerija\/\" class=\"elementor-item\" tabindex=\"-1\">Fotogalerija<\/a><\/li>\n<li class=\"menu-item menu-item-type-post_type menu-item-object-page menu-item-3835\"><a href=\"https:\/\/vrtec-litija.si\/medvedek\/sodelovanja\/\" class=\"elementor-item\" tabindex=\"-1\">Sodelovanja<\/a><\/li>\n<\/ul>\t\t\t<\/nav>\n\t\t\t\t<\/div>\n\t\t\t\t<\/div>\n\t\t\t\t<div class=\"elementor-element elementor-element-5088970 elementor-widget elementor-widget-text-editor\" data-id=\"5088970\" data-element_type=\"widget\" data-widget_type=\"text-editor.default\">\n\t\t\t\t<div class=\"elementor-widget-container\">\n\t\t\t\t\t\t\t\t<div class=\"elementor-text-editor elementor-clearfix\">\n\t\t\t\t<p>Enota Medvedek je najve\u010dja enota na\u0161ega vrtca. Stoji na Gra\u0161ki Dobravi, v neposredni bli\u017eini osnovne \u0161ole in gimnazije. V enoti deluje devet oddelkov, del enote je tudi oddelek s prilagojenim programom, v katerega so vklju\u010deni otroci s posebnimi potrebami. Sobivanje z njimi bogati \u017eivljenje vseh, saj pomembno prispeva k razumevanju in sprejemanju druga\u010dnosti.<\/p><p>Igralnice prvega starostnega obdobja imajo neposreden dostop do pokrite terase, ki omogo\u010da bivanje na prostem v razli\u010dnih vremenskih razmerah. Vrtec ima tudi veliko igri\u0161\u010de, kjer imajo otroci za igro in raziskovanje na voljo razgiban teren s travnato in tlakovano povr\u0161ino, ve\u010d peskovnikov, razli\u010dna igrala in \u0161portne rekvizite. Mo\u017enosti za aktivno pre\u017eivljanje \u010dasa v naravi nam ponujajo \u0161e javna igri\u0161\u010da v okoli\u0161kih naseljih ter travniki in gozd v neposredni bli\u017eini. Sodelujemo z razli\u010dnimi ustanovami v mestu \u2013 obiskujemo knji\u017enico, glasbeno \u0161olo, muzej. V na\u0161o sredino radi povabimo gasilce in druge posameznike, ki s svojimi obiski popestrijo dogajanje. Nekajkrat letno organiziramo neformalna sre\u010danja s star\u0161i in tako gradimo povezanost med dru\u017eino in vrtcem.<\/p><p>Strokovni delavci se vse leto trudimo omogo\u010dati pestre dejavnosti in ustvarjati pozitivno klimo, z \u017eeljo, da bi se otroci v \u010dasu, ki ga pre\u017eivijo v vrtcu, dobro po\u010dutili, ob tem pa pridobili razli\u010dna znanja in izku\u0161nje, ki bodo prispevale k njihovemu celostnemu razvoju.<\/p><p><strong>KONTAKTI<\/strong><br \/><a href=\"tel:+38618962535\">+386 1 896 25 35<\/a>\u00a0 (pikapolonice in pol\u017eki)<br \/><a href=\"tel:+38618962536\">+386 1 896 25 36<\/a>\u00a0 (medvedki in polhki)<br \/><a href=\"tel:+38618962537\">+386 1 896 25 37 <\/a>(mi\u0161ke, zajci in race)<br \/><a href=\"tel:+38618962540\">+386 1 896 25 40<\/a>\u00a0 (metulji in sovice)<\/p>\t\t\t\t\t<\/div>\n\t\t\t\t\t\t<\/div>\n\t\t\t\t<\/div>\n\t\t\t\t<div class=\"elementor-element elementor-element-2f5cf82 elementor-nav-menu--dropdown-none nav-meni-tab-style__mobile elementor-widget__width-auto elementor-widget-mobile__width-inherit elementor-hidden-desktop elementor-hidden-tablet elementor-widget elementor-widget-nav-menu\" data-id=\"2f5cf82\" data-element_type=\"widget\" data-settings=\"{&quot;layout&quot;:&quot;vertical&quot;,&quot;submenu_icon&quot;:{&quot;value&quot;:&quot;&lt;i class=\\&quot;fas fa-caret-down\\&quot;&gt;&lt;\\\/i&gt;&quot;,&quot;library&quot;:&quot;fa-solid&quot;}}\" data-widget_type=\"nav-menu.default\">\n\t\t\t\t<div class=\"elementor-widget-container\">\n\t\t\t\t\t\t<nav migration_allowed=\"1\" migrated=\"0\" class=\"elementor-nav-menu--main elementor-nav-menu__container elementor-nav-menu--layout-vertical e--pointer-background e--animation-none\">\n\t\t\t\t<ul id=\"menu-1-2f5cf82\" class=\"elementor-nav-menu sm-vertical\"><li class=\"menu-item menu-item-type-post_type menu-item-object-page current_page_parent menu-item-6115\"><a href=\"https:\/\/vrtec-litija.si\/medvedek\/novice\/\" class=\"elementor-item\">Novice<\/a><\/li>\n<li class=\"menu-item menu-item-type-post_type menu-item-object-page menu-item-home menu-item-3833\"><a href=\"https:\/\/vrtec-litija.si\/medvedek\/\" class=\"elementor-item\">Predstavitev<\/a><\/li>\n<li class=\"menu-item menu-item-type-post_type menu-item-object-page menu-item-3834\"><a href=\"https:\/\/vrtec-litija.si\/medvedek\/zaposleni\/\" class=\"elementor-item\">Zaposleni<\/a><\/li>\n<li class=\"menu-item menu-item-type-post_type menu-item-object-page menu-item-3836\"><a href=\"https:\/\/vrtec-litija.si\/medvedek\/fotogalerija\/\" class=\"elementor-item\">Fotogalerija<\/a><\/li>\n<li class=\"menu-item menu-item-type-post_type menu-item-object-page menu-item-3835\"><a href=\"https:\/\/vrtec-litija.si\/medvedek\/sodelovanja\/\" class=\"elementor-item\">Sodelovanja<\/a><\/li>\n<\/ul>\t\t\t<\/nav>\n\t\t\t\t\t\t<nav class=\"elementor-nav-menu--dropdown elementor-nav-menu__container\" aria-hidden=\"true\">\n\t\t\t\t<ul id=\"menu-2-2f5cf82\" class=\"elementor-nav-menu sm-vertical\"><li class=\"menu-item menu-item-type-post_type menu-item-object-page current_page_parent menu-item-6115\"><a href=\"https:\/\/vrtec-litija.si\/medvedek\/novice\/\" class=\"elementor-item\" tabindex=\"-1\">Novice<\/a><\/li>\n<li class=\"menu-item menu-item-type-post_type menu-item-object-page menu-item-home menu-item-3833\"><a href=\"https:\/\/vrtec-litija.si\/medvedek\/\" class=\"elementor-item\" tabindex=\"-1\">Predstavitev<\/a><\/li>\n<li class=\"menu-item menu-item-type-post_type menu-item-object-page menu-item-3834\"><a href=\"https:\/\/vrtec-litija.si\/medvedek\/zaposleni\/\" class=\"elementor-item\" tabindex=\"-1\">Zaposleni<\/a><\/li>\n<li class=\"menu-item menu-item-type-post_type menu-item-object-page menu-item-3836\"><a href=\"https:\/\/vrtec-litija.si\/medvedek\/fotogalerija\/\" class=\"elementor-item\" tabindex=\"-1\">Fotogalerija<\/a><\/li>\n<li class=\"menu-item menu-item-type-post_type menu-item-object-page menu-item-3835\"><a href=\"https:\/\/vrtec-litija.si\/medvedek\/sodelovanja\/\" class=\"elementor-item\" tabindex=\"-1\">Sodelovanja<\/a><\/li>\n<\/ul>\t\t\t<\/nav>\n\t\t\t\t<\/div>\n\t\t\t\t<\/div>\n\t\t\t\t\t\t<\/div>\n\t\t\t\t\t<\/div>\n\t\t<\/div>\n\t\t\t\t\t\t\t\t<\/div>\n\t\t\t\t\t<\/div>\n\t\t<\/section>\n\t\t\t\t\t\t\t\t\t<\/div>\n\t\t\t<\/div>\n\t\t\t\t\t<\/div>\n\t\t","protected":false},"excerpt":{"rendered":"Enota Medvedek Bevkova 11270 LitijaTelefon: +386 1 896 25 37E-po\u0161ta: medvedek@vrtec-litija.si Oddelek s prilagojenim programom Bevkova 11270 LitijaTelefon: +386 1 896 25 40 Vodja enote: Manca \u010cerni Enota Medvedek je najve\u010dja enota na\u0161ega vrtca. Stoji na Gra\u0161ki Dobravi, v neposredni bli\u017eini osnovne \u0161ole in gimnazije. V enoti deluje devet oddelkov, del enote je tudi oddelek &#8230;","protected":false},"author":1,"featured_media":0,"parent":0,"menu_order":1,"comment_status":"closed","ping_status":"closed","template":"","meta":[],"yoast_head":"<!-- This site is optimized with the Yoast SEO plugin v20.6 - https:\/\/yoast.com\/wordpress\/plugins\/seo\/ -->\n<title>Predstavitev - Enota Medvedek<\/title>\n<meta name=\"robots\" content=\"index, follow, max-snippet:-1, max-image-preview:large, max-video-preview:-1\" \/>\n<link rel=\"canonical\" href=\"https:\/\/vrtec-litija.si\/medvedek\/\" \/>\n<meta property=\"og:locale\" content=\"sl_SI\" \/>\n<meta property=\"og:type\" content=\"article\" \/>\n<meta property=\"og:title\" content=\"Predstavitev - Enota Medvedek\" \/>\n<meta property=\"og:description\" content=\"Enota Medvedek Bevkova 11270 LitijaTelefon: +386 1 896 25 37E-po\u0161ta: medvedek@vrtec-litija.si Oddelek s prilagojenim programom Bevkova 11270 LitijaTelefon: +386 1 896 25 40 Vodja enote: Manca \u010cerni Enota Medvedek je najve\u010dja enota na\u0161ega vrtca. Stoji na Gra\u0161ki Dobravi, v neposredni bli\u017eini osnovne \u0161ole in gimnazije. V enoti deluje devet oddelkov, del enote je tudi oddelek ...\" \/>\n<meta property=\"og:url\" content=\"https:\/\/vrtec-litija.si\/medvedek\/\" \/>\n<meta property=\"og:site_name\" content=\"Enota Medvedek\" \/>\n<meta property=\"article:modified_time\" content=\"2025-02-20T12:01:00+00:00\" \/>\n<meta property=\"og:image\" content=\"https:\/\/vrtec-litija.si\/medvedek\/wp-content\/uploads\/sites\/2\/2021\/01\/vrtec-litija-enote__medvedek.png\" \/>\n<meta name=\"twitter:card\" content=\"summary_large_image\" \/>\n<meta name=\"twitter:label1\" content=\"Est. reading time\" \/>\n\t<meta name=\"twitter:data1\" content=\"2 minuti\" \/>\n<script type=\"application\/ld+json\" class=\"yoast-schema-graph\">{\"@context\":\"https:\/\/schema.org\",\"@graph\":[{\"@type\":\"WebPage\",\"@id\":\"https:\/\/vrtec-litija.si\/medvedek\/\",\"url\":\"https:\/\/vrtec-litija.si\/medvedek\/\",\"name\":\"Predstavitev - Enota Medvedek\",\"isPartOf\":{\"@id\":\"https:\/\/vrtec-litija.si\/medvedek\/#website\"},\"datePublished\":\"2025-02-18T14:02:05+00:00\",\"dateModified\":\"2025-02-20T12:01:00+00:00\",\"inLanguage\":\"sl-SI\",\"potentialAction\":[{\"@type\":\"ReadAction\",\"target\":[\"https:\/\/vrtec-litija.si\/medvedek\/\"]}]},{\"@type\":\"WebSite\",\"@id\":\"https:\/\/vrtec-litija.si\/medvedek\/#website\",\"url\":\"https:\/\/vrtec-litija.si\/medvedek\/\",\"name\":\"Enota Medvedek\",\"description\":\"Vrtec Litija\",\"publisher\":{\"@id\":\"https:\/\/vrtec-litija.si\/medvedek\/#organization\"},\"potentialAction\":[{\"@type\":\"SearchAction\",\"target\":{\"@type\":\"EntryPoint\",\"urlTemplate\":\"https:\/\/vrtec-litija.si\/medvedek\/?s={search_term_string}\"},\"query-input\":\"required name=search_term_string\"}],\"inLanguage\":\"sl-SI\"},{\"@type\":\"Organization\",\"@id\":\"https:\/\/vrtec-litija.si\/medvedek\/#organization\",\"name\":\"Vrtec Litija - Enota Medvedek\",\"url\":\"https:\/\/vrtec-litija.si\/medvedek\/\",\"logo\":{\"@type\":\"ImageObject\",\"inLanguage\":\"sl-SI\",\"@id\":\"https:\/\/vrtec-litija.si\/medvedek\/#\/schema\/logo\/image\/\",\"url\":\"https:\/\/vrtec-litija.si\/medvedek\/wp-content\/uploads\/sites\/2\/2021\/01\/vrtec-litija-logo.png\",\"contentUrl\":\"https:\/\/vrtec-litija.si\/medvedek\/wp-content\/uploads\/sites\/2\/2021\/01\/vrtec-litija-logo.png\",\"width\":300,\"height\":298,\"caption\":\"Vrtec Litija - Enota Medvedek\"},\"image\":{\"@id\":\"https:\/\/vrtec-litija.si\/medvedek\/#\/schema\/logo\/image\/\"}}]}<\/script>\n<!-- \/ Yoast SEO plugin. -->","yoast_head_json":{"title":"Predstavitev - Enota Medvedek","robots":{"index":"index","follow":"follow","max-snippet":"max-snippet:-1","max-image-preview":"max-image-preview:large","max-video-preview":"max-video-preview:-1"},"canonical":"https:\/\/vrtec-litija.si\/medvedek\/","og_locale":"sl_SI","og_type":"article","og_title":"Predstavitev - Enota Medvedek","og_description":"Enota Medvedek Bevkova 11270 LitijaTelefon: +386 1 896 25 37E-po\u0161ta: medvedek@vrtec-litija.si Oddelek s prilagojenim programom Bevkova 11270 LitijaTelefon: +386 1 896 25 40 Vodja enote: Manca \u010cerni Enota Medvedek je najve\u010dja enota na\u0161ega vrtca. Stoji na Gra\u0161ki Dobravi, v neposredni bli\u017eini osnovne \u0161ole in gimnazije. V enoti deluje devet oddelkov, del enote je tudi oddelek ...","og_url":"https:\/\/vrtec-litija.si\/medvedek\/","og_site_name":"Enota Medvedek","article_modified_time":"2025-02-20T12:01:00+00:00","og_image":[{"url":"https:\/\/vrtec-litija.si\/medvedek\/wp-content\/uploads\/sites\/2\/2021\/01\/vrtec-litija-enote__medvedek.png"}],"twitter_card":"summary_large_image","twitter_misc":{"Est. reading time":"2 minuti"},"schema":{"@context":"https:\/\/schema.org","@graph":[{"@type":"WebPage","@id":"https:\/\/vrtec-litija.si\/medvedek\/","url":"https:\/\/vrtec-litija.si\/medvedek\/","name":"Predstavitev - Enota Medvedek","isPartOf":{"@id":"https:\/\/vrtec-litija.si\/medvedek\/#website"},"datePublished":"2025-02-18T14:02:05+00:00","dateModified":"2025-02-20T12:01:00+00:00","inLanguage":"sl-SI","potentialAction":[{"@type":"ReadAction","target":["https:\/\/vrtec-litija.si\/medvedek\/"]}]},{"@type":"WebSite","@id":"https:\/\/vrtec-litija.si\/medvedek\/#website","url":"https:\/\/vrtec-litija.si\/medvedek\/","name":"Enota Medvedek","description":"Vrtec Litija","publisher":{"@id":"https:\/\/vrtec-litija.si\/medvedek\/#organization"},"potentialAction":[{"@type":"SearchAction","target":{"@type":"EntryPoint","urlTemplate":"https:\/\/vrtec-litija.si\/medvedek\/?s={search_term_string}"},"query-input":"required name=search_term_string"}],"inLanguage":"sl-SI"},{"@type":"Organization","@id":"https:\/\/vrtec-litija.si\/medvedek\/#organization","name":"Vrtec Litija - Enota Medvedek","url":"https:\/\/vrtec-litija.si\/medvedek\/","logo":{"@type":"ImageObject","inLanguage":"sl-SI","@id":"https:\/\/vrtec-litija.si\/medvedek\/#\/schema\/logo\/image\/","url":"https:\/\/vrtec-litija.si\/medvedek\/wp-content\/uploads\/sites\/2\/2021\/01\/vrtec-litija-logo.png","contentUrl":"https:\/\/vrtec-litija.si\/medvedek\/wp-content\/uploads\/sites\/2\/2021\/01\/vrtec-litija-logo.png","width":300,"height":298,"caption":"Vrtec Litija - Enota Medvedek"},"image":{"@id":"https:\/\/vrtec-litija.si\/medvedek\/#\/schema\/logo\/image\/"}}]}},"_links":{"self":[{"href":"https:\/\/vrtec-litija.si\/medvedek\/wp-json\/wp\/v2\/pages\/11"}],"collection":[{"href":"https:\/\/vrtec-litija.si\/medvedek\/wp-json\/wp\/v2\/pages"}],"about":[{"href":"https:\/\/vrtec-litija.si\/medvedek\/wp-json\/wp\/v2\/types\/page"}],"author":[{"embeddable":true,"href":"https:\/\/vrtec-litija.si\/medvedek\/wp-json\/wp\/v2\/users\/1"}],"replies":[{"embeddable":true,"href":"https:\/\/vrtec-litija.si\/medvedek\/wp-json\/wp\/v2\/comments?post=11"}],"version-history":[{"count":40,"href":"https:\/\/vrtec-litija.si\/medvedek\/wp-json\/wp\/v2\/pages\/11\/revisions"}],"predecessor-version":[{"id":7392,"href":"https:\/\/vrtec-litija.si\/medvedek\/wp-json\/wp\/v2\/pages\/11\/revisions\/7392"}],"wp:attachment":[{"href":"https:\/\/vrtec-litija.si\/medvedek\/wp-json\/wp\/v2\/media?parent=11"}],"curies":[{"name":"wp","href":"https:\/\/api.w.org\/{rel}","templated":true}]}}