{"id":12,"date":"2012-11-18T15:02:41","date_gmt":"2012-11-18T14:02:41","guid":{"rendered":"http:\/\/www.vrtec-litija.si\/medvedek\/?page_id=7"},"modified":"2025-09-01T06:23:00","modified_gmt":"2025-09-01T05:23:00","slug":"zaposleni","status":"publish","type":"page","link":"https:\/\/vrtec-litija.si\/kresnicka\/zaposleni\/","title":{"rendered":"Zaposleni"},"content":{"rendered":"\t\t<div data-elementor-type=\"wp-page\" data-elementor-id=\"12\" class=\"elementor elementor-12\">\n\t\t\t\t\t\t<div class=\"elementor-inner\">\n\t\t\t\t<div class=\"elementor-section-wrap\">\n\t\t\t\t\t\t\t\t\t<section class=\"elementor-section elementor-top-section elementor-element elementor-element-8e54ec2 elementor-reverse-mobile elementor-section-boxed elementor-section-height-default elementor-section-height-default\" data-id=\"8e54ec2\" data-element_type=\"section\">\n\t\t\t\t\t\t<div class=\"elementor-container elementor-column-gap-default\">\n\t\t\t\t\t\t\t<div class=\"elementor-row\">\n\t\t\t\t\t<div class=\"elementor-column elementor-col-50 elementor-top-column elementor-element elementor-element-d337d85\" data-id=\"d337d85\" data-element_type=\"column\">\n\t\t\t<div class=\"elementor-column-wrap elementor-element-populated\">\n\t\t\t\t\t\t\t<div class=\"elementor-widget-wrap\">\n\t\t\t\t\t\t<div class=\"elementor-element elementor-element-f262095 elementor-widget__width-auto elementor-widget elementor-widget-image\" data-id=\"f262095\" data-element_type=\"widget\" data-widget_type=\"image.default\">\n\t\t\t\t<div class=\"elementor-widget-container\">\n\t\t\t\t\t\t\t\t<div class=\"elementor-image\">\n\t\t\t\t\t\t\t\t\t\t\t\t<img decoding=\"async\" width=\"98\" height=\"62\" src=\"https:\/\/vrtec-litija.si\/kresnicka\/wp-content\/uploads\/sites\/5\/2021\/01\/vrtec-litija-enote__kresnicka.png\" class=\"attachment-full size-full wp-image-4008\" alt=\"\" loading=\"lazy\" \/>\t\t\t\t\t\t\t\t\t\t\t\t\t\t<\/div>\n\t\t\t\t\t\t<\/div>\n\t\t\t\t<\/div>\n\t\t\t\t<section class=\"elementor-section elementor-inner-section elementor-element elementor-element-c1e2e59 elementor-section-full_width elementor-section-content-middle elementor-section-height-default elementor-section-height-default\" data-id=\"c1e2e59\" data-element_type=\"section\" data-settings=\"{&quot;background_background&quot;:&quot;classic&quot;}\">\n\t\t\t\t\t\t<div class=\"elementor-container elementor-column-gap-no\">\n\t\t\t\t\t\t\t<div class=\"elementor-row\">\n\t\t\t\t\t<div class=\"elementor-column elementor-col-100 elementor-inner-column elementor-element elementor-element-3b25314\" data-id=\"3b25314\" data-element_type=\"column\">\n\t\t\t<div class=\"elementor-column-wrap elementor-element-populated\">\n\t\t\t\t\t\t\t<div class=\"elementor-widget-wrap\">\n\t\t\t\t\t\t<div class=\"elementor-element elementor-element-d15eb85 elementor-widget elementor-widget-heading\" data-id=\"d15eb85\" data-element_type=\"widget\" data-widget_type=\"heading.default\">\n\t\t\t\t<div class=\"elementor-widget-container\">\n\t\t\t<p class=\"elementor-heading-title elementor-size-default\">Enota Kresni\u010dka<\/p>\t\t<\/div>\n\t\t\t\t<\/div>\n\t\t\t\t<div class=\"elementor-element elementor-element-ffa4fe2 hover-link-orange  elementor-widget elementor-widget-text-editor\" data-id=\"ffa4fe2\" data-element_type=\"widget\" data-widget_type=\"text-editor.default\">\n\t\t\t\t<div class=\"elementor-widget-container\">\n\t\t\t\t\t\t\t\t<div class=\"elementor-text-editor elementor-clearfix\">\n\t\t\t\t<p><a href=\"https:\/\/goo.gl\/maps\/9rwDEvqJsVB1vweL7\" target=\"_blank\" rel=\"noopener\"><span style=\"color: #333333;\">Kresnice 26a <br \/>1281 Kresnice<br \/><\/span><\/a>Telefon: <span style=\"text-decoration: underline;\"><a href=\"tel:01 897 70 14\">01 897 70 14<\/a><\/span><br \/>E-po\u0161ta:<span style=\"text-decoration: underline;\"> <a href=\"mailto:kresnicka@vrtec-litija.si\">kresnicka@vrtec-litija.si<\/a><\/span><\/p>\t\t\t\t\t<\/div>\n\t\t\t\t\t\t<\/div>\n\t\t\t\t<\/div>\n\t\t\t\t<div class=\"elementor-element elementor-element-75e552b hover-link-orange  elementor-widget elementor-widget-text-editor\" data-id=\"75e552b\" data-element_type=\"widget\" data-widget_type=\"text-editor.default\">\n\t\t\t\t<div class=\"elementor-widget-container\">\n\t\t\t\t\t\t\t\t<div class=\"elementor-text-editor elementor-clearfix\">\n\t\t\t\t<p>Vodja enote: <br \/><strong>Katja Juvan<\/strong><\/p>\t\t\t\t\t<\/div>\n\t\t\t\t\t\t<\/div>\n\t\t\t\t<\/div>\n\t\t\t\t\t\t<\/div>\n\t\t\t\t\t<\/div>\n\t\t<\/div>\n\t\t\t\t\t\t\t\t<\/div>\n\t\t\t\t\t<\/div>\n\t\t<\/section>\n\t\t\t\t<section class=\"elementor-section elementor-inner-section elementor-element elementor-element-5f90025 elementor-section-full_width elementor-hidden-tablet elementor-hidden-phone elementor-section-height-default elementor-section-height-default\" data-id=\"5f90025\" data-element_type=\"section\" data-settings=\"{&quot;background_background&quot;:&quot;classic&quot;}\">\n\t\t\t\t\t\t<div class=\"elementor-container elementor-column-gap-no\">\n\t\t\t\t\t\t\t<div class=\"elementor-row\">\n\t\t\t\t\t<div class=\"elementor-column elementor-col-100 elementor-inner-column elementor-element elementor-element-2ea1ed7\" data-id=\"2ea1ed7\" data-element_type=\"column\">\n\t\t\t<div class=\"elementor-column-wrap\">\n\t\t\t\t\t\t\t<div class=\"elementor-widget-wrap\">\n\t\t\t\t\t\t\t\t<\/div>\n\t\t\t\t\t<\/div>\n\t\t<\/div>\n\t\t\t\t\t\t\t\t<\/div>\n\t\t\t\t\t<\/div>\n\t\t<\/section>\n\t\t\t\t\t\t<\/div>\n\t\t\t\t\t<\/div>\n\t\t<\/div>\n\t\t\t\t<div class=\"elementor-column elementor-col-50 elementor-top-column elementor-element elementor-element-184c52d\" data-id=\"184c52d\" data-element_type=\"column\">\n\t\t\t<div class=\"elementor-column-wrap elementor-element-populated\">\n\t\t\t\t\t\t\t<div class=\"elementor-widget-wrap\">\n\t\t\t\t\t\t<div class=\"elementor-element elementor-element-53b93ec elementor-nav-menu--dropdown-none nav-meni-tab-style elementor-widget__width-auto elementor-hidden-phone elementor-widget elementor-widget-nav-menu\" data-id=\"53b93ec\" data-element_type=\"widget\" data-settings=\"{&quot;layout&quot;:&quot;horizontal&quot;,&quot;submenu_icon&quot;:{&quot;value&quot;:&quot;&lt;i class=\\&quot;fas fa-caret-down\\&quot;&gt;&lt;\\\/i&gt;&quot;,&quot;library&quot;:&quot;fa-solid&quot;}}\" data-widget_type=\"nav-menu.default\">\n\t\t\t\t<div class=\"elementor-widget-container\">\n\t\t\t\t\t\t<nav migration_allowed=\"1\" migrated=\"0\" class=\"elementor-nav-menu--main elementor-nav-menu__container elementor-nav-menu--layout-horizontal e--pointer-background e--animation-none\">\n\t\t\t\t<ul id=\"menu-1-53b93ec\" class=\"elementor-nav-menu\"><li class=\"menu-item menu-item-type-post_type menu-item-object-page current_page_parent menu-item-3825\"><a href=\"https:\/\/vrtec-litija.si\/kresnicka\/novice\/\" class=\"elementor-item\">Novice<\/a><\/li>\n<li class=\"menu-item menu-item-type-post_type menu-item-object-page menu-item-home menu-item-3826\"><a href=\"https:\/\/vrtec-litija.si\/kresnicka\/\" class=\"elementor-item\">Predstavitev<\/a><\/li>\n<li class=\"menu-item menu-item-type-post_type menu-item-object-page menu-item-3827\"><a href=\"https:\/\/vrtec-litija.si\/kresnicka\/zaposleni\/\" class=\"elementor-item\">Zaposleni<\/a><\/li>\n<li class=\"menu-item menu-item-type-post_type menu-item-object-page menu-item-3829\"><a href=\"https:\/\/vrtec-litija.si\/kresnicka\/fotogalerija\/\" class=\"elementor-item\">Fotogalerija<\/a><\/li>\n<li class=\"menu-item menu-item-type-post_type menu-item-object-page menu-item-3828\"><a href=\"https:\/\/vrtec-litija.si\/kresnicka\/sodelovanja\/\" class=\"elementor-item\">Sodelovanja<\/a><\/li>\n<\/ul>\t\t\t<\/nav>\n\t\t\t\t\t\t<nav class=\"elementor-nav-menu--dropdown elementor-nav-menu__container\" aria-hidden=\"true\">\n\t\t\t\t<ul id=\"menu-2-53b93ec\" class=\"elementor-nav-menu\"><li class=\"menu-item menu-item-type-post_type menu-item-object-page current_page_parent menu-item-3825\"><a href=\"https:\/\/vrtec-litija.si\/kresnicka\/novice\/\" class=\"elementor-item\" tabindex=\"-1\">Novice<\/a><\/li>\n<li class=\"menu-item menu-item-type-post_type menu-item-object-page menu-item-home menu-item-3826\"><a href=\"https:\/\/vrtec-litija.si\/kresnicka\/\" class=\"elementor-item\" tabindex=\"-1\">Predstavitev<\/a><\/li>\n<li class=\"menu-item menu-item-type-post_type menu-item-object-page menu-item-3827\"><a href=\"https:\/\/vrtec-litija.si\/kresnicka\/zaposleni\/\" class=\"elementor-item\" tabindex=\"-1\">Zaposleni<\/a><\/li>\n<li class=\"menu-item menu-item-type-post_type menu-item-object-page menu-item-3829\"><a href=\"https:\/\/vrtec-litija.si\/kresnicka\/fotogalerija\/\" class=\"elementor-item\" tabindex=\"-1\">Fotogalerija<\/a><\/li>\n<li class=\"menu-item menu-item-type-post_type menu-item-object-page menu-item-3828\"><a href=\"https:\/\/vrtec-litija.si\/kresnicka\/sodelovanja\/\" class=\"elementor-item\" tabindex=\"-1\">Sodelovanja<\/a><\/li>\n<\/ul>\t\t\t<\/nav>\n\t\t\t\t<\/div>\n\t\t\t\t<\/div>\n\t\t\t\t<div class=\"elementor-element elementor-element-c9fdf7b elementor-widget elementor-widget-text-editor\" data-id=\"c9fdf7b\" data-element_type=\"widget\" data-widget_type=\"text-editor.default\">\n\t\t\t\t<div class=\"elementor-widget-container\">\n\t\t\t\t\t\t\t\t<div class=\"elementor-text-editor elementor-clearfix\">\n\t\t\t\t<p>Vzgojitelji<\/p>\t\t\t\t\t<\/div>\n\t\t\t\t\t\t<\/div>\n\t\t\t\t<\/div>\n\t\t\t\t<div class=\"elementor-element elementor-element-f3dfac5 tabela-enota-vzgojitelji elementor-widget elementor-widget-table\" data-id=\"f3dfac5\" data-element_type=\"widget\" data-widget_type=\"table.default\">\n\t\t\t\t<div class=\"elementor-widget-container\">\n\t\t\t\t\t<table class=\"tafe-table\">\r\n\t\t\t<thead  class=\"tafe-table-header\">\r\n\t\t\t\t<tr>\r\n\t\t\t\t\t<th class=\"elementor-inline-editing elementor-repeater-item-6d43f42\"   >&nbsp;<\/th><th class=\"elementor-inline-editing elementor-repeater-item-51a5776\"   >&nbsp;<\/th><th class=\"elementor-inline-editing elementor-repeater-item-40de728\"   >&nbsp;<\/th><th class=\"elementor-inline-editing elementor-repeater-item-0fb1f83\"   >&nbsp;<\/th>\t\t\t\t<\/tr>\r\n\t\t\t<\/thead>\r\n\t\t\t<tbody class=\"tafe-table-body\">\r\n\t\t\t\t<tr>\r\n\t\t\t\t\t<td   class=\"elementor-repeater-item-b3406a7 elementor-single-td\" >ZAJ\u010cKI<\/td><td   class=\"elementor-repeater-item-55367f1 elementor-single-td\" >HE 2 (3-6)\t<\/td><td   class=\"elementor-repeater-item-87415f9 elementor-single-td\" >Katja Juvan\t<\/td><td   class=\"elementor-repeater-item-f5cdb2f elementor-single-td\" >\u0160pela Kranjc\n<\/td><\/tr><tr><td   class=\"elementor-repeater-item-c42cc41 elementor-single-td\" >MEDVEDKI\t<\/td><td   class=\"elementor-repeater-item-81d09ce elementor-single-td\" >HE 1(1-3)\t<\/td><td   class=\"elementor-repeater-item-cb2d171 elementor-single-td\" >Andreja Mahkovec<\/td><td   class=\"elementor-repeater-item-66e6825 elementor-single-td\" >Bernarda Kukovica\n<\/td>\t\t\t\t<\/tr>\r\n\t\t\t<\/tbody>\r\n\t\t<\/table>\r\n\t\t\r\n\t\t\t\t<\/div>\n\t\t\t\t<\/div>\n\t\t\t\t<div class=\"elementor-element elementor-element-e4f60f7 elementor-widget elementor-widget-text-editor\" data-id=\"e4f60f7\" data-element_type=\"widget\" data-widget_type=\"text-editor.default\">\n\t\t\t\t<div class=\"elementor-widget-container\">\n\t\t\t\t\t\t\t\t<div class=\"elementor-text-editor elementor-clearfix\">\n\t\t\t\t<p><span style=\"color: #e9812d;\">Pokrivanje so\u010dasnosti<\/span>: Barbara Mali<\/p>\t\t\t\t\t<\/div>\n\t\t\t\t\t\t<\/div>\n\t\t\t\t<\/div>\n\t\t\t\t<div class=\"elementor-element elementor-element-41894c2 elementor-widget elementor-widget-text-editor\" data-id=\"41894c2\" data-element_type=\"widget\" data-widget_type=\"text-editor.default\">\n\t\t\t\t<div class=\"elementor-widget-container\">\n\t\t\t\t\t\t\t\t<div class=\"elementor-text-editor elementor-clearfix\">\n\t\t\t\t<p>Kuharska pomo\u010dnica\/\u010distilka: <span style=\"color: #000000;\">\u00a0Milena Bogdanovi\u0107<\/span><\/p>\t\t\t\t\t<\/div>\n\t\t\t\t\t\t<\/div>\n\t\t\t\t<\/div>\n\t\t\t\t<div class=\"elementor-element elementor-element-04fd381 elementor-nav-menu--dropdown-none nav-meni-tab-style__mobile elementor-widget__width-auto elementor-widget-mobile__width-inherit elementor-hidden-desktop elementor-hidden-tablet elementor-widget elementor-widget-nav-menu\" data-id=\"04fd381\" data-element_type=\"widget\" data-settings=\"{&quot;layout&quot;:&quot;vertical&quot;,&quot;submenu_icon&quot;:{&quot;value&quot;:&quot;&lt;i class=\\&quot;fas fa-caret-down\\&quot;&gt;&lt;\\\/i&gt;&quot;,&quot;library&quot;:&quot;fa-solid&quot;}}\" data-widget_type=\"nav-menu.default\">\n\t\t\t\t<div class=\"elementor-widget-container\">\n\t\t\t\t\t\t<nav migration_allowed=\"1\" migrated=\"0\" class=\"elementor-nav-menu--main elementor-nav-menu__container elementor-nav-menu--layout-vertical e--pointer-background e--animation-none\">\n\t\t\t\t<ul id=\"menu-1-04fd381\" class=\"elementor-nav-menu sm-vertical\"><li class=\"menu-item menu-item-type-post_type menu-item-object-page current_page_parent menu-item-3825\"><a href=\"https:\/\/vrtec-litija.si\/kresnicka\/novice\/\" class=\"elementor-item\">Novice<\/a><\/li>\n<li class=\"menu-item menu-item-type-post_type menu-item-object-page menu-item-home menu-item-3826\"><a href=\"https:\/\/vrtec-litija.si\/kresnicka\/\" class=\"elementor-item\">Predstavitev<\/a><\/li>\n<li class=\"menu-item menu-item-type-post_type menu-item-object-page menu-item-3827\"><a href=\"https:\/\/vrtec-litija.si\/kresnicka\/zaposleni\/\" class=\"elementor-item\">Zaposleni<\/a><\/li>\n<li class=\"menu-item menu-item-type-post_type menu-item-object-page menu-item-3829\"><a href=\"https:\/\/vrtec-litija.si\/kresnicka\/fotogalerija\/\" class=\"elementor-item\">Fotogalerija<\/a><\/li>\n<li class=\"menu-item menu-item-type-post_type menu-item-object-page menu-item-3828\"><a href=\"https:\/\/vrtec-litija.si\/kresnicka\/sodelovanja\/\" class=\"elementor-item\">Sodelovanja<\/a><\/li>\n<\/ul>\t\t\t<\/nav>\n\t\t\t\t\t\t<nav class=\"elementor-nav-menu--dropdown elementor-nav-menu__container\" aria-hidden=\"true\">\n\t\t\t\t<ul id=\"menu-2-04fd381\" class=\"elementor-nav-menu sm-vertical\"><li class=\"menu-item menu-item-type-post_type menu-item-object-page current_page_parent menu-item-3825\"><a href=\"https:\/\/vrtec-litija.si\/kresnicka\/novice\/\" class=\"elementor-item\" tabindex=\"-1\">Novice<\/a><\/li>\n<li class=\"menu-item menu-item-type-post_type menu-item-object-page menu-item-home menu-item-3826\"><a href=\"https:\/\/vrtec-litija.si\/kresnicka\/\" class=\"elementor-item\" tabindex=\"-1\">Predstavitev<\/a><\/li>\n<li class=\"menu-item menu-item-type-post_type menu-item-object-page menu-item-3827\"><a href=\"https:\/\/vrtec-litija.si\/kresnicka\/zaposleni\/\" class=\"elementor-item\" tabindex=\"-1\">Zaposleni<\/a><\/li>\n<li class=\"menu-item menu-item-type-post_type menu-item-object-page menu-item-3829\"><a href=\"https:\/\/vrtec-litija.si\/kresnicka\/fotogalerija\/\" class=\"elementor-item\" tabindex=\"-1\">Fotogalerija<\/a><\/li>\n<li class=\"menu-item menu-item-type-post_type menu-item-object-page menu-item-3828\"><a href=\"https:\/\/vrtec-litija.si\/kresnicka\/sodelovanja\/\" class=\"elementor-item\" tabindex=\"-1\">Sodelovanja<\/a><\/li>\n<\/ul>\t\t\t<\/nav>\n\t\t\t\t<\/div>\n\t\t\t\t<\/div>\n\t\t\t\t\t\t<\/div>\n\t\t\t\t\t<\/div>\n\t\t<\/div>\n\t\t\t\t\t\t\t\t<\/div>\n\t\t\t\t\t<\/div>\n\t\t<\/section>\n\t\t\t\t\t\t\t\t\t<\/div>\n\t\t\t<\/div>\n\t\t\t\t\t<\/div>\n\t\t","protected":false},"excerpt":{"rendered":"Enota Kresni\u010dka Kresnice 26a 1281 Kresnice Telefon: 01 897 70 14 E-po\u0161ta: kresnicka@vrtec-litija.si Vodja enote: Katja Juvan Vzgojitelji &nbsp; &nbsp; &nbsp; &nbsp; ZAJ\u010cKI HE 2 (3-6) Katja Juvan \u0160pela Kranjc MEDVEDKI HE 1(1-3) Andreja Mahkovec Bernarda Kukovica Pokrivanje so\u010dasnosti: Barbara Mali Kuharska pomo\u010dnica\/\u010distilka: &nbsp;Milena Bogdanovi\u0107","protected":false},"author":1,"featured_media":0,"parent":0,"menu_order":2,"comment_status":"closed","ping_status":"closed","template":"","meta":[],"yoast_head":"<!-- This site is optimized with the Yoast SEO plugin v20.6 - https:\/\/yoast.com\/wordpress\/plugins\/seo\/ -->\n<title>Zaposleni - Enota Kresnicka<\/title>\n<meta name=\"robots\" content=\"index, follow, max-snippet:-1, max-image-preview:large, max-video-preview:-1\" \/>\n<link rel=\"canonical\" href=\"https:\/\/vrtec-litija.si\/kresnicka\/zaposleni\/\" \/>\n<meta property=\"og:locale\" content=\"sl_SI\" \/>\n<meta property=\"og:type\" content=\"article\" \/>\n<meta property=\"og:title\" content=\"Zaposleni - Enota Kresnicka\" \/>\n<meta property=\"og:description\" content=\"Enota Kresni\u010dka Kresnice 26a 1281 Kresnice Telefon: 01 897 70 14 E-po\u0161ta: kresnicka@vrtec-litija.si Vodja enote: Katja Juvan Vzgojitelji &nbsp; &nbsp; &nbsp; &nbsp; ZAJ\u010cKI HE 2 (3-6) Katja Juvan \u0160pela Kranjc MEDVEDKI HE 1(1-3) Andreja Mahkovec Bernarda Kukovica Pokrivanje so\u010dasnosti: Barbara Mali Kuharska pomo\u010dnica\/\u010distilka: &nbsp;Milena Bogdanovi\u0107\" \/>\n<meta property=\"og:url\" content=\"https:\/\/vrtec-litija.si\/kresnicka\/zaposleni\/\" \/>\n<meta property=\"og:site_name\" content=\"Enota Kresnicka\" \/>\n<meta property=\"article:modified_time\" content=\"2025-09-01T05:23:00+00:00\" \/>\n<meta property=\"og:image\" content=\"https:\/\/vrtec-litija.si\/kresnicka\/wp-content\/uploads\/sites\/5\/2021\/01\/vrtec-litija-enote__kresnicka.png\" \/>\n<meta name=\"twitter:card\" content=\"summary_large_image\" \/>\n<meta name=\"twitter:label1\" content=\"Est. reading time\" \/>\n\t<meta name=\"twitter:data1\" content=\"1 minuta\" \/>\n<script type=\"application\/ld+json\" class=\"yoast-schema-graph\">{\"@context\":\"https:\/\/schema.org\",\"@graph\":[{\"@type\":\"WebPage\",\"@id\":\"https:\/\/vrtec-litija.si\/kresnicka\/zaposleni\/\",\"url\":\"https:\/\/vrtec-litija.si\/kresnicka\/zaposleni\/\",\"name\":\"Zaposleni - Enota Kresnicka\",\"isPartOf\":{\"@id\":\"https:\/\/vrtec-litija.si\/kresnicka\/#website\"},\"datePublished\":\"2012-11-18T14:02:41+00:00\",\"dateModified\":\"2025-09-01T05:23:00+00:00\",\"inLanguage\":\"sl-SI\",\"potentialAction\":[{\"@type\":\"ReadAction\",\"target\":[\"https:\/\/vrtec-litija.si\/kresnicka\/zaposleni\/\"]}]},{\"@type\":\"WebSite\",\"@id\":\"https:\/\/vrtec-litija.si\/kresnicka\/#website\",\"url\":\"https:\/\/vrtec-litija.si\/kresnicka\/\",\"name\":\"Enota Kresnicka\",\"description\":\"Vrtec Litija Kresnicka\",\"publisher\":{\"@id\":\"https:\/\/vrtec-litija.si\/kresnicka\/#organization\"},\"potentialAction\":[{\"@type\":\"SearchAction\",\"target\":{\"@type\":\"EntryPoint\",\"urlTemplate\":\"https:\/\/vrtec-litija.si\/kresnicka\/?s={search_term_string}\"},\"query-input\":\"required name=search_term_string\"}],\"inLanguage\":\"sl-SI\"},{\"@type\":\"Organization\",\"@id\":\"https:\/\/vrtec-litija.si\/kresnicka\/#organization\",\"name\":\"Vrtec Litija - Enota Kresni\u010dka\",\"url\":\"https:\/\/vrtec-litija.si\/kresnicka\/\",\"logo\":{\"@type\":\"ImageObject\",\"inLanguage\":\"sl-SI\",\"@id\":\"https:\/\/vrtec-litija.si\/kresnicka\/#\/schema\/logo\/image\/\",\"url\":\"https:\/\/vrtec-litija.si\/kresnicka\/wp-content\/uploads\/sites\/5\/2021\/01\/vrtec-litija-logo.png\",\"contentUrl\":\"https:\/\/vrtec-litija.si\/kresnicka\/wp-content\/uploads\/sites\/5\/2021\/01\/vrtec-litija-logo.png\",\"width\":300,\"height\":298,\"caption\":\"Vrtec Litija - Enota Kresni\u010dka\"},\"image\":{\"@id\":\"https:\/\/vrtec-litija.si\/kresnicka\/#\/schema\/logo\/image\/\"}}]}<\/script>\n<!-- \/ Yoast SEO plugin. -->","yoast_head_json":{"title":"Zaposleni - Enota Kresnicka","robots":{"index":"index","follow":"follow","max-snippet":"max-snippet:-1","max-image-preview":"max-image-preview:large","max-video-preview":"max-video-preview:-1"},"canonical":"https:\/\/vrtec-litija.si\/kresnicka\/zaposleni\/","og_locale":"sl_SI","og_type":"article","og_title":"Zaposleni - Enota Kresnicka","og_description":"Enota Kresni\u010dka Kresnice 26a 1281 Kresnice Telefon: 01 897 70 14 E-po\u0161ta: kresnicka@vrtec-litija.si Vodja enote: Katja Juvan Vzgojitelji &nbsp; &nbsp; &nbsp; &nbsp; ZAJ\u010cKI HE 2 (3-6) Katja Juvan \u0160pela Kranjc MEDVEDKI HE 1(1-3) Andreja Mahkovec Bernarda Kukovica Pokrivanje so\u010dasnosti: Barbara Mali Kuharska pomo\u010dnica\/\u010distilka: &nbsp;Milena Bogdanovi\u0107","og_url":"https:\/\/vrtec-litija.si\/kresnicka\/zaposleni\/","og_site_name":"Enota Kresnicka","article_modified_time":"2025-09-01T05:23:00+00:00","og_image":[{"url":"https:\/\/vrtec-litija.si\/kresnicka\/wp-content\/uploads\/sites\/5\/2021\/01\/vrtec-litija-enote__kresnicka.png"}],"twitter_card":"summary_large_image","twitter_misc":{"Est. reading time":"1 minuta"},"schema":{"@context":"https:\/\/schema.org","@graph":[{"@type":"WebPage","@id":"https:\/\/vrtec-litija.si\/kresnicka\/zaposleni\/","url":"https:\/\/vrtec-litija.si\/kresnicka\/zaposleni\/","name":"Zaposleni - Enota Kresnicka","isPartOf":{"@id":"https:\/\/vrtec-litija.si\/kresnicka\/#website"},"datePublished":"2012-11-18T14:02:41+00:00","dateModified":"2025-09-01T05:23:00+00:00","inLanguage":"sl-SI","potentialAction":[{"@type":"ReadAction","target":["https:\/\/vrtec-litija.si\/kresnicka\/zaposleni\/"]}]},{"@type":"WebSite","@id":"https:\/\/vrtec-litija.si\/kresnicka\/#website","url":"https:\/\/vrtec-litija.si\/kresnicka\/","name":"Enota Kresnicka","description":"Vrtec Litija Kresnicka","publisher":{"@id":"https:\/\/vrtec-litija.si\/kresnicka\/#organization"},"potentialAction":[{"@type":"SearchAction","target":{"@type":"EntryPoint","urlTemplate":"https:\/\/vrtec-litija.si\/kresnicka\/?s={search_term_string}"},"query-input":"required name=search_term_string"}],"inLanguage":"sl-SI"},{"@type":"Organization","@id":"https:\/\/vrtec-litija.si\/kresnicka\/#organization","name":"Vrtec Litija - Enota Kresni\u010dka","url":"https:\/\/vrtec-litija.si\/kresnicka\/","logo":{"@type":"ImageObject","inLanguage":"sl-SI","@id":"https:\/\/vrtec-litija.si\/kresnicka\/#\/schema\/logo\/image\/","url":"https:\/\/vrtec-litija.si\/kresnicka\/wp-content\/uploads\/sites\/5\/2021\/01\/vrtec-litija-logo.png","contentUrl":"https:\/\/vrtec-litija.si\/kresnicka\/wp-content\/uploads\/sites\/5\/2021\/01\/vrtec-litija-logo.png","width":300,"height":298,"caption":"Vrtec Litija - Enota Kresni\u010dka"},"image":{"@id":"https:\/\/vrtec-litija.si\/kresnicka\/#\/schema\/logo\/image\/"}}]}},"_links":{"self":[{"href":"https:\/\/vrtec-litija.si\/kresnicka\/wp-json\/wp\/v2\/pages\/12"}],"collection":[{"href":"https:\/\/vrtec-litija.si\/kresnicka\/wp-json\/wp\/v2\/pages"}],"about":[{"href":"https:\/\/vrtec-litija.si\/kresnicka\/wp-json\/wp\/v2\/types\/page"}],"author":[{"embeddable":true,"href":"https:\/\/vrtec-litija.si\/kresnicka\/wp-json\/wp\/v2\/users\/1"}],"replies":[{"embeddable":true,"href":"https:\/\/vrtec-litija.si\/kresnicka\/wp-json\/wp\/v2\/comments?post=12"}],"version-history":[{"count":86,"href":"https:\/\/vrtec-litija.si\/kresnicka\/wp-json\/wp\/v2\/pages\/12\/revisions"}],"predecessor-version":[{"id":4361,"href":"https:\/\/vrtec-litija.si\/kresnicka\/wp-json\/wp\/v2\/pages\/12\/revisions\/4361"}],"wp:attachment":[{"href":"https:\/\/vrtec-litija.si\/kresnicka\/wp-json\/wp\/v2\/media?parent=12"}],"curies":[{"name":"wp","href":"https:\/\/api.w.org\/{rel}","templated":true}]}}