{"id":12,"date":"2012-11-18T15:02:41","date_gmt":"2012-11-18T14:02:41","guid":{"rendered":"http:\/\/www.vrtec-litija.si\/medvedek\/?page_id=7"},"modified":"2025-09-01T06:20:29","modified_gmt":"2025-09-01T05:20:29","slug":"zaposleni","status":"publish","type":"page","link":"https:\/\/vrtec-litija.si\/jurcek\/zaposleni\/","title":{"rendered":"Zaposleni"},"content":{"rendered":"\t\t<div data-elementor-type=\"wp-page\" data-elementor-id=\"12\" class=\"elementor elementor-12\">\n\t\t\t\t\t\t<div class=\"elementor-inner\">\n\t\t\t\t<div class=\"elementor-section-wrap\">\n\t\t\t\t\t\t\t\t\t<section class=\"elementor-section elementor-top-section elementor-element elementor-element-8e54ec2 elementor-reverse-mobile elementor-section-boxed elementor-section-height-default elementor-section-height-default\" data-id=\"8e54ec2\" data-element_type=\"section\">\n\t\t\t\t\t\t<div class=\"elementor-container elementor-column-gap-default\">\n\t\t\t\t\t\t\t<div class=\"elementor-row\">\n\t\t\t\t\t<div class=\"elementor-column elementor-col-50 elementor-top-column elementor-element elementor-element-d337d85\" data-id=\"d337d85\" data-element_type=\"column\">\n\t\t\t<div class=\"elementor-column-wrap elementor-element-populated\">\n\t\t\t\t\t\t\t<div class=\"elementor-widget-wrap\">\n\t\t\t\t\t\t<div class=\"elementor-element elementor-element-f262095 elementor-widget__width-auto elementor-widget elementor-widget-image\" data-id=\"f262095\" data-element_type=\"widget\" data-widget_type=\"image.default\">\n\t\t\t\t<div class=\"elementor-widget-container\">\n\t\t\t\t\t\t\t\t<div class=\"elementor-image\">\n\t\t\t\t\t\t\t\t\t\t\t\t<img decoding=\"async\" width=\"97\" height=\"59\" src=\"https:\/\/vrtec-litija.si\/jurcek\/wp-content\/uploads\/sites\/4\/2021\/01\/vrtec-litija-enote__jurcek.png\" class=\"attachment-full size-full wp-image-4278\" alt=\"\" loading=\"lazy\" \/>\t\t\t\t\t\t\t\t\t\t\t\t\t\t<\/div>\n\t\t\t\t\t\t<\/div>\n\t\t\t\t<\/div>\n\t\t\t\t<section class=\"elementor-section elementor-inner-section elementor-element elementor-element-8be6cfd elementor-section-full_width elementor-section-content-middle elementor-section-height-default elementor-section-height-default\" data-id=\"8be6cfd\" data-element_type=\"section\" data-settings=\"{&quot;background_background&quot;:&quot;classic&quot;}\">\n\t\t\t\t\t\t<div class=\"elementor-container elementor-column-gap-no\">\n\t\t\t\t\t\t\t<div class=\"elementor-row\">\n\t\t\t\t\t<div class=\"elementor-column elementor-col-100 elementor-inner-column elementor-element elementor-element-a22e1c5\" data-id=\"a22e1c5\" data-element_type=\"column\">\n\t\t\t<div class=\"elementor-column-wrap elementor-element-populated\">\n\t\t\t\t\t\t\t<div class=\"elementor-widget-wrap\">\n\t\t\t\t\t\t<div class=\"elementor-element elementor-element-e970e98 elementor-widget elementor-widget-heading\" data-id=\"e970e98\" data-element_type=\"widget\" data-widget_type=\"heading.default\">\n\t\t\t\t<div class=\"elementor-widget-container\">\n\t\t\t<p class=\"elementor-heading-title elementor-size-default\">Enota Jur\u010dek<\/p>\t\t<\/div>\n\t\t\t\t<\/div>\n\t\t\t\t<div class=\"elementor-element elementor-element-dc31a55 hover-link-orange  elementor-widget elementor-widget-text-editor\" data-id=\"dc31a55\" data-element_type=\"widget\" data-widget_type=\"text-editor.default\">\n\t\t\t\t<div class=\"elementor-widget-container\">\n\t\t\t\t\t\t\t\t<div class=\"elementor-text-editor elementor-clearfix\">\n\t\t\t\t<p><span style=\"color: #333333;\"><a href=\"https:\/\/goo.gl\/maps\/bbmBzZxymvCFxZ9Q9\" target=\"_blank\" rel=\"noopener\">Jevnica 54 <br \/>1281 Kresnice<\/a><br \/><\/span>Telefon: <span style=\"text-decoration: underline;\"><a href=\"tel:015640084\">01 564 00 84<\/a><br \/><\/span>E-po\u0161ta: <span style=\"text-decoration: underline;\"><a href=\"mailto:jurcek@vrtec-litija.si\">jurcek@vrtec-litija.si<\/a><\/span><\/p>\t\t\t\t\t<\/div>\n\t\t\t\t\t\t<\/div>\n\t\t\t\t<\/div>\n\t\t\t\t<div class=\"elementor-element elementor-element-baa0957 hover-link-orange  elementor-widget elementor-widget-text-editor\" data-id=\"baa0957\" data-element_type=\"widget\" data-widget_type=\"text-editor.default\">\n\t\t\t\t<div class=\"elementor-widget-container\">\n\t\t\t\t\t\t\t\t<div class=\"elementor-text-editor elementor-clearfix\">\n\t\t\t\t<p>Vodja enote: <br \/><strong>Polona \u017dagar Rupar<\/strong><\/p>\t\t\t\t\t<\/div>\n\t\t\t\t\t\t<\/div>\n\t\t\t\t<\/div>\n\t\t\t\t\t\t<\/div>\n\t\t\t\t\t<\/div>\n\t\t<\/div>\n\t\t\t\t\t\t\t\t<\/div>\n\t\t\t\t\t<\/div>\n\t\t<\/section>\n\t\t\t\t<section class=\"elementor-section elementor-inner-section elementor-element elementor-element-5f90025 elementor-section-full_width elementor-hidden-tablet elementor-hidden-phone elementor-section-height-default elementor-section-height-default\" data-id=\"5f90025\" data-element_type=\"section\" data-settings=\"{&quot;background_background&quot;:&quot;classic&quot;}\">\n\t\t\t\t\t\t<div class=\"elementor-container elementor-column-gap-no\">\n\t\t\t\t\t\t\t<div class=\"elementor-row\">\n\t\t\t\t\t<div class=\"elementor-column elementor-col-100 elementor-inner-column elementor-element elementor-element-2ea1ed7\" data-id=\"2ea1ed7\" data-element_type=\"column\">\n\t\t\t<div class=\"elementor-column-wrap\">\n\t\t\t\t\t\t\t<div class=\"elementor-widget-wrap\">\n\t\t\t\t\t\t\t\t<\/div>\n\t\t\t\t\t<\/div>\n\t\t<\/div>\n\t\t\t\t\t\t\t\t<\/div>\n\t\t\t\t\t<\/div>\n\t\t<\/section>\n\t\t\t\t\t\t<\/div>\n\t\t\t\t\t<\/div>\n\t\t<\/div>\n\t\t\t\t<div class=\"elementor-column elementor-col-50 elementor-top-column elementor-element elementor-element-184c52d\" data-id=\"184c52d\" data-element_type=\"column\">\n\t\t\t<div class=\"elementor-column-wrap elementor-element-populated\">\n\t\t\t\t\t\t\t<div class=\"elementor-widget-wrap\">\n\t\t\t\t\t\t<div class=\"elementor-element elementor-element-53b93ec elementor-nav-menu--dropdown-none nav-meni-tab-style elementor-widget__width-auto elementor-hidden-phone elementor-widget elementor-widget-nav-menu\" data-id=\"53b93ec\" data-element_type=\"widget\" data-settings=\"{&quot;layout&quot;:&quot;horizontal&quot;,&quot;submenu_icon&quot;:{&quot;value&quot;:&quot;&lt;i class=\\&quot;fas fa-caret-down\\&quot;&gt;&lt;\\\/i&gt;&quot;,&quot;library&quot;:&quot;fa-solid&quot;}}\" data-widget_type=\"nav-menu.default\">\n\t\t\t\t<div class=\"elementor-widget-container\">\n\t\t\t\t\t\t<nav migration_allowed=\"1\" migrated=\"0\" class=\"elementor-nav-menu--main elementor-nav-menu__container elementor-nav-menu--layout-horizontal e--pointer-background e--animation-none\">\n\t\t\t\t<ul id=\"menu-1-53b93ec\" class=\"elementor-nav-menu\"><li class=\"menu-item menu-item-type-post_type menu-item-object-page current_page_parent menu-item-4252\"><a href=\"https:\/\/vrtec-litija.si\/jurcek\/novice\/\" class=\"elementor-item\">Novice<\/a><\/li>\n<li class=\"menu-item menu-item-type-post_type menu-item-object-page menu-item-home menu-item-3926\"><a href=\"https:\/\/vrtec-litija.si\/jurcek\/\" class=\"elementor-item\">Predstavitev<\/a><\/li>\n<li class=\"menu-item menu-item-type-post_type menu-item-object-page menu-item-3925\"><a href=\"https:\/\/vrtec-litija.si\/jurcek\/zaposleni\/\" class=\"elementor-item\">Zaposleni<\/a><\/li>\n<li class=\"menu-item menu-item-type-post_type menu-item-object-page menu-item-3923\"><a href=\"https:\/\/vrtec-litija.si\/jurcek\/fotogalerija\/\" class=\"elementor-item\">Fotogalerija<\/a><\/li>\n<li class=\"menu-item menu-item-type-post_type menu-item-object-page menu-item-3924\"><a href=\"https:\/\/vrtec-litija.si\/jurcek\/sodelovanja\/\" class=\"elementor-item\">Sodelovanja<\/a><\/li>\n<\/ul>\t\t\t<\/nav>\n\t\t\t\t\t\t<nav class=\"elementor-nav-menu--dropdown elementor-nav-menu__container\" aria-hidden=\"true\">\n\t\t\t\t<ul id=\"menu-2-53b93ec\" class=\"elementor-nav-menu\"><li class=\"menu-item menu-item-type-post_type menu-item-object-page current_page_parent menu-item-4252\"><a href=\"https:\/\/vrtec-litija.si\/jurcek\/novice\/\" class=\"elementor-item\" tabindex=\"-1\">Novice<\/a><\/li>\n<li class=\"menu-item menu-item-type-post_type menu-item-object-page menu-item-home menu-item-3926\"><a href=\"https:\/\/vrtec-litija.si\/jurcek\/\" class=\"elementor-item\" tabindex=\"-1\">Predstavitev<\/a><\/li>\n<li class=\"menu-item menu-item-type-post_type menu-item-object-page menu-item-3925\"><a href=\"https:\/\/vrtec-litija.si\/jurcek\/zaposleni\/\" class=\"elementor-item\" tabindex=\"-1\">Zaposleni<\/a><\/li>\n<li class=\"menu-item menu-item-type-post_type menu-item-object-page menu-item-3923\"><a href=\"https:\/\/vrtec-litija.si\/jurcek\/fotogalerija\/\" class=\"elementor-item\" tabindex=\"-1\">Fotogalerija<\/a><\/li>\n<li class=\"menu-item menu-item-type-post_type menu-item-object-page menu-item-3924\"><a href=\"https:\/\/vrtec-litija.si\/jurcek\/sodelovanja\/\" class=\"elementor-item\" tabindex=\"-1\">Sodelovanja<\/a><\/li>\n<\/ul>\t\t\t<\/nav>\n\t\t\t\t<\/div>\n\t\t\t\t<\/div>\n\t\t\t\t<div class=\"elementor-element elementor-element-e4f60f7 elementor-widget elementor-widget-text-editor\" data-id=\"e4f60f7\" data-element_type=\"widget\" data-widget_type=\"text-editor.default\">\n\t\t\t\t<div class=\"elementor-widget-container\">\n\t\t\t\t\t\t\t\t<div class=\"elementor-text-editor elementor-clearfix\">\n\t\t\t\t<p><span style=\"color: #e9812d;\">Vzgojitelji<\/span><\/p>\t\t\t\t\t<\/div>\n\t\t\t\t\t\t<\/div>\n\t\t\t\t<\/div>\n\t\t\t\t<div class=\"elementor-element elementor-element-f3dfac5 tabela-enota-vzgojitelji elementor-widget elementor-widget-table\" data-id=\"f3dfac5\" data-element_type=\"widget\" data-widget_type=\"table.default\">\n\t\t\t\t<div class=\"elementor-widget-container\">\n\t\t\t\t\t<table class=\"tafe-table\">\r\n\t\t\t<thead  class=\"tafe-table-header\">\r\n\t\t\t\t<tr>\r\n\t\t\t\t\t<th class=\"elementor-inline-editing elementor-repeater-item-6d43f42\"   >&nbsp;<\/th><th class=\"elementor-inline-editing elementor-repeater-item-51a5776\"   >&nbsp;<\/th><th class=\"elementor-inline-editing elementor-repeater-item-40de728\"   >&nbsp;<\/th><th class=\"elementor-inline-editing elementor-repeater-item-0fb1f83\"   >&nbsp;<\/th>\t\t\t\t<\/tr>\r\n\t\t\t<\/thead>\r\n\t\t\t<tbody class=\"tafe-table-body\">\r\n\t\t\t\t<tr>\r\n\t\t\t\t\t<td   class=\"elementor-repeater-item-b3406a7 elementor-single-td\" >MAVRICE<\/td><td   class=\"elementor-repeater-item-55367f1 elementor-single-td\" >He 2 (4-6)<\/td><td   class=\"elementor-repeater-item-87415f9 elementor-single-td\" >Alenka Lov\u0161e<\/td><td   class=\"elementor-repeater-item-f5cdb2f elementor-single-td\" >Jasna Budimli\u0107<\/td><\/tr><tr><td   class=\"elementor-repeater-item-c42cc41 elementor-single-td\" >SON\u010cKI<\/td><td   class=\"elementor-repeater-item-81d09ce elementor-single-td\" >Komb (2-4)<\/td><td   class=\"elementor-repeater-item-cb2d171 elementor-single-td\" >Tja\u0161a Bajec<\/td><td   class=\"elementor-repeater-item-66e6825 elementor-single-td\" >Katja Plaznik<\/td><\/tr><tr><td   class=\"elementor-repeater-item-803d3c5 elementor-single-td\" >OBLA\u010cKI<\/td><td   class=\"elementor-repeater-item-c35fea4 elementor-single-td\" >HO1 (2-3)\t<\/td><td   class=\"elementor-repeater-item-75cb766 elementor-single-td\" >Polona \u017dagar Rupar<\/td><td   class=\"elementor-repeater-item-3d31931 elementor-single-td\" >Nina Odlazek<\/td><\/tr><tr><td   class=\"elementor-repeater-item-3630a4f elementor-single-td\" >KAPLJICE<\/td><td   class=\"elementor-repeater-item-47824e9 elementor-single-td\" >HO 1 (1-2)<\/td><td   class=\"elementor-repeater-item-c8e7a97 elementor-single-td\" >Klara Drobe\u017e<\/td><td   class=\"elementor-repeater-item-d56988b elementor-single-td\" >Ika Koderman<\/td>\t\t\t\t<\/tr>\r\n\t\t\t<\/tbody>\r\n\t\t<\/table>\r\n\t\t\r\n\t\t\t\t<\/div>\n\t\t\t\t<\/div>\n\t\t\t\t<div class=\"elementor-element elementor-element-c0b3f89 elementor-widget elementor-widget-text-editor\" data-id=\"c0b3f89\" data-element_type=\"widget\" data-widget_type=\"text-editor.default\">\n\t\t\t\t<div class=\"elementor-widget-container\">\n\t\t\t\t\t\t\t\t<div class=\"elementor-text-editor elementor-clearfix\">\n\t\t\t\t<p><span style=\"color: #e9812d;\">Pokrivanje so\u010dasnosti<\/span>:\u00a0<\/p>\t\t\t\t\t<\/div>\n\t\t\t\t\t\t<\/div>\n\t\t\t\t<\/div>\n\t\t\t\t<div class=\"elementor-element elementor-element-81464d0 elementor-widget elementor-widget-text-editor\" data-id=\"81464d0\" data-element_type=\"widget\" data-widget_type=\"text-editor.default\">\n\t\t\t\t<div class=\"elementor-widget-container\">\n\t\t\t\t\t\t\t\t<div class=\"elementor-text-editor elementor-clearfix\">\n\t\t\t\t<p><span style=\"color: #e9812d;\">Kuharica<\/span>: Darja Bu\u010dar<\/p>\t\t\t\t\t<\/div>\n\t\t\t\t\t\t<\/div>\n\t\t\t\t<\/div>\n\t\t\t\t<div class=\"elementor-element elementor-element-8081208 elementor-widget elementor-widget-text-editor\" data-id=\"8081208\" data-element_type=\"widget\" data-widget_type=\"text-editor.default\">\n\t\t\t\t<div class=\"elementor-widget-container\">\n\t\t\t\t\t\t\t\t<div class=\"elementor-text-editor elementor-clearfix\">\n\t\t\t\t<p><span style=\"color: #e9812d;\">\u010cistilka<\/span>:\u00a0<\/p>\t\t\t\t\t<\/div>\n\t\t\t\t\t\t<\/div>\n\t\t\t\t<\/div>\n\t\t\t\t<div class=\"elementor-element elementor-element-04fd381 elementor-nav-menu--dropdown-none nav-meni-tab-style__mobile elementor-widget__width-auto elementor-widget-mobile__width-inherit elementor-hidden-desktop elementor-hidden-tablet elementor-widget elementor-widget-nav-menu\" data-id=\"04fd381\" data-element_type=\"widget\" data-settings=\"{&quot;layout&quot;:&quot;vertical&quot;,&quot;submenu_icon&quot;:{&quot;value&quot;:&quot;&lt;i class=\\&quot;fas fa-caret-down\\&quot;&gt;&lt;\\\/i&gt;&quot;,&quot;library&quot;:&quot;fa-solid&quot;}}\" data-widget_type=\"nav-menu.default\">\n\t\t\t\t<div class=\"elementor-widget-container\">\n\t\t\t\t\t\t<nav migration_allowed=\"1\" migrated=\"0\" class=\"elementor-nav-menu--main elementor-nav-menu__container elementor-nav-menu--layout-vertical e--pointer-background e--animation-none\">\n\t\t\t\t<ul id=\"menu-1-04fd381\" class=\"elementor-nav-menu sm-vertical\"><li class=\"menu-item menu-item-type-post_type menu-item-object-page current_page_parent menu-item-4252\"><a href=\"https:\/\/vrtec-litija.si\/jurcek\/novice\/\" class=\"elementor-item\">Novice<\/a><\/li>\n<li class=\"menu-item menu-item-type-post_type menu-item-object-page menu-item-home menu-item-3926\"><a href=\"https:\/\/vrtec-litija.si\/jurcek\/\" class=\"elementor-item\">Predstavitev<\/a><\/li>\n<li class=\"menu-item menu-item-type-post_type menu-item-object-page menu-item-3925\"><a href=\"https:\/\/vrtec-litija.si\/jurcek\/zaposleni\/\" class=\"elementor-item\">Zaposleni<\/a><\/li>\n<li class=\"menu-item menu-item-type-post_type menu-item-object-page menu-item-3923\"><a href=\"https:\/\/vrtec-litija.si\/jurcek\/fotogalerija\/\" class=\"elementor-item\">Fotogalerija<\/a><\/li>\n<li class=\"menu-item menu-item-type-post_type menu-item-object-page menu-item-3924\"><a href=\"https:\/\/vrtec-litija.si\/jurcek\/sodelovanja\/\" class=\"elementor-item\">Sodelovanja<\/a><\/li>\n<\/ul>\t\t\t<\/nav>\n\t\t\t\t\t\t<nav class=\"elementor-nav-menu--dropdown elementor-nav-menu__container\" aria-hidden=\"true\">\n\t\t\t\t<ul id=\"menu-2-04fd381\" class=\"elementor-nav-menu sm-vertical\"><li class=\"menu-item menu-item-type-post_type menu-item-object-page current_page_parent menu-item-4252\"><a href=\"https:\/\/vrtec-litija.si\/jurcek\/novice\/\" class=\"elementor-item\" tabindex=\"-1\">Novice<\/a><\/li>\n<li class=\"menu-item menu-item-type-post_type menu-item-object-page menu-item-home menu-item-3926\"><a href=\"https:\/\/vrtec-litija.si\/jurcek\/\" class=\"elementor-item\" tabindex=\"-1\">Predstavitev<\/a><\/li>\n<li class=\"menu-item menu-item-type-post_type menu-item-object-page menu-item-3925\"><a href=\"https:\/\/vrtec-litija.si\/jurcek\/zaposleni\/\" class=\"elementor-item\" tabindex=\"-1\">Zaposleni<\/a><\/li>\n<li class=\"menu-item menu-item-type-post_type menu-item-object-page menu-item-3923\"><a href=\"https:\/\/vrtec-litija.si\/jurcek\/fotogalerija\/\" class=\"elementor-item\" tabindex=\"-1\">Fotogalerija<\/a><\/li>\n<li class=\"menu-item menu-item-type-post_type menu-item-object-page menu-item-3924\"><a href=\"https:\/\/vrtec-litija.si\/jurcek\/sodelovanja\/\" class=\"elementor-item\" tabindex=\"-1\">Sodelovanja<\/a><\/li>\n<\/ul>\t\t\t<\/nav>\n\t\t\t\t<\/div>\n\t\t\t\t<\/div>\n\t\t\t\t\t\t<\/div>\n\t\t\t\t\t<\/div>\n\t\t<\/div>\n\t\t\t\t\t\t\t\t<\/div>\n\t\t\t\t\t<\/div>\n\t\t<\/section>\n\t\t\t\t\t\t\t\t\t<\/div>\n\t\t\t<\/div>\n\t\t\t\t\t<\/div>\n\t\t","protected":false},"excerpt":{"rendered":"Enota Jur\u010dek Jevnica 54 1281 Kresnice Telefon: 01 564 00 84 E-po\u0161ta: jurcek@vrtec-litija.si Vodja enote: Polona \u017dagar Rupar Vzgojitelji &nbsp; &nbsp; &nbsp; &nbsp; MAVRICE He 2 (4-6) Alenka Lov\u0161e Jasna Budimli\u0107 SON\u010cKI Komb (2-4) Tja\u0161a Bajec Katja Plaznik OBLA\u010cKI HO1 (2-3) Polona \u017dagar Rupar Nina Odlazek KAPLJICE HO 1 (1-2) Klara Drobe\u017e Ika Koderman Pokrivanje &#8230;","protected":false},"author":1,"featured_media":0,"parent":0,"menu_order":2,"comment_status":"closed","ping_status":"closed","template":"","meta":[],"yoast_head":"<!-- This site is optimized with the Yoast SEO plugin v20.6 - https:\/\/yoast.com\/wordpress\/plugins\/seo\/ -->\n<title>Zaposleni - Enota Jurcek<\/title>\n<meta name=\"robots\" content=\"index, follow, max-snippet:-1, max-image-preview:large, max-video-preview:-1\" \/>\n<link rel=\"canonical\" href=\"https:\/\/vrtec-litija.si\/jurcek\/zaposleni\/\" \/>\n<meta property=\"og:locale\" content=\"sl_SI\" \/>\n<meta property=\"og:type\" content=\"article\" \/>\n<meta property=\"og:title\" content=\"Zaposleni - Enota Jurcek\" \/>\n<meta property=\"og:description\" content=\"Enota Jur\u010dek Jevnica 54 1281 Kresnice Telefon: 01 564 00 84 E-po\u0161ta: jurcek@vrtec-litija.si Vodja enote: Polona \u017dagar Rupar Vzgojitelji &nbsp; &nbsp; &nbsp; &nbsp; MAVRICE He 2 (4-6) Alenka Lov\u0161e Jasna Budimli\u0107 SON\u010cKI Komb (2-4) Tja\u0161a Bajec Katja Plaznik OBLA\u010cKI HO1 (2-3) Polona \u017dagar Rupar Nina Odlazek KAPLJICE HO 1 (1-2) Klara Drobe\u017e Ika Koderman Pokrivanje ...\" \/>\n<meta property=\"og:url\" content=\"https:\/\/vrtec-litija.si\/jurcek\/zaposleni\/\" \/>\n<meta property=\"og:site_name\" content=\"Enota Jurcek\" \/>\n<meta property=\"article:modified_time\" content=\"2025-09-01T05:20:29+00:00\" \/>\n<meta property=\"og:image\" content=\"https:\/\/vrtec-litija.si\/jurcek\/wp-content\/uploads\/sites\/4\/2021\/01\/vrtec-litija-enote__jurcek.png\" \/>\n<meta name=\"twitter:card\" content=\"summary_large_image\" \/>\n<meta name=\"twitter:label1\" content=\"Est. reading time\" \/>\n\t<meta name=\"twitter:data1\" content=\"1 minuta\" \/>\n<script type=\"application\/ld+json\" class=\"yoast-schema-graph\">{\"@context\":\"https:\/\/schema.org\",\"@graph\":[{\"@type\":\"WebPage\",\"@id\":\"https:\/\/vrtec-litija.si\/jurcek\/zaposleni\/\",\"url\":\"https:\/\/vrtec-litija.si\/jurcek\/zaposleni\/\",\"name\":\"Zaposleni - Enota Jurcek\",\"isPartOf\":{\"@id\":\"https:\/\/vrtec-litija.si\/jurcek\/#website\"},\"datePublished\":\"2012-11-18T14:02:41+00:00\",\"dateModified\":\"2025-09-01T05:20:29+00:00\",\"inLanguage\":\"sl-SI\",\"potentialAction\":[{\"@type\":\"ReadAction\",\"target\":[\"https:\/\/vrtec-litija.si\/jurcek\/zaposleni\/\"]}]},{\"@type\":\"WebSite\",\"@id\":\"https:\/\/vrtec-litija.si\/jurcek\/#website\",\"url\":\"https:\/\/vrtec-litija.si\/jurcek\/\",\"name\":\"Enota Jurcek\",\"description\":\"Vrtec Litija\",\"publisher\":{\"@id\":\"https:\/\/vrtec-litija.si\/jurcek\/#organization\"},\"potentialAction\":[{\"@type\":\"SearchAction\",\"target\":{\"@type\":\"EntryPoint\",\"urlTemplate\":\"https:\/\/vrtec-litija.si\/jurcek\/?s={search_term_string}\"},\"query-input\":\"required name=search_term_string\"}],\"inLanguage\":\"sl-SI\"},{\"@type\":\"Organization\",\"@id\":\"https:\/\/vrtec-litija.si\/jurcek\/#organization\",\"name\":\"Vrtec Litija - Enota Jurcek\",\"url\":\"https:\/\/vrtec-litija.si\/jurcek\/\",\"logo\":{\"@type\":\"ImageObject\",\"inLanguage\":\"sl-SI\",\"@id\":\"https:\/\/vrtec-litija.si\/jurcek\/#\/schema\/logo\/image\/\",\"url\":\"https:\/\/vrtec-litija.si\/jurcek\/wp-content\/uploads\/sites\/4\/2021\/01\/vrtec-litija-logo.png\",\"contentUrl\":\"https:\/\/vrtec-litija.si\/jurcek\/wp-content\/uploads\/sites\/4\/2021\/01\/vrtec-litija-logo.png\",\"width\":300,\"height\":298,\"caption\":\"Vrtec Litija - Enota Jurcek\"},\"image\":{\"@id\":\"https:\/\/vrtec-litija.si\/jurcek\/#\/schema\/logo\/image\/\"}}]}<\/script>\n<!-- \/ Yoast SEO plugin. -->","yoast_head_json":{"title":"Zaposleni - Enota Jurcek","robots":{"index":"index","follow":"follow","max-snippet":"max-snippet:-1","max-image-preview":"max-image-preview:large","max-video-preview":"max-video-preview:-1"},"canonical":"https:\/\/vrtec-litija.si\/jurcek\/zaposleni\/","og_locale":"sl_SI","og_type":"article","og_title":"Zaposleni - Enota Jurcek","og_description":"Enota Jur\u010dek Jevnica 54 1281 Kresnice Telefon: 01 564 00 84 E-po\u0161ta: jurcek@vrtec-litija.si Vodja enote: Polona \u017dagar Rupar Vzgojitelji &nbsp; &nbsp; &nbsp; &nbsp; MAVRICE He 2 (4-6) Alenka Lov\u0161e Jasna Budimli\u0107 SON\u010cKI Komb (2-4) Tja\u0161a Bajec Katja Plaznik OBLA\u010cKI HO1 (2-3) Polona \u017dagar Rupar Nina Odlazek KAPLJICE HO 1 (1-2) Klara Drobe\u017e Ika Koderman Pokrivanje ...","og_url":"https:\/\/vrtec-litija.si\/jurcek\/zaposleni\/","og_site_name":"Enota Jurcek","article_modified_time":"2025-09-01T05:20:29+00:00","og_image":[{"url":"https:\/\/vrtec-litija.si\/jurcek\/wp-content\/uploads\/sites\/4\/2021\/01\/vrtec-litija-enote__jurcek.png"}],"twitter_card":"summary_large_image","twitter_misc":{"Est. reading time":"1 minuta"},"schema":{"@context":"https:\/\/schema.org","@graph":[{"@type":"WebPage","@id":"https:\/\/vrtec-litija.si\/jurcek\/zaposleni\/","url":"https:\/\/vrtec-litija.si\/jurcek\/zaposleni\/","name":"Zaposleni - Enota Jurcek","isPartOf":{"@id":"https:\/\/vrtec-litija.si\/jurcek\/#website"},"datePublished":"2012-11-18T14:02:41+00:00","dateModified":"2025-09-01T05:20:29+00:00","inLanguage":"sl-SI","potentialAction":[{"@type":"ReadAction","target":["https:\/\/vrtec-litija.si\/jurcek\/zaposleni\/"]}]},{"@type":"WebSite","@id":"https:\/\/vrtec-litija.si\/jurcek\/#website","url":"https:\/\/vrtec-litija.si\/jurcek\/","name":"Enota Jurcek","description":"Vrtec Litija","publisher":{"@id":"https:\/\/vrtec-litija.si\/jurcek\/#organization"},"potentialAction":[{"@type":"SearchAction","target":{"@type":"EntryPoint","urlTemplate":"https:\/\/vrtec-litija.si\/jurcek\/?s={search_term_string}"},"query-input":"required name=search_term_string"}],"inLanguage":"sl-SI"},{"@type":"Organization","@id":"https:\/\/vrtec-litija.si\/jurcek\/#organization","name":"Vrtec Litija - Enota Jurcek","url":"https:\/\/vrtec-litija.si\/jurcek\/","logo":{"@type":"ImageObject","inLanguage":"sl-SI","@id":"https:\/\/vrtec-litija.si\/jurcek\/#\/schema\/logo\/image\/","url":"https:\/\/vrtec-litija.si\/jurcek\/wp-content\/uploads\/sites\/4\/2021\/01\/vrtec-litija-logo.png","contentUrl":"https:\/\/vrtec-litija.si\/jurcek\/wp-content\/uploads\/sites\/4\/2021\/01\/vrtec-litija-logo.png","width":300,"height":298,"caption":"Vrtec Litija - Enota Jurcek"},"image":{"@id":"https:\/\/vrtec-litija.si\/jurcek\/#\/schema\/logo\/image\/"}}]}},"_links":{"self":[{"href":"https:\/\/vrtec-litija.si\/jurcek\/wp-json\/wp\/v2\/pages\/12"}],"collection":[{"href":"https:\/\/vrtec-litija.si\/jurcek\/wp-json\/wp\/v2\/pages"}],"about":[{"href":"https:\/\/vrtec-litija.si\/jurcek\/wp-json\/wp\/v2\/types\/page"}],"author":[{"embeddable":true,"href":"https:\/\/vrtec-litija.si\/jurcek\/wp-json\/wp\/v2\/users\/1"}],"replies":[{"embeddable":true,"href":"https:\/\/vrtec-litija.si\/jurcek\/wp-json\/wp\/v2\/comments?post=12"}],"version-history":[{"count":83,"href":"https:\/\/vrtec-litija.si\/jurcek\/wp-json\/wp\/v2\/pages\/12\/revisions"}],"predecessor-version":[{"id":4825,"href":"https:\/\/vrtec-litija.si\/jurcek\/wp-json\/wp\/v2\/pages\/12\/revisions\/4825"}],"wp:attachment":[{"href":"https:\/\/vrtec-litija.si\/jurcek\/wp-json\/wp\/v2\/media?parent=12"}],"curies":[{"name":"wp","href":"https:\/\/api.w.org\/{rel}","templated":true}]}}