{"id":12,"date":"2012-11-18T15:02:41","date_gmt":"2012-11-18T14:02:41","guid":{"rendered":"http:\/\/www.vrtec-litija.si\/medvedek\/?page_id=7"},"modified":"2025-09-01T06:35:29","modified_gmt":"2025-09-01T05:35:29","slug":"zaposleni","status":"publish","type":"page","link":"https:\/\/vrtec-litija.si\/gricek\/zaposleni\/","title":{"rendered":"Zaposleni"},"content":{"rendered":"\t\t<div data-elementor-type=\"wp-page\" data-elementor-id=\"12\" class=\"elementor elementor-12\">\n\t\t\t\t\t\t<div class=\"elementor-inner\">\n\t\t\t\t<div class=\"elementor-section-wrap\">\n\t\t\t\t\t\t\t\t\t<section class=\"elementor-section elementor-top-section elementor-element elementor-element-8e54ec2 elementor-reverse-mobile elementor-section-boxed elementor-section-height-default elementor-section-height-default\" data-id=\"8e54ec2\" data-element_type=\"section\">\n\t\t\t\t\t\t<div class=\"elementor-container elementor-column-gap-default\">\n\t\t\t\t\t\t\t<div class=\"elementor-row\">\n\t\t\t\t\t<div class=\"elementor-column elementor-col-50 elementor-top-column elementor-element elementor-element-d337d85\" data-id=\"d337d85\" data-element_type=\"column\">\n\t\t\t<div class=\"elementor-column-wrap elementor-element-populated\">\n\t\t\t\t\t\t\t<div class=\"elementor-widget-wrap\">\n\t\t\t\t\t\t<div class=\"elementor-element elementor-element-f262095 elementor-widget__width-auto elementor-widget elementor-widget-image\" data-id=\"f262095\" data-element_type=\"widget\" data-widget_type=\"image.default\">\n\t\t\t\t<div class=\"elementor-widget-container\">\n\t\t\t\t\t\t\t\t<div class=\"elementor-image\">\n\t\t\t\t\t\t\t\t\t\t\t\t<img decoding=\"async\" width=\"127\" height=\"42\" src=\"https:\/\/vrtec-litija.si\/gricek\/wp-content\/uploads\/sites\/10\/2021\/01\/icon-gricek.png\" class=\"attachment-full size-full wp-image-4102\" alt=\"\" loading=\"lazy\" \/>\t\t\t\t\t\t\t\t\t\t\t\t\t\t<\/div>\n\t\t\t\t\t\t<\/div>\n\t\t\t\t<\/div>\n\t\t\t\t<section class=\"elementor-section elementor-inner-section elementor-element elementor-element-c0ab257 elementor-section-full_width elementor-section-content-middle elementor-section-height-default elementor-section-height-default\" data-id=\"c0ab257\" data-element_type=\"section\" data-settings=\"{&quot;background_background&quot;:&quot;classic&quot;}\">\n\t\t\t\t\t\t<div class=\"elementor-container elementor-column-gap-no\">\n\t\t\t\t\t\t\t<div class=\"elementor-row\">\n\t\t\t\t\t<div class=\"elementor-column elementor-col-100 elementor-inner-column elementor-element elementor-element-731bd79\" data-id=\"731bd79\" data-element_type=\"column\">\n\t\t\t<div class=\"elementor-column-wrap elementor-element-populated\">\n\t\t\t\t\t\t\t<div class=\"elementor-widget-wrap\">\n\t\t\t\t\t\t<div class=\"elementor-element elementor-element-09b5237 elementor-widget elementor-widget-heading\" data-id=\"09b5237\" data-element_type=\"widget\" data-widget_type=\"heading.default\">\n\t\t\t\t<div class=\"elementor-widget-container\">\n\t\t\t<p class=\"elementor-heading-title elementor-size-default\">Enota Gri\u010dek<\/p>\t\t<\/div>\n\t\t\t\t<\/div>\n\t\t\t\t<div class=\"elementor-element elementor-element-d55b595 hover-link-orange  elementor-widget elementor-widget-text-editor\" data-id=\"d55b595\" data-element_type=\"widget\" data-widget_type=\"text-editor.default\">\n\t\t\t\t<div class=\"elementor-widget-container\">\n\t\t\t\t\t\t\t\t<div class=\"elementor-text-editor elementor-clearfix\">\n\t\t\t\t<p><a href=\"https:\/\/goo.gl\/maps\/hqXUuHPtGXDfPfceA\" target=\"_blank\" rel=\"noopener\"><span style=\"color: #333333;\">Partizanska pot 21 <br \/>1270 Litija<br \/><\/span><\/a>Telefon: <span style=\"text-decoration: underline;\"><a href=\"tel:018962542\">01 896 25 42<\/a><\/span><br \/>E-naslov:\u00a0<span style=\"text-decoration: underline;\"><a href=\"mailto:gricek@vrtec-litija.si\">gricek@vrtec-litija.si<\/a><\/span><\/p>\t\t\t\t\t<\/div>\n\t\t\t\t\t\t<\/div>\n\t\t\t\t<\/div>\n\t\t\t\t<div class=\"elementor-element elementor-element-132a7d9 hover-link-orange  elementor-widget elementor-widget-text-editor\" data-id=\"132a7d9\" data-element_type=\"widget\" data-widget_type=\"text-editor.default\">\n\t\t\t\t<div class=\"elementor-widget-container\">\n\t\t\t\t\t\t\t\t<div class=\"elementor-text-editor elementor-clearfix\">\n\t\t\t\t<p>Vodja enote: <br \/><strong>Renata Mlinar<\/strong><\/p>\t\t\t\t\t<\/div>\n\t\t\t\t\t\t<\/div>\n\t\t\t\t<\/div>\n\t\t\t\t\t\t<\/div>\n\t\t\t\t\t<\/div>\n\t\t<\/div>\n\t\t\t\t\t\t\t\t<\/div>\n\t\t\t\t\t<\/div>\n\t\t<\/section>\n\t\t\t\t<section class=\"elementor-section elementor-inner-section elementor-element elementor-element-5f90025 elementor-section-full_width elementor-hidden-tablet elementor-hidden-phone elementor-section-height-default elementor-section-height-default\" data-id=\"5f90025\" data-element_type=\"section\" data-settings=\"{&quot;background_background&quot;:&quot;classic&quot;}\">\n\t\t\t\t\t\t<div class=\"elementor-container elementor-column-gap-no\">\n\t\t\t\t\t\t\t<div class=\"elementor-row\">\n\t\t\t\t\t<div class=\"elementor-column elementor-col-100 elementor-inner-column elementor-element elementor-element-2ea1ed7\" data-id=\"2ea1ed7\" data-element_type=\"column\">\n\t\t\t<div class=\"elementor-column-wrap\">\n\t\t\t\t\t\t\t<div class=\"elementor-widget-wrap\">\n\t\t\t\t\t\t\t\t<\/div>\n\t\t\t\t\t<\/div>\n\t\t<\/div>\n\t\t\t\t\t\t\t\t<\/div>\n\t\t\t\t\t<\/div>\n\t\t<\/section>\n\t\t\t\t\t\t<\/div>\n\t\t\t\t\t<\/div>\n\t\t<\/div>\n\t\t\t\t<div class=\"elementor-column elementor-col-50 elementor-top-column elementor-element elementor-element-184c52d\" data-id=\"184c52d\" data-element_type=\"column\">\n\t\t\t<div class=\"elementor-column-wrap elementor-element-populated\">\n\t\t\t\t\t\t\t<div class=\"elementor-widget-wrap\">\n\t\t\t\t\t\t<div class=\"elementor-element elementor-element-53b93ec elementor-nav-menu--dropdown-none nav-meni-tab-style elementor-widget__width-auto elementor-hidden-phone elementor-widget elementor-widget-nav-menu\" data-id=\"53b93ec\" data-element_type=\"widget\" data-settings=\"{&quot;layout&quot;:&quot;horizontal&quot;,&quot;submenu_icon&quot;:{&quot;value&quot;:&quot;&lt;i class=\\&quot;fas fa-caret-down\\&quot;&gt;&lt;\\\/i&gt;&quot;,&quot;library&quot;:&quot;fa-solid&quot;}}\" data-widget_type=\"nav-menu.default\">\n\t\t\t\t<div class=\"elementor-widget-container\">\n\t\t\t\t\t\t<nav migration_allowed=\"1\" migrated=\"0\" class=\"elementor-nav-menu--main elementor-nav-menu__container elementor-nav-menu--layout-horizontal e--pointer-background e--animation-none\">\n\t\t\t\t<ul id=\"menu-1-53b93ec\" class=\"elementor-nav-menu\"><li class=\"menu-item menu-item-type-post_type menu-item-object-page current_page_parent menu-item-3825\"><a href=\"https:\/\/vrtec-litija.si\/gricek\/novice\/\" class=\"elementor-item\">Novice<\/a><\/li>\n<li class=\"menu-item menu-item-type-post_type menu-item-object-page menu-item-home menu-item-3826\"><a href=\"https:\/\/vrtec-litija.si\/gricek\/\" class=\"elementor-item\">Predstavitev<\/a><\/li>\n<li class=\"menu-item menu-item-type-post_type menu-item-object-page menu-item-3827\"><a href=\"https:\/\/vrtec-litija.si\/gricek\/zaposleni\/\" class=\"elementor-item\">Zaposleni<\/a><\/li>\n<li class=\"menu-item menu-item-type-post_type menu-item-object-page menu-item-3829\"><a href=\"https:\/\/vrtec-litija.si\/gricek\/fotogalerija\/\" class=\"elementor-item\">Fotogalerija<\/a><\/li>\n<li class=\"menu-item menu-item-type-post_type menu-item-object-page menu-item-3828\"><a href=\"https:\/\/vrtec-litija.si\/gricek\/sodelovanja\/\" class=\"elementor-item\">Sodelovanja<\/a><\/li>\n<\/ul>\t\t\t<\/nav>\n\t\t\t\t\t\t<nav class=\"elementor-nav-menu--dropdown elementor-nav-menu__container\" aria-hidden=\"true\">\n\t\t\t\t<ul id=\"menu-2-53b93ec\" class=\"elementor-nav-menu\"><li class=\"menu-item menu-item-type-post_type menu-item-object-page current_page_parent menu-item-3825\"><a href=\"https:\/\/vrtec-litija.si\/gricek\/novice\/\" class=\"elementor-item\" tabindex=\"-1\">Novice<\/a><\/li>\n<li class=\"menu-item menu-item-type-post_type menu-item-object-page menu-item-home menu-item-3826\"><a href=\"https:\/\/vrtec-litija.si\/gricek\/\" class=\"elementor-item\" tabindex=\"-1\">Predstavitev<\/a><\/li>\n<li class=\"menu-item menu-item-type-post_type menu-item-object-page menu-item-3827\"><a href=\"https:\/\/vrtec-litija.si\/gricek\/zaposleni\/\" class=\"elementor-item\" tabindex=\"-1\">Zaposleni<\/a><\/li>\n<li class=\"menu-item menu-item-type-post_type menu-item-object-page menu-item-3829\"><a href=\"https:\/\/vrtec-litija.si\/gricek\/fotogalerija\/\" class=\"elementor-item\" tabindex=\"-1\">Fotogalerija<\/a><\/li>\n<li class=\"menu-item menu-item-type-post_type menu-item-object-page menu-item-3828\"><a href=\"https:\/\/vrtec-litija.si\/gricek\/sodelovanja\/\" class=\"elementor-item\" tabindex=\"-1\">Sodelovanja<\/a><\/li>\n<\/ul>\t\t\t<\/nav>\n\t\t\t\t<\/div>\n\t\t\t\t<\/div>\n\t\t\t\t<div class=\"elementor-element elementor-element-10aba2a elementor-widget elementor-widget-text-editor\" data-id=\"10aba2a\" data-element_type=\"widget\" data-widget_type=\"text-editor.default\">\n\t\t\t\t<div class=\"elementor-widget-container\">\n\t\t\t\t\t\t\t\t<div class=\"elementor-text-editor elementor-clearfix\">\n\t\t\t\t<p><span style=\"color: #e9812d;\">Vzgojitelji\u00a0<\/span><\/p>\t\t\t\t\t<\/div>\n\t\t\t\t\t\t<\/div>\n\t\t\t\t<\/div>\n\t\t\t\t<div class=\"elementor-element elementor-element-f3dfac5 tabela-enota-vzgojitelji elementor-widget elementor-widget-table\" data-id=\"f3dfac5\" data-element_type=\"widget\" data-widget_type=\"table.default\">\n\t\t\t\t<div class=\"elementor-widget-container\">\n\t\t\t\t\t<table class=\"tafe-table\">\r\n\t\t\t<thead  class=\"tafe-table-header\">\r\n\t\t\t\t<tr>\r\n\t\t\t\t\t<th class=\"elementor-inline-editing elementor-repeater-item-6d43f42\"   >&nbsp;<\/th><th class=\"elementor-inline-editing elementor-repeater-item-51a5776\"   >&nbsp;<\/th><th class=\"elementor-inline-editing elementor-repeater-item-40de728\"   >&nbsp;<\/th><th class=\"elementor-inline-editing elementor-repeater-item-0fb1f83\"   >&nbsp;<\/th>\t\t\t\t<\/tr>\r\n\t\t\t<\/thead>\r\n\t\t\t<tbody class=\"tafe-table-body\">\r\n\t\t\t\t<tr>\r\n\t\t\t\t\t<td   class=\"elementor-repeater-item-b3406a7 elementor-single-td\" >METULJI<\/td><td   class=\"elementor-repeater-item-55367f1 elementor-single-td\" >HE2 (3-6)<\/td><td   class=\"elementor-repeater-item-87415f9 elementor-single-td\" >Renata Mlinar<\/td><td   class=\"elementor-repeater-item-f5cdb2f elementor-single-td\" >Pia Mandelj<\/td><\/tr><tr><td   class=\"elementor-repeater-item-c42cc41 elementor-single-td\" >MRAVLJICE<\/td><td   class=\"elementor-repeater-item-81d09ce elementor-single-td\" >He1 (1-3)<\/td><td   class=\"elementor-repeater-item-cb2d171 elementor-single-td\" >Tja\u0161a Povirk<\/td><td   class=\"elementor-repeater-item-66e6825 elementor-single-td\" >Zdenka Jovi\u010di\u0107<\/td>\t\t\t\t<\/tr>\r\n\t\t\t<\/tbody>\r\n\t\t<\/table>\r\n\t\t\r\n\t\t\t\t<\/div>\n\t\t\t\t<\/div>\n\t\t\t\t<div class=\"elementor-element elementor-element-d22b1b8 elementor-widget elementor-widget-text-editor\" data-id=\"d22b1b8\" data-element_type=\"widget\" data-widget_type=\"text-editor.default\">\n\t\t\t\t<div class=\"elementor-widget-container\">\n\t\t\t\t\t\t\t\t<div class=\"elementor-text-editor elementor-clearfix\">\n\t\t\t\t<p><span style=\"color: #e9812d;\">Pokrivanje so\u010dasnosti<\/span>: Tja\u0161a Kerin<\/p>\t\t\t\t\t<\/div>\n\t\t\t\t\t\t<\/div>\n\t\t\t\t<\/div>\n\t\t\t\t<div class=\"elementor-element elementor-element-ed34074 elementor-widget elementor-widget-text-editor\" data-id=\"ed34074\" data-element_type=\"widget\" data-widget_type=\"text-editor.default\">\n\t\t\t\t<div class=\"elementor-widget-container\">\n\t\t\t\t\t\t\t\t<div class=\"elementor-text-editor elementor-clearfix\">\n\t\t\t\t<p><span style=\"color: #e9812d;\">Kuharska pomo\u010dnica\/\u010distilka<\/span>: Tadeja Kastelic Zagorc<\/p>\t\t\t\t\t<\/div>\n\t\t\t\t\t\t<\/div>\n\t\t\t\t<\/div>\n\t\t\t\t<div class=\"elementor-element elementor-element-04fd381 elementor-nav-menu--dropdown-none nav-meni-tab-style__mobile elementor-widget__width-auto elementor-widget-mobile__width-inherit elementor-hidden-desktop elementor-hidden-tablet elementor-widget elementor-widget-nav-menu\" data-id=\"04fd381\" data-element_type=\"widget\" data-settings=\"{&quot;layout&quot;:&quot;vertical&quot;,&quot;submenu_icon&quot;:{&quot;value&quot;:&quot;&lt;i class=\\&quot;fas fa-caret-down\\&quot;&gt;&lt;\\\/i&gt;&quot;,&quot;library&quot;:&quot;fa-solid&quot;}}\" data-widget_type=\"nav-menu.default\">\n\t\t\t\t<div class=\"elementor-widget-container\">\n\t\t\t\t\t\t<nav migration_allowed=\"1\" migrated=\"0\" class=\"elementor-nav-menu--main elementor-nav-menu__container elementor-nav-menu--layout-vertical e--pointer-background e--animation-none\">\n\t\t\t\t<ul id=\"menu-1-04fd381\" class=\"elementor-nav-menu sm-vertical\"><li class=\"menu-item menu-item-type-post_type menu-item-object-page current_page_parent menu-item-3825\"><a href=\"https:\/\/vrtec-litija.si\/gricek\/novice\/\" class=\"elementor-item\">Novice<\/a><\/li>\n<li class=\"menu-item menu-item-type-post_type menu-item-object-page menu-item-home menu-item-3826\"><a href=\"https:\/\/vrtec-litija.si\/gricek\/\" class=\"elementor-item\">Predstavitev<\/a><\/li>\n<li class=\"menu-item menu-item-type-post_type menu-item-object-page menu-item-3827\"><a href=\"https:\/\/vrtec-litija.si\/gricek\/zaposleni\/\" class=\"elementor-item\">Zaposleni<\/a><\/li>\n<li class=\"menu-item menu-item-type-post_type menu-item-object-page menu-item-3829\"><a href=\"https:\/\/vrtec-litija.si\/gricek\/fotogalerija\/\" class=\"elementor-item\">Fotogalerija<\/a><\/li>\n<li class=\"menu-item menu-item-type-post_type menu-item-object-page menu-item-3828\"><a href=\"https:\/\/vrtec-litija.si\/gricek\/sodelovanja\/\" class=\"elementor-item\">Sodelovanja<\/a><\/li>\n<\/ul>\t\t\t<\/nav>\n\t\t\t\t\t\t<nav class=\"elementor-nav-menu--dropdown elementor-nav-menu__container\" aria-hidden=\"true\">\n\t\t\t\t<ul id=\"menu-2-04fd381\" class=\"elementor-nav-menu sm-vertical\"><li class=\"menu-item menu-item-type-post_type menu-item-object-page current_page_parent menu-item-3825\"><a href=\"https:\/\/vrtec-litija.si\/gricek\/novice\/\" class=\"elementor-item\" tabindex=\"-1\">Novice<\/a><\/li>\n<li class=\"menu-item menu-item-type-post_type menu-item-object-page menu-item-home menu-item-3826\"><a href=\"https:\/\/vrtec-litija.si\/gricek\/\" class=\"elementor-item\" tabindex=\"-1\">Predstavitev<\/a><\/li>\n<li class=\"menu-item menu-item-type-post_type menu-item-object-page menu-item-3827\"><a href=\"https:\/\/vrtec-litija.si\/gricek\/zaposleni\/\" class=\"elementor-item\" tabindex=\"-1\">Zaposleni<\/a><\/li>\n<li class=\"menu-item menu-item-type-post_type menu-item-object-page menu-item-3829\"><a href=\"https:\/\/vrtec-litija.si\/gricek\/fotogalerija\/\" class=\"elementor-item\" tabindex=\"-1\">Fotogalerija<\/a><\/li>\n<li class=\"menu-item menu-item-type-post_type menu-item-object-page menu-item-3828\"><a href=\"https:\/\/vrtec-litija.si\/gricek\/sodelovanja\/\" class=\"elementor-item\" tabindex=\"-1\">Sodelovanja<\/a><\/li>\n<\/ul>\t\t\t<\/nav>\n\t\t\t\t<\/div>\n\t\t\t\t<\/div>\n\t\t\t\t\t\t<\/div>\n\t\t\t\t\t<\/div>\n\t\t<\/div>\n\t\t\t\t\t\t\t\t<\/div>\n\t\t\t\t\t<\/div>\n\t\t<\/section>\n\t\t\t\t\t\t\t\t\t<\/div>\n\t\t\t<\/div>\n\t\t\t\t\t<\/div>\n\t\t","protected":false},"excerpt":{"rendered":"Enota Gri\u010dek Partizanska pot 21 1270 Litija Telefon: 01 896 25 42 E-naslov:&nbsp;gricek@vrtec-litija.si Vodja enote: Renata Mlinar Vzgojitelji&nbsp; &nbsp; &nbsp; &nbsp; &nbsp; METULJI HE2 (3-6) Renata Mlinar Pia Mandelj MRAVLJICE He1 (1-3) Tja\u0161a Povirk Zdenka Jovi\u010di\u0107 Pokrivanje so\u010dasnosti: Tja\u0161a Kerin Kuharska pomo\u010dnica\/\u010distilka: Tadeja Kastelic Zagorc","protected":false},"author":1,"featured_media":0,"parent":0,"menu_order":2,"comment_status":"closed","ping_status":"closed","template":"","meta":[],"yoast_head":"<!-- This site is optimized with the Yoast SEO plugin v20.6 - https:\/\/yoast.com\/wordpress\/plugins\/seo\/ -->\n<title>Zaposleni - Enota Gricek<\/title>\n<meta name=\"robots\" content=\"index, follow, max-snippet:-1, max-image-preview:large, max-video-preview:-1\" \/>\n<link rel=\"canonical\" href=\"https:\/\/vrtec-litija.si\/gricek\/zaposleni\/\" \/>\n<meta property=\"og:locale\" content=\"sl_SI\" \/>\n<meta property=\"og:type\" content=\"article\" \/>\n<meta property=\"og:title\" content=\"Zaposleni - Enota Gricek\" \/>\n<meta property=\"og:description\" content=\"Enota Gri\u010dek Partizanska pot 21 1270 Litija Telefon: 01 896 25 42 E-naslov:&nbsp;gricek@vrtec-litija.si Vodja enote: Renata Mlinar Vzgojitelji&nbsp; &nbsp; &nbsp; &nbsp; &nbsp; METULJI HE2 (3-6) Renata Mlinar Pia Mandelj MRAVLJICE He1 (1-3) Tja\u0161a Povirk Zdenka Jovi\u010di\u0107 Pokrivanje so\u010dasnosti: Tja\u0161a Kerin Kuharska pomo\u010dnica\/\u010distilka: Tadeja Kastelic Zagorc\" \/>\n<meta property=\"og:url\" content=\"https:\/\/vrtec-litija.si\/gricek\/zaposleni\/\" \/>\n<meta property=\"og:site_name\" content=\"Enota Gricek\" \/>\n<meta property=\"article:modified_time\" content=\"2025-09-01T05:35:29+00:00\" \/>\n<meta property=\"og:image\" content=\"https:\/\/vrtec-litija.si\/gricek\/wp-content\/uploads\/sites\/10\/2021\/01\/icon-gricek.png\" \/>\n<meta name=\"twitter:card\" content=\"summary_large_image\" \/>\n<script type=\"application\/ld+json\" class=\"yoast-schema-graph\">{\"@context\":\"https:\/\/schema.org\",\"@graph\":[{\"@type\":\"WebPage\",\"@id\":\"https:\/\/vrtec-litija.si\/gricek\/zaposleni\/\",\"url\":\"https:\/\/vrtec-litija.si\/gricek\/zaposleni\/\",\"name\":\"Zaposleni - Enota Gricek\",\"isPartOf\":{\"@id\":\"https:\/\/vrtec-litija.si\/gricek\/#website\"},\"datePublished\":\"2012-11-18T14:02:41+00:00\",\"dateModified\":\"2025-09-01T05:35:29+00:00\",\"inLanguage\":\"sl-SI\",\"potentialAction\":[{\"@type\":\"ReadAction\",\"target\":[\"https:\/\/vrtec-litija.si\/gricek\/zaposleni\/\"]}]},{\"@type\":\"WebSite\",\"@id\":\"https:\/\/vrtec-litija.si\/gricek\/#website\",\"url\":\"https:\/\/vrtec-litija.si\/gricek\/\",\"name\":\"Enota Gricek\",\"description\":\"Vrtec Litija Gricek\",\"publisher\":{\"@id\":\"https:\/\/vrtec-litija.si\/gricek\/#organization\"},\"potentialAction\":[{\"@type\":\"SearchAction\",\"target\":{\"@type\":\"EntryPoint\",\"urlTemplate\":\"https:\/\/vrtec-litija.si\/gricek\/?s={search_term_string}\"},\"query-input\":\"required name=search_term_string\"}],\"inLanguage\":\"sl-SI\"},{\"@type\":\"Organization\",\"@id\":\"https:\/\/vrtec-litija.si\/gricek\/#organization\",\"name\":\"Vrtec Litija - Enota Gri\u010dek\",\"url\":\"https:\/\/vrtec-litija.si\/gricek\/\",\"logo\":{\"@type\":\"ImageObject\",\"inLanguage\":\"sl-SI\",\"@id\":\"https:\/\/vrtec-litija.si\/gricek\/#\/schema\/logo\/image\/\",\"url\":\"https:\/\/vrtec-litija.si\/gricek\/wp-content\/uploads\/sites\/10\/2021\/01\/vrtec-litija-logo.png\",\"contentUrl\":\"https:\/\/vrtec-litija.si\/gricek\/wp-content\/uploads\/sites\/10\/2021\/01\/vrtec-litija-logo.png\",\"width\":300,\"height\":298,\"caption\":\"Vrtec Litija - Enota Gri\u010dek\"},\"image\":{\"@id\":\"https:\/\/vrtec-litija.si\/gricek\/#\/schema\/logo\/image\/\"}}]}<\/script>\n<!-- \/ Yoast SEO plugin. -->","yoast_head_json":{"title":"Zaposleni - Enota Gricek","robots":{"index":"index","follow":"follow","max-snippet":"max-snippet:-1","max-image-preview":"max-image-preview:large","max-video-preview":"max-video-preview:-1"},"canonical":"https:\/\/vrtec-litija.si\/gricek\/zaposleni\/","og_locale":"sl_SI","og_type":"article","og_title":"Zaposleni - Enota Gricek","og_description":"Enota Gri\u010dek Partizanska pot 21 1270 Litija Telefon: 01 896 25 42 E-naslov:&nbsp;gricek@vrtec-litija.si Vodja enote: Renata Mlinar Vzgojitelji&nbsp; &nbsp; &nbsp; &nbsp; &nbsp; METULJI HE2 (3-6) Renata Mlinar Pia Mandelj MRAVLJICE He1 (1-3) Tja\u0161a Povirk Zdenka Jovi\u010di\u0107 Pokrivanje so\u010dasnosti: Tja\u0161a Kerin Kuharska pomo\u010dnica\/\u010distilka: Tadeja Kastelic Zagorc","og_url":"https:\/\/vrtec-litija.si\/gricek\/zaposleni\/","og_site_name":"Enota Gricek","article_modified_time":"2025-09-01T05:35:29+00:00","og_image":[{"url":"https:\/\/vrtec-litija.si\/gricek\/wp-content\/uploads\/sites\/10\/2021\/01\/icon-gricek.png"}],"twitter_card":"summary_large_image","schema":{"@context":"https:\/\/schema.org","@graph":[{"@type":"WebPage","@id":"https:\/\/vrtec-litija.si\/gricek\/zaposleni\/","url":"https:\/\/vrtec-litija.si\/gricek\/zaposleni\/","name":"Zaposleni - Enota Gricek","isPartOf":{"@id":"https:\/\/vrtec-litija.si\/gricek\/#website"},"datePublished":"2012-11-18T14:02:41+00:00","dateModified":"2025-09-01T05:35:29+00:00","inLanguage":"sl-SI","potentialAction":[{"@type":"ReadAction","target":["https:\/\/vrtec-litija.si\/gricek\/zaposleni\/"]}]},{"@type":"WebSite","@id":"https:\/\/vrtec-litija.si\/gricek\/#website","url":"https:\/\/vrtec-litija.si\/gricek\/","name":"Enota Gricek","description":"Vrtec Litija Gricek","publisher":{"@id":"https:\/\/vrtec-litija.si\/gricek\/#organization"},"potentialAction":[{"@type":"SearchAction","target":{"@type":"EntryPoint","urlTemplate":"https:\/\/vrtec-litija.si\/gricek\/?s={search_term_string}"},"query-input":"required name=search_term_string"}],"inLanguage":"sl-SI"},{"@type":"Organization","@id":"https:\/\/vrtec-litija.si\/gricek\/#organization","name":"Vrtec Litija - Enota Gri\u010dek","url":"https:\/\/vrtec-litija.si\/gricek\/","logo":{"@type":"ImageObject","inLanguage":"sl-SI","@id":"https:\/\/vrtec-litija.si\/gricek\/#\/schema\/logo\/image\/","url":"https:\/\/vrtec-litija.si\/gricek\/wp-content\/uploads\/sites\/10\/2021\/01\/vrtec-litija-logo.png","contentUrl":"https:\/\/vrtec-litija.si\/gricek\/wp-content\/uploads\/sites\/10\/2021\/01\/vrtec-litija-logo.png","width":300,"height":298,"caption":"Vrtec Litija - Enota Gri\u010dek"},"image":{"@id":"https:\/\/vrtec-litija.si\/gricek\/#\/schema\/logo\/image\/"}}]}},"_links":{"self":[{"href":"https:\/\/vrtec-litija.si\/gricek\/wp-json\/wp\/v2\/pages\/12"}],"collection":[{"href":"https:\/\/vrtec-litija.si\/gricek\/wp-json\/wp\/v2\/pages"}],"about":[{"href":"https:\/\/vrtec-litija.si\/gricek\/wp-json\/wp\/v2\/types\/page"}],"author":[{"embeddable":true,"href":"https:\/\/vrtec-litija.si\/gricek\/wp-json\/wp\/v2\/users\/1"}],"replies":[{"embeddable":true,"href":"https:\/\/vrtec-litija.si\/gricek\/wp-json\/wp\/v2\/comments?post=12"}],"version-history":[{"count":56,"href":"https:\/\/vrtec-litija.si\/gricek\/wp-json\/wp\/v2\/pages\/12\/revisions"}],"predecessor-version":[{"id":4708,"href":"https:\/\/vrtec-litija.si\/gricek\/wp-json\/wp\/v2\/pages\/12\/revisions\/4708"}],"wp:attachment":[{"href":"https:\/\/vrtec-litija.si\/gricek\/wp-json\/wp\/v2\/media?parent=12"}],"curies":[{"name":"wp","href":"https:\/\/api.w.org\/{rel}","templated":true}]}}