{"id":11,"date":"2012-11-18T15:02:05","date_gmt":"2012-11-18T14:02:05","guid":{"rendered":"http:\/\/www.vrtec-litija.si\/medvedek\/?page_id=5"},"modified":"2021-02-11T06:32:36","modified_gmt":"2021-02-11T05:32:36","slug":"predstavitev","status":"publish","type":"page","link":"https:\/\/vrtec-litija.si\/gricek\/","title":{"rendered":"Predstavitev"},"content":{"rendered":"\t\t<div data-elementor-type=\"wp-page\" data-elementor-id=\"11\" class=\"elementor elementor-11\">\n\t\t\t\t\t\t<div class=\"elementor-inner\">\n\t\t\t\t<div class=\"elementor-section-wrap\">\n\t\t\t\t\t\t\t\t\t<section class=\"elementor-section elementor-top-section elementor-element elementor-element-b80981a elementor-reverse-mobile elementor-section-boxed elementor-section-height-default elementor-section-height-default\" data-id=\"b80981a\" data-element_type=\"section\">\n\t\t\t\t\t\t<div class=\"elementor-container elementor-column-gap-default\">\n\t\t\t\t\t\t\t<div class=\"elementor-row\">\n\t\t\t\t\t<div class=\"elementor-column elementor-col-50 elementor-top-column elementor-element elementor-element-84d799a\" data-id=\"84d799a\" data-element_type=\"column\">\n\t\t\t<div class=\"elementor-column-wrap elementor-element-populated\">\n\t\t\t\t\t\t\t<div class=\"elementor-widget-wrap\">\n\t\t\t\t\t\t<div class=\"elementor-element elementor-element-04b25e7 elementor-widget__width-auto elementor-widget elementor-widget-image\" data-id=\"04b25e7\" data-element_type=\"widget\" data-widget_type=\"image.default\">\n\t\t\t\t<div class=\"elementor-widget-container\">\n\t\t\t\t\t\t\t\t<div class=\"elementor-image\">\n\t\t\t\t\t\t\t\t\t\t\t\t<img decoding=\"async\" width=\"127\" height=\"42\" src=\"https:\/\/vrtec-litija.si\/gricek\/wp-content\/uploads\/sites\/10\/2021\/01\/icon-gricek.png\" class=\"attachment-full size-full wp-image-4102\" alt=\"\" loading=\"lazy\" \/>\t\t\t\t\t\t\t\t\t\t\t\t\t\t<\/div>\n\t\t\t\t\t\t<\/div>\n\t\t\t\t<\/div>\n\t\t\t\t<section class=\"elementor-section elementor-inner-section elementor-element elementor-element-4d2bf17 elementor-section-full_width elementor-section-content-middle elementor-section-height-default elementor-section-height-default\" data-id=\"4d2bf17\" data-element_type=\"section\" data-settings=\"{&quot;background_background&quot;:&quot;classic&quot;}\">\n\t\t\t\t\t\t<div class=\"elementor-container elementor-column-gap-no\">\n\t\t\t\t\t\t\t<div class=\"elementor-row\">\n\t\t\t\t\t<div class=\"elementor-column elementor-col-100 elementor-inner-column elementor-element elementor-element-23096b0\" data-id=\"23096b0\" data-element_type=\"column\">\n\t\t\t<div class=\"elementor-column-wrap elementor-element-populated\">\n\t\t\t\t\t\t\t<div class=\"elementor-widget-wrap\">\n\t\t\t\t\t\t<div class=\"elementor-element elementor-element-03a256d elementor-widget elementor-widget-heading\" data-id=\"03a256d\" data-element_type=\"widget\" data-widget_type=\"heading.default\">\n\t\t\t\t<div class=\"elementor-widget-container\">\n\t\t\t<p class=\"elementor-heading-title elementor-size-default\">Enota Gri\u010dek<\/p>\t\t<\/div>\n\t\t\t\t<\/div>\n\t\t\t\t<div class=\"elementor-element elementor-element-48a62cd hover-link-orange  elementor-widget elementor-widget-text-editor\" data-id=\"48a62cd\" data-element_type=\"widget\" data-widget_type=\"text-editor.default\">\n\t\t\t\t<div class=\"elementor-widget-container\">\n\t\t\t\t\t\t\t\t<div class=\"elementor-text-editor elementor-clearfix\">\n\t\t\t\t<p><a href=\"https:\/\/goo.gl\/maps\/hqXUuHPtGXDfPfceA\" target=\"_blank\" rel=\"noopener\"><span style=\"color: #333333;\">Partizanska pot 21 <br \/>1270 Litija<br \/><\/span><\/a>Telefon: <span style=\"text-decoration: underline;\"><a href=\"tel:018962542\">01 896 25 42<\/a><\/span><br \/>E-naslov:\u00a0<span style=\"text-decoration: underline;\"><a href=\"mailto:gricek@vrtec-litija.si\">gricek@vrtec-litija.si<\/a><\/span><\/p>\t\t\t\t\t<\/div>\n\t\t\t\t\t\t<\/div>\n\t\t\t\t<\/div>\n\t\t\t\t<div class=\"elementor-element elementor-element-5e06c62 hover-link-orange  elementor-widget elementor-widget-text-editor\" data-id=\"5e06c62\" data-element_type=\"widget\" data-widget_type=\"text-editor.default\">\n\t\t\t\t<div class=\"elementor-widget-container\">\n\t\t\t\t\t\t\t\t<div class=\"elementor-text-editor elementor-clearfix\">\n\t\t\t\t<p>Vodja enote: <br \/><strong>Renata Mlinar<\/strong><\/p>\t\t\t\t\t<\/div>\n\t\t\t\t\t\t<\/div>\n\t\t\t\t<\/div>\n\t\t\t\t\t\t<\/div>\n\t\t\t\t\t<\/div>\n\t\t<\/div>\n\t\t\t\t\t\t\t\t<\/div>\n\t\t\t\t\t<\/div>\n\t\t<\/section>\n\t\t\t\t<section class=\"elementor-section elementor-inner-section elementor-element elementor-element-e9c174a elementor-section-full_width elementor-hidden-tablet elementor-hidden-phone elementor-section-height-default elementor-section-height-default\" data-id=\"e9c174a\" data-element_type=\"section\" data-settings=\"{&quot;background_background&quot;:&quot;classic&quot;}\">\n\t\t\t\t\t\t<div class=\"elementor-container elementor-column-gap-no\">\n\t\t\t\t\t\t\t<div class=\"elementor-row\">\n\t\t\t\t\t<div class=\"elementor-column elementor-col-100 elementor-inner-column elementor-element elementor-element-744d76c\" data-id=\"744d76c\" data-element_type=\"column\">\n\t\t\t<div class=\"elementor-column-wrap\">\n\t\t\t\t\t\t\t<div class=\"elementor-widget-wrap\">\n\t\t\t\t\t\t\t\t<\/div>\n\t\t\t\t\t<\/div>\n\t\t<\/div>\n\t\t\t\t\t\t\t\t<\/div>\n\t\t\t\t\t<\/div>\n\t\t<\/section>\n\t\t\t\t\t\t<\/div>\n\t\t\t\t\t<\/div>\n\t\t<\/div>\n\t\t\t\t<div class=\"elementor-column elementor-col-50 elementor-top-column elementor-element elementor-element-ec3d38e\" data-id=\"ec3d38e\" data-element_type=\"column\">\n\t\t\t<div class=\"elementor-column-wrap elementor-element-populated\">\n\t\t\t\t\t\t\t<div class=\"elementor-widget-wrap\">\n\t\t\t\t\t\t<div class=\"elementor-element elementor-element-3ed8bf4 elementor-nav-menu--dropdown-none nav-meni-tab-style elementor-widget__width-auto elementor-hidden-phone elementor-widget elementor-widget-nav-menu\" data-id=\"3ed8bf4\" data-element_type=\"widget\" data-settings=\"{&quot;layout&quot;:&quot;horizontal&quot;,&quot;submenu_icon&quot;:{&quot;value&quot;:&quot;&lt;i class=\\&quot;fas fa-caret-down\\&quot;&gt;&lt;\\\/i&gt;&quot;,&quot;library&quot;:&quot;fa-solid&quot;}}\" data-widget_type=\"nav-menu.default\">\n\t\t\t\t<div class=\"elementor-widget-container\">\n\t\t\t\t\t\t<nav migration_allowed=\"1\" migrated=\"0\" class=\"elementor-nav-menu--main elementor-nav-menu__container elementor-nav-menu--layout-horizontal e--pointer-background e--animation-none\">\n\t\t\t\t<ul id=\"menu-1-3ed8bf4\" class=\"elementor-nav-menu\"><li class=\"menu-item menu-item-type-post_type menu-item-object-page current_page_parent menu-item-3825\"><a href=\"https:\/\/vrtec-litija.si\/gricek\/novice\/\" class=\"elementor-item\">Novice<\/a><\/li>\n<li class=\"menu-item menu-item-type-post_type menu-item-object-page menu-item-home menu-item-3826\"><a href=\"https:\/\/vrtec-litija.si\/gricek\/\" class=\"elementor-item\">Predstavitev<\/a><\/li>\n<li class=\"menu-item menu-item-type-post_type menu-item-object-page menu-item-3827\"><a href=\"https:\/\/vrtec-litija.si\/gricek\/zaposleni\/\" class=\"elementor-item\">Zaposleni<\/a><\/li>\n<li class=\"menu-item menu-item-type-post_type menu-item-object-page menu-item-3829\"><a href=\"https:\/\/vrtec-litija.si\/gricek\/fotogalerija\/\" class=\"elementor-item\">Fotogalerija<\/a><\/li>\n<li class=\"menu-item menu-item-type-post_type menu-item-object-page menu-item-3828\"><a href=\"https:\/\/vrtec-litija.si\/gricek\/sodelovanja\/\" class=\"elementor-item\">Sodelovanja<\/a><\/li>\n<\/ul>\t\t\t<\/nav>\n\t\t\t\t\t\t<nav class=\"elementor-nav-menu--dropdown elementor-nav-menu__container\" aria-hidden=\"true\">\n\t\t\t\t<ul id=\"menu-2-3ed8bf4\" class=\"elementor-nav-menu\"><li class=\"menu-item menu-item-type-post_type menu-item-object-page current_page_parent menu-item-3825\"><a href=\"https:\/\/vrtec-litija.si\/gricek\/novice\/\" class=\"elementor-item\" tabindex=\"-1\">Novice<\/a><\/li>\n<li class=\"menu-item menu-item-type-post_type menu-item-object-page menu-item-home menu-item-3826\"><a href=\"https:\/\/vrtec-litija.si\/gricek\/\" class=\"elementor-item\" tabindex=\"-1\">Predstavitev<\/a><\/li>\n<li class=\"menu-item menu-item-type-post_type menu-item-object-page menu-item-3827\"><a href=\"https:\/\/vrtec-litija.si\/gricek\/zaposleni\/\" class=\"elementor-item\" tabindex=\"-1\">Zaposleni<\/a><\/li>\n<li class=\"menu-item menu-item-type-post_type menu-item-object-page menu-item-3829\"><a href=\"https:\/\/vrtec-litija.si\/gricek\/fotogalerija\/\" class=\"elementor-item\" tabindex=\"-1\">Fotogalerija<\/a><\/li>\n<li class=\"menu-item menu-item-type-post_type menu-item-object-page menu-item-3828\"><a href=\"https:\/\/vrtec-litija.si\/gricek\/sodelovanja\/\" class=\"elementor-item\" tabindex=\"-1\">Sodelovanja<\/a><\/li>\n<\/ul>\t\t\t<\/nav>\n\t\t\t\t<\/div>\n\t\t\t\t<\/div>\n\t\t\t\t<div class=\"elementor-element elementor-element-5088970 elementor-widget elementor-widget-text-editor\" data-id=\"5088970\" data-element_type=\"widget\" data-widget_type=\"text-editor.default\">\n\t\t\t\t<div class=\"elementor-widget-container\">\n\t\t\t\t\t\t\t\t<div class=\"elementor-text-editor elementor-clearfix\">\n\t\t\t\t<p>Na hrib\u010dku, nedale\u010d od mesta, v prijetnem naselju zasebnih hi\u0161, stoji vrtec Gri\u010dek.<\/p><p>V enoti delujeta dva oddelka, kombiniran oddelek (od 1 do 4 let stari otroci) in heterogeni oddelek (od 4 do 6 let stari otroci). Prostori so svetli in zelo prostorni, povezani med seboj. Pohvalimo se lahko z veliko garderobo in dvema manj\u0161ima terasama, kar izkoristimo za razli\u010dne aktivnosti.<\/p><p>Igro na prostem, kot je vo\u017enja s skiroji, poganjalci, risanje s kredami, izvajanje razli\u010dnih gibalnih poligonov in \u0161tafetnih iger, otrokom ponudimo na na\u0161em asfaltnem dvori\u0161\u010du. Za u\u017eivanje v naravi, igri v peskovniku in premagovanju naravnih vzpetin, uporabljamo travnato igri\u0161\u010de, ki se nahaja v bli\u017eini vrtca. Na igri\u0161\u010du je tudi kozolec, ki v poletnih dneh otrokom nudi\u00a0 senco. Trudimo se, da veliko dejavnosti izvedemo v naravnem okolju na\u0161e bli\u017enje vzpetine Sitarjevec. Ve\u010dkrat se odpravimo v gozd in na ve\u010dji prostor pred vhodom v rudnik. Tam poi\u0161\u010demo svoj mir in u\u017eivamo v naravi, v vseh letnih \u010dasih.<\/p><p>V vrtcu smo povezani in delujemo kot dru\u017eina, drug drugemu nudimo pomo\u010d. Starej\u0161i otroci pomagajo mlaj\u0161im in s tem pridobivajo ob\u010dutek odgovornosti in pripadnosti, mlaj\u0161i se od njih u\u010dijo in gradijo samozavest ob uspehu. Spodbujamo jih k samostojnosti, razvijamo vedo\u017eeljnost, omogo\u010damo aktivno raziskovanje skozi igro, preko katere samostojno pridejo do rezultata. Skrbimo za dobro po\u010dutje otrok in star\u0161ev, s tem, da vzpostavljamo odprt odnos, ki temelji na spo\u0161tovanju in odgovornosti.<\/p>\t\t\t\t\t<\/div>\n\t\t\t\t\t\t<\/div>\n\t\t\t\t<\/div>\n\t\t\t\t<div class=\"elementor-element elementor-element-2f5cf82 elementor-nav-menu--dropdown-none nav-meni-tab-style__mobile elementor-widget__width-auto elementor-widget-mobile__width-inherit elementor-hidden-desktop elementor-hidden-tablet elementor-widget elementor-widget-nav-menu\" data-id=\"2f5cf82\" data-element_type=\"widget\" data-settings=\"{&quot;layout&quot;:&quot;vertical&quot;,&quot;submenu_icon&quot;:{&quot;value&quot;:&quot;&lt;i class=\\&quot;fas fa-caret-down\\&quot;&gt;&lt;\\\/i&gt;&quot;,&quot;library&quot;:&quot;fa-solid&quot;}}\" data-widget_type=\"nav-menu.default\">\n\t\t\t\t<div class=\"elementor-widget-container\">\n\t\t\t\t\t\t<nav migration_allowed=\"1\" migrated=\"0\" class=\"elementor-nav-menu--main elementor-nav-menu__container elementor-nav-menu--layout-vertical e--pointer-background e--animation-none\">\n\t\t\t\t<ul id=\"menu-1-2f5cf82\" class=\"elementor-nav-menu sm-vertical\"><li class=\"menu-item menu-item-type-post_type menu-item-object-page current_page_parent menu-item-3825\"><a href=\"https:\/\/vrtec-litija.si\/gricek\/novice\/\" class=\"elementor-item\">Novice<\/a><\/li>\n<li class=\"menu-item menu-item-type-post_type menu-item-object-page menu-item-home menu-item-3826\"><a href=\"https:\/\/vrtec-litija.si\/gricek\/\" class=\"elementor-item\">Predstavitev<\/a><\/li>\n<li class=\"menu-item menu-item-type-post_type menu-item-object-page menu-item-3827\"><a href=\"https:\/\/vrtec-litija.si\/gricek\/zaposleni\/\" class=\"elementor-item\">Zaposleni<\/a><\/li>\n<li class=\"menu-item menu-item-type-post_type menu-item-object-page menu-item-3829\"><a href=\"https:\/\/vrtec-litija.si\/gricek\/fotogalerija\/\" class=\"elementor-item\">Fotogalerija<\/a><\/li>\n<li class=\"menu-item menu-item-type-post_type menu-item-object-page menu-item-3828\"><a href=\"https:\/\/vrtec-litija.si\/gricek\/sodelovanja\/\" class=\"elementor-item\">Sodelovanja<\/a><\/li>\n<\/ul>\t\t\t<\/nav>\n\t\t\t\t\t\t<nav class=\"elementor-nav-menu--dropdown elementor-nav-menu__container\" aria-hidden=\"true\">\n\t\t\t\t<ul id=\"menu-2-2f5cf82\" class=\"elementor-nav-menu sm-vertical\"><li class=\"menu-item menu-item-type-post_type menu-item-object-page current_page_parent menu-item-3825\"><a href=\"https:\/\/vrtec-litija.si\/gricek\/novice\/\" class=\"elementor-item\" tabindex=\"-1\">Novice<\/a><\/li>\n<li class=\"menu-item menu-item-type-post_type menu-item-object-page menu-item-home menu-item-3826\"><a href=\"https:\/\/vrtec-litija.si\/gricek\/\" class=\"elementor-item\" tabindex=\"-1\">Predstavitev<\/a><\/li>\n<li class=\"menu-item menu-item-type-post_type menu-item-object-page menu-item-3827\"><a href=\"https:\/\/vrtec-litija.si\/gricek\/zaposleni\/\" class=\"elementor-item\" tabindex=\"-1\">Zaposleni<\/a><\/li>\n<li class=\"menu-item menu-item-type-post_type menu-item-object-page menu-item-3829\"><a href=\"https:\/\/vrtec-litija.si\/gricek\/fotogalerija\/\" class=\"elementor-item\" tabindex=\"-1\">Fotogalerija<\/a><\/li>\n<li class=\"menu-item menu-item-type-post_type menu-item-object-page menu-item-3828\"><a href=\"https:\/\/vrtec-litija.si\/gricek\/sodelovanja\/\" class=\"elementor-item\" tabindex=\"-1\">Sodelovanja<\/a><\/li>\n<\/ul>\t\t\t<\/nav>\n\t\t\t\t<\/div>\n\t\t\t\t<\/div>\n\t\t\t\t\t\t<\/div>\n\t\t\t\t\t<\/div>\n\t\t<\/div>\n\t\t\t\t\t\t\t\t<\/div>\n\t\t\t\t\t<\/div>\n\t\t<\/section>\n\t\t\t\t\t\t\t\t\t<\/div>\n\t\t\t<\/div>\n\t\t\t\t\t<\/div>\n\t\t","protected":false},"excerpt":{"rendered":"Enota Gri\u010dek Partizanska pot 21 1270 LitijaTelefon: 01 896 25 42E-naslov:\u00a0gricek@vrtec-litija.si Vodja enote: Renata Mlinar Na hrib\u010dku, nedale\u010d od mesta, v prijetnem naselju zasebnih hi\u0161, stoji vrtec Gri\u010dek. V enoti delujeta dva oddelka, kombiniran oddelek (od 1 do 4 let stari otroci) in heterogeni oddelek (od 4 do 6 let stari otroci). Prostori so svetli &#8230;","protected":false},"author":1,"featured_media":0,"parent":0,"menu_order":1,"comment_status":"closed","ping_status":"closed","template":"","meta":[],"yoast_head":"<!-- This site is optimized with the Yoast SEO plugin v20.6 - https:\/\/yoast.com\/wordpress\/plugins\/seo\/ -->\n<title>Predstavitev - Enota Gricek<\/title>\n<meta name=\"robots\" content=\"index, follow, max-snippet:-1, max-image-preview:large, max-video-preview:-1\" \/>\n<link rel=\"canonical\" href=\"https:\/\/vrtec-litija.si\/gricek\/\" \/>\n<meta property=\"og:locale\" content=\"sl_SI\" \/>\n<meta property=\"og:type\" content=\"article\" \/>\n<meta property=\"og:title\" content=\"Predstavitev - Enota Gricek\" \/>\n<meta property=\"og:description\" content=\"Enota Gri\u010dek Partizanska pot 21 1270 LitijaTelefon: 01 896 25 42E-naslov:\u00a0gricek@vrtec-litija.si Vodja enote: Renata Mlinar Na hrib\u010dku, nedale\u010d od mesta, v prijetnem naselju zasebnih hi\u0161, stoji vrtec Gri\u010dek. V enoti delujeta dva oddelka, kombiniran oddelek (od 1 do 4 let stari otroci) in heterogeni oddelek (od 4 do 6 let stari otroci). Prostori so svetli ...\" \/>\n<meta property=\"og:url\" content=\"https:\/\/vrtec-litija.si\/gricek\/\" \/>\n<meta property=\"og:site_name\" content=\"Enota Gricek\" \/>\n<meta property=\"article:modified_time\" content=\"2021-02-11T05:32:36+00:00\" \/>\n<meta property=\"og:image\" content=\"https:\/\/vrtec-litija.si\/gricek\/wp-content\/uploads\/sites\/10\/2021\/01\/icon-gricek.png\" \/>\n<meta name=\"twitter:card\" content=\"summary_large_image\" \/>\n<meta name=\"twitter:label1\" content=\"Est. reading time\" \/>\n\t<meta name=\"twitter:data1\" content=\"2 minuti\" \/>\n<script type=\"application\/ld+json\" class=\"yoast-schema-graph\">{\"@context\":\"https:\/\/schema.org\",\"@graph\":[{\"@type\":\"WebPage\",\"@id\":\"https:\/\/vrtec-litija.si\/gricek\/\",\"url\":\"https:\/\/vrtec-litija.si\/gricek\/\",\"name\":\"Predstavitev - Enota Gricek\",\"isPartOf\":{\"@id\":\"https:\/\/vrtec-litija.si\/gricek\/#website\"},\"datePublished\":\"2012-11-18T14:02:05+00:00\",\"dateModified\":\"2021-02-11T05:32:36+00:00\",\"inLanguage\":\"sl-SI\",\"potentialAction\":[{\"@type\":\"ReadAction\",\"target\":[\"https:\/\/vrtec-litija.si\/gricek\/\"]}]},{\"@type\":\"WebSite\",\"@id\":\"https:\/\/vrtec-litija.si\/gricek\/#website\",\"url\":\"https:\/\/vrtec-litija.si\/gricek\/\",\"name\":\"Enota Gricek\",\"description\":\"Vrtec Litija Gricek\",\"publisher\":{\"@id\":\"https:\/\/vrtec-litija.si\/gricek\/#organization\"},\"potentialAction\":[{\"@type\":\"SearchAction\",\"target\":{\"@type\":\"EntryPoint\",\"urlTemplate\":\"https:\/\/vrtec-litija.si\/gricek\/?s={search_term_string}\"},\"query-input\":\"required name=search_term_string\"}],\"inLanguage\":\"sl-SI\"},{\"@type\":\"Organization\",\"@id\":\"https:\/\/vrtec-litija.si\/gricek\/#organization\",\"name\":\"Vrtec Litija - Enota Gri\u010dek\",\"url\":\"https:\/\/vrtec-litija.si\/gricek\/\",\"logo\":{\"@type\":\"ImageObject\",\"inLanguage\":\"sl-SI\",\"@id\":\"https:\/\/vrtec-litija.si\/gricek\/#\/schema\/logo\/image\/\",\"url\":\"https:\/\/vrtec-litija.si\/gricek\/wp-content\/uploads\/sites\/10\/2021\/01\/vrtec-litija-logo.png\",\"contentUrl\":\"https:\/\/vrtec-litija.si\/gricek\/wp-content\/uploads\/sites\/10\/2021\/01\/vrtec-litija-logo.png\",\"width\":300,\"height\":298,\"caption\":\"Vrtec Litija - Enota Gri\u010dek\"},\"image\":{\"@id\":\"https:\/\/vrtec-litija.si\/gricek\/#\/schema\/logo\/image\/\"}}]}<\/script>\n<!-- \/ Yoast SEO plugin. -->","yoast_head_json":{"title":"Predstavitev - Enota Gricek","robots":{"index":"index","follow":"follow","max-snippet":"max-snippet:-1","max-image-preview":"max-image-preview:large","max-video-preview":"max-video-preview:-1"},"canonical":"https:\/\/vrtec-litija.si\/gricek\/","og_locale":"sl_SI","og_type":"article","og_title":"Predstavitev - Enota Gricek","og_description":"Enota Gri\u010dek Partizanska pot 21 1270 LitijaTelefon: 01 896 25 42E-naslov:\u00a0gricek@vrtec-litija.si Vodja enote: Renata Mlinar Na hrib\u010dku, nedale\u010d od mesta, v prijetnem naselju zasebnih hi\u0161, stoji vrtec Gri\u010dek. V enoti delujeta dva oddelka, kombiniran oddelek (od 1 do 4 let stari otroci) in heterogeni oddelek (od 4 do 6 let stari otroci). Prostori so svetli ...","og_url":"https:\/\/vrtec-litija.si\/gricek\/","og_site_name":"Enota Gricek","article_modified_time":"2021-02-11T05:32:36+00:00","og_image":[{"url":"https:\/\/vrtec-litija.si\/gricek\/wp-content\/uploads\/sites\/10\/2021\/01\/icon-gricek.png"}],"twitter_card":"summary_large_image","twitter_misc":{"Est. reading time":"2 minuti"},"schema":{"@context":"https:\/\/schema.org","@graph":[{"@type":"WebPage","@id":"https:\/\/vrtec-litija.si\/gricek\/","url":"https:\/\/vrtec-litija.si\/gricek\/","name":"Predstavitev - Enota Gricek","isPartOf":{"@id":"https:\/\/vrtec-litija.si\/gricek\/#website"},"datePublished":"2012-11-18T14:02:05+00:00","dateModified":"2021-02-11T05:32:36+00:00","inLanguage":"sl-SI","potentialAction":[{"@type":"ReadAction","target":["https:\/\/vrtec-litija.si\/gricek\/"]}]},{"@type":"WebSite","@id":"https:\/\/vrtec-litija.si\/gricek\/#website","url":"https:\/\/vrtec-litija.si\/gricek\/","name":"Enota Gricek","description":"Vrtec Litija Gricek","publisher":{"@id":"https:\/\/vrtec-litija.si\/gricek\/#organization"},"potentialAction":[{"@type":"SearchAction","target":{"@type":"EntryPoint","urlTemplate":"https:\/\/vrtec-litija.si\/gricek\/?s={search_term_string}"},"query-input":"required name=search_term_string"}],"inLanguage":"sl-SI"},{"@type":"Organization","@id":"https:\/\/vrtec-litija.si\/gricek\/#organization","name":"Vrtec Litija - Enota Gri\u010dek","url":"https:\/\/vrtec-litija.si\/gricek\/","logo":{"@type":"ImageObject","inLanguage":"sl-SI","@id":"https:\/\/vrtec-litija.si\/gricek\/#\/schema\/logo\/image\/","url":"https:\/\/vrtec-litija.si\/gricek\/wp-content\/uploads\/sites\/10\/2021\/01\/vrtec-litija-logo.png","contentUrl":"https:\/\/vrtec-litija.si\/gricek\/wp-content\/uploads\/sites\/10\/2021\/01\/vrtec-litija-logo.png","width":300,"height":298,"caption":"Vrtec Litija - Enota Gri\u010dek"},"image":{"@id":"https:\/\/vrtec-litija.si\/gricek\/#\/schema\/logo\/image\/"}}]}},"_links":{"self":[{"href":"https:\/\/vrtec-litija.si\/gricek\/wp-json\/wp\/v2\/pages\/11"}],"collection":[{"href":"https:\/\/vrtec-litija.si\/gricek\/wp-json\/wp\/v2\/pages"}],"about":[{"href":"https:\/\/vrtec-litija.si\/gricek\/wp-json\/wp\/v2\/types\/page"}],"author":[{"embeddable":true,"href":"https:\/\/vrtec-litija.si\/gricek\/wp-json\/wp\/v2\/users\/1"}],"replies":[{"embeddable":true,"href":"https:\/\/vrtec-litija.si\/gricek\/wp-json\/wp\/v2\/comments?post=11"}],"version-history":[{"count":3,"href":"https:\/\/vrtec-litija.si\/gricek\/wp-json\/wp\/v2\/pages\/11\/revisions"}],"predecessor-version":[{"id":4241,"href":"https:\/\/vrtec-litija.si\/gricek\/wp-json\/wp\/v2\/pages\/11\/revisions\/4241"}],"wp:attachment":[{"href":"https:\/\/vrtec-litija.si\/gricek\/wp-json\/wp\/v2\/media?parent=11"}],"curies":[{"name":"wp","href":"https:\/\/api.w.org\/{rel}","templated":true}]}}